{"id":12124,"date":"2015-04-27T02:14:26","date_gmt":"2015-04-27T02:14:26","guid":{"rendered":"http:\/\/67.222.61.140\/?page_id=12124"},"modified":"2024-02-05T12:16:20","modified_gmt":"2024-02-05T17:16:20","slug":"nasil-calisir","status":"publish","type":"page","link":"https:\/\/www.taxbasket.com\/tr\/nasil-calisir","title":{"rendered":"Nas\u0131l \u00c7al\u0131\u015f\u0131r"},"content":{"rendered":"<p><div class=\"fusion-fullwidth fullwidth-box fusion-builder-row-1 nonhundred-percent-fullwidth non-hundred-percent-height-scrolling\" style=\"--awb-background-position:left top;--awb-border-sizes-top:0px;--awb-border-sizes-bottom:0px;--awb-border-sizes-left:0px;--awb-border-sizes-right:0px;--awb-border-radius-top-left:0px;--awb-border-radius-top-right:0px;--awb-border-radius-bottom-right:0px;--awb-border-radius-bottom-left:0px;--awb-padding-top:20px;--awb-padding-right:0px;--awb-padding-bottom:20px;--awb-padding-left:0px;--awb-flex-wrap:wrap;\" ><div class=\"fusion-builder-row fusion-row\"><div class=\"fusion-layout-column fusion_builder_column fusion-builder-column-0 fusion_builder_column_2_3 2_3 fusion-two-third fusion-column-first\" style=\"--awb-bg-size:cover;width:65.3333%; margin-right: 4%;\"><div class=\"fusion-column-wrapper fusion-flex-column-wrapper-legacy\"><div class=\"fusion-text fusion-text-1\"><p><span style=\"font-size: 18px;\">T\u00fcm i\u015flemlerinizi online olarak yapt\u0131\u011f\u0131n\u0131z, fakat vergi ofisindeymi\u015f gibi hissettiren <strong>vergi beyannamesi haz\u0131rlama hizmeti<\/strong> sunmaktay\u0131z. TaxBasket\u00a0ile vergi beyan\u0131nda bulunmak <strong>3 basit ad\u0131mda ger\u00e7ekle\u015fir<\/strong><\/span><\/p>\n<\/div><div class=\"fusion-clearfix\"><\/div><\/div><\/div><div class=\"fusion-layout-column fusion_builder_column fusion-builder-column-1 fusion_builder_column_1_3 1_3 fusion-one-third fusion-column-last\" style=\"--awb-bg-size:cover;width:30.6666%;\"><div class=\"fusion-column-wrapper fusion-flex-column-wrapper-legacy\"><div class=\"fusion-align-block\"><a class=\"fusion-button button-flat button-xlarge button-custom fusion-button-default button-1 fusion-button-span-yes fusion-button-default-type\" style=\"--button_accent_color:#7849ff;--button_border_color:#7849ff;--button_accent_hover_color:#7849ff;--button_border_hover_color:#7849ff;--button_border_width-top:1px;--button_border_width-right:1px;--button_border_width-bottom:1px;--button_border_width-left:1px;--button_gradient_top_color:#ffffff;--button_gradient_bottom_color:#ffffff;--button_gradient_top_color_hover:#ffffff;--button_gradient_bottom_color_hover:#ffffff;\" target=\"_self\" href=\"\/tr\/formlar\"><span class=\"fusion-button-text awb-button__text awb-button__text--default\">BUG\u00dcN BA\u015eLAYIN<\/span><\/a><\/div><div class=\"fusion-clearfix\"><\/div><\/div><\/div><div class=\"fusion-layout-column fusion_builder_column fusion-builder-column-2 fusion_builder_column_1_1 1_1 fusion-one-full fusion-column-first fusion-column-last fusion-column-no-min-height\" style=\"--awb-bg-size:cover;--awb-margin-bottom:0px;\"><div class=\"fusion-column-wrapper fusion-flex-column-wrapper-legacy\"><div class=\"fusion-sep-clear\"><\/div><div class=\"fusion-separator fusion-full-width-sep\" style=\"margin-left: auto;margin-right: auto;margin-bottom:20px;width:100%;\"><div class=\"fusion-separator-border sep-single sep-dotted\" style=\"--awb-height:20px;--awb-amount:20px;border-color:#e0dede;border-top-width:1px;\"><\/div><\/div><div class=\"fusion-sep-clear\"><\/div><div class=\"fusion-clearfix\"><\/div><\/div><\/div><div class=\"fusion-layout-column fusion_builder_column fusion-builder-column-3 fusion_builder_column_1_3 1_3 fusion-one-third fusion-column-first\" style=\"--awb-bg-size:cover;width:30.6666%; margin-right: 4%;\"><div class=\"fusion-column-wrapper fusion-flex-column-wrapper-legacy\"><div class=\"fusion-image-element in-legacy-container\" style=\"--awb-caption-title-font-family:var(--h2_typography-font-family);--awb-caption-title-font-weight:var(--h2_typography-font-weight);--awb-caption-title-font-style:var(--h2_typography-font-style);--awb-caption-title-size:var(--h2_typography-font-size);--awb-caption-title-transform:var(--h2_typography-text-transform);--awb-caption-title-line-height:var(--h2_typography-line-height);--awb-caption-title-letter-spacing:var(--h2_typography-letter-spacing);\"><span class=\" fusion-imageframe imageframe-none imageframe-1 hover-type-none\"><img decoding=\"async\" width=\"300\" height=\"214\" src=\"https:\/\/www.taxbasket.com\/wp-content\/uploads\/2016\/10\/how-it-works-new-tr-1-300x214.png\" alt class=\"img-responsive wp-image-13007\" srcset=\"https:\/\/www.taxbasket.com\/wp-content\/uploads\/2016\/10\/how-it-works-new-tr-1-200x143.png 200w, https:\/\/www.taxbasket.com\/wp-content\/uploads\/2016\/10\/how-it-works-new-tr-1.png 350w\" sizes=\"(max-width: 991px) 100vw, 300px\" \/><\/span><\/div><div class=\"fusion-sep-clear\"><\/div><div class=\"fusion-separator fusion-full-width-sep\" style=\"margin-left: auto;margin-right: auto;margin-bottom:20px;width:100%;\"><\/div><div class=\"fusion-sep-clear\"><\/div><div class=\"fusion-text fusion-text-2\"><p>Online formlar\u0131m\u0131z arac\u0131l\u0131\u011f\u0131yla dakikalar i\u00e7erisinde <strong>vergi bilgilerinizi bize g\u00f6nderin<\/strong>. Gelir ve gider evraklar\u0131n\u0131z\u0131 forma y\u00fckleyebilir ( W-2, 1099s veya 1098 vs. ) veya ayr\u0131ca e-mail veya fax yoluyla g\u00f6nderebilirsiniz.<\/p>\n<\/div><div class=\"fusion-clearfix\"><\/div><\/div><\/div><div class=\"fusion-layout-column fusion_builder_column fusion-builder-column-4 fusion_builder_column_1_3 1_3 fusion-one-third\" style=\"--awb-bg-size:cover;width:30.6666%; margin-right: 4%;\"><div class=\"fusion-column-wrapper fusion-flex-column-wrapper-legacy\"><div class=\"fusion-image-element in-legacy-container\" style=\"--awb-caption-title-font-family:var(--h2_typography-font-family);--awb-caption-title-font-weight:var(--h2_typography-font-weight);--awb-caption-title-font-style:var(--h2_typography-font-style);--awb-caption-title-size:var(--h2_typography-font-size);--awb-caption-title-transform:var(--h2_typography-text-transform);--awb-caption-title-line-height:var(--h2_typography-line-height);--awb-caption-title-letter-spacing:var(--h2_typography-letter-spacing);\"><span class=\" fusion-imageframe imageframe-none imageframe-2 hover-type-none\"><img decoding=\"async\" width=\"300\" height=\"214\" src=\"https:\/\/www.taxbasket.com\/wp-content\/uploads\/2016\/10\/how-it-works-new-tr-2-300x214.png\" alt class=\"img-responsive wp-image-13008\" srcset=\"https:\/\/www.taxbasket.com\/wp-content\/uploads\/2016\/10\/how-it-works-new-tr-2-200x143.png 200w, https:\/\/www.taxbasket.com\/wp-content\/uploads\/2016\/10\/how-it-works-new-tr-2.png 350w\" sizes=\"(max-width: 991px) 100vw, 300px\" \/><\/span><\/div><div class=\"fusion-sep-clear\"><\/div><div class=\"fusion-separator fusion-full-width-sep\" style=\"margin-left: auto;margin-right: auto;margin-bottom:20px;width:100%;\"><\/div><div class=\"fusion-sep-clear\"><\/div><div class=\"fusion-text fusion-text-3\"><p>T\u00fcm vergi formlar\u0131n\u0131z\u0131 <strong>biz haz\u0131rlarken<\/strong> arkan\u0131za yaslan\u0131p rahatlay\u0131n. Gerekli olabilecek ek bilgi veya belgeler konusunda m\u00fc\u015fteri temsilcilerimiz sizinle irtibata ge\u00e7ecektir.<\/p>\n<\/div><div class=\"fusion-clearfix\"><\/div><\/div><\/div><div class=\"fusion-layout-column fusion_builder_column fusion-builder-column-5 fusion_builder_column_1_3 1_3 fusion-one-third fusion-column-last\" style=\"--awb-bg-size:cover;width:30.6666%;\"><div class=\"fusion-column-wrapper fusion-flex-column-wrapper-legacy\"><div class=\"fusion-image-element in-legacy-container\" style=\"--awb-caption-title-font-family:var(--h2_typography-font-family);--awb-caption-title-font-weight:var(--h2_typography-font-weight);--awb-caption-title-font-style:var(--h2_typography-font-style);--awb-caption-title-size:var(--h2_typography-font-size);--awb-caption-title-transform:var(--h2_typography-text-transform);--awb-caption-title-line-height:var(--h2_typography-line-height);--awb-caption-title-letter-spacing:var(--h2_typography-letter-spacing);\"><span class=\" fusion-imageframe imageframe-none imageframe-3 hover-type-none\"><img decoding=\"async\" width=\"300\" height=\"214\" src=\"https:\/\/www.taxbasket.com\/wp-content\/uploads\/2016\/10\/how-it-works-new-tr-3-300x214.png\" alt class=\"img-responsive wp-image-13009\" srcset=\"https:\/\/www.taxbasket.com\/wp-content\/uploads\/2016\/10\/how-it-works-new-tr-3-200x143.png 200w, https:\/\/www.taxbasket.com\/wp-content\/uploads\/2016\/10\/how-it-works-new-tr-3.png 350w\" sizes=\"(max-width: 991px) 100vw, 300px\" \/><\/span><\/div><div class=\"fusion-sep-clear\"><\/div><div class=\"fusion-separator fusion-full-width-sep\" style=\"margin-left: auto;margin-right: auto;margin-bottom:20px;width:100%;\"><\/div><div class=\"fusion-sep-clear\"><\/div><div class=\"fusion-text fusion-text-4\"><p>Vergi formlar\u0131n\u0131z beyan i\u00e7in haz\u0131r. Hizmet \u00fccretinizi \u00f6deyin ve formlar\u0131n\u0131z\u0131 onaylay\u0131n. Bu ad\u0131mda vergi <strong>beyan i\u015fleminiz tamamd\u0131r<\/strong>.<\/p>\n<\/div><div class=\"fusion-clearfix\"><\/div><\/div><\/div><\/div><\/div><\/p>\n","protected":false},"excerpt":{"rendered":"","protected":false},"author":1,"featured_media":0,"parent":0,"menu_order":0,"comment_status":"open","ping_status":"closed","template":"","meta":{"_monsterinsights_skip_tracking":false,"_monsterinsights_sitenote_active":false,"_monsterinsights_sitenote_note":"","_monsterinsights_sitenote_category":0,"footnotes":""},"class_list":["post-12124","page","type-page","status-publish","hentry"],"yoast_head":"<!-- This site is optimized with the Yoast SEO plugin v27.2 - https:\/\/yoast.com\/product\/yoast-seo-wordpress\/ -->\n<title>Nas\u0131l \u00c7al\u0131\u015f\u0131r<\/title>\n<meta name=\"robots\" content=\"index, follow, max-snippet:-1, max-image-preview:large, max-video-preview:-1\" \/>\n<link rel=\"canonical\" href=\"https:\/\/www.taxbasket.com\/tr\/nasil-calisir\" \/>\n<meta property=\"og:locale\" content=\"en_US\" \/>\n<meta property=\"og:type\" content=\"article\" \/>\n<meta property=\"og:title\" content=\"Nas\u0131l \u00c7al\u0131\u015f\u0131r\" \/>\n<meta property=\"og:url\" content=\"https:\/\/www.taxbasket.com\/tr\/nasil-calisir\" \/>\n<meta property=\"og:site_name\" content=\"TaxBasket\" \/>\n<meta property=\"article:modified_time\" content=\"2024-02-05T17:16:20+00:00\" \/>\n<meta property=\"og:image\" content=\"https:\/\/www.taxbasket.com\/wp-content\/uploads\/2016\/10\/how-it-works-new-tr-1-300x214.png\" \/>\n<meta name=\"twitter:card\" content=\"summary_large_image\" \/>\n<meta name=\"twitter:label1\" content=\"Est. reading time\" \/>\n\t<meta name=\"twitter:data1\" content=\"1 minute\" \/>\n<script type=\"application\/ld+json\" class=\"yoast-schema-graph\">{\"@context\":\"https:\/\/schema.org\",\"@graph\":[{\"@type\":\"WebPage\",\"@id\":\"https:\/\/www.taxbasket.com\/tr\/nasil-calisir\",\"url\":\"https:\/\/www.taxbasket.com\/tr\/nasil-calisir\",\"name\":\"Nas\u0131l \u00c7al\u0131\u015f\u0131r\",\"isPartOf\":{\"@id\":\"https:\/\/www.taxbasket.com\/#website\"},\"primaryImageOfPage\":{\"@id\":\"https:\/\/www.taxbasket.com\/tr\/nasil-calisir#primaryimage\"},\"image\":{\"@id\":\"https:\/\/www.taxbasket.com\/tr\/nasil-calisir#primaryimage\"},\"thumbnailUrl\":\"https:\/\/www.taxbasket.com\/wp-content\/uploads\/2016\/10\/how-it-works-new-tr-1-300x214.png\",\"datePublished\":\"2015-04-27T02:14:26+00:00\",\"dateModified\":\"2024-02-05T17:16:20+00:00\",\"breadcrumb\":{\"@id\":\"https:\/\/www.taxbasket.com\/tr\/nasil-calisir#breadcrumb\"},\"inLanguage\":\"Avada-tr-TR\",\"potentialAction\":[{\"@type\":\"ReadAction\",\"target\":[\"https:\/\/www.taxbasket.com\/tr\/nasil-calisir\"]}]},{\"@type\":\"ImageObject\",\"inLanguage\":\"Avada-tr-TR\",\"@id\":\"https:\/\/www.taxbasket.com\/tr\/nasil-calisir#primaryimage\",\"url\":\"https:\/\/www.taxbasket.com\/wp-content\/uploads\/2016\/10\/how-it-works-new-tr-1-300x214.png\",\"contentUrl\":\"https:\/\/www.taxbasket.com\/wp-content\/uploads\/2016\/10\/how-it-works-new-tr-1-300x214.png\"},{\"@type\":\"BreadcrumbList\",\"@id\":\"https:\/\/www.taxbasket.com\/tr\/nasil-calisir#breadcrumb\",\"itemListElement\":[{\"@type\":\"ListItem\",\"position\":1,\"name\":\"Home\",\"item\":\"https:\/\/www.taxbasket.com\/tr\"},{\"@type\":\"ListItem\",\"position\":2,\"name\":\"Nas\u0131l \u00c7al\u0131\u015f\u0131r\"}]},{\"@type\":\"WebSite\",\"@id\":\"https:\/\/www.taxbasket.com\/#website\",\"url\":\"https:\/\/www.taxbasket.com\/\",\"name\":\"TaxBasket\",\"description\":\"Your Tax Office Online!\",\"publisher\":{\"@id\":\"https:\/\/www.taxbasket.com\/#organization\"},\"potentialAction\":[{\"@type\":\"SearchAction\",\"target\":{\"@type\":\"EntryPoint\",\"urlTemplate\":\"https:\/\/www.taxbasket.com\/?s={search_term_string}\"},\"query-input\":{\"@type\":\"PropertyValueSpecification\",\"valueRequired\":true,\"valueName\":\"search_term_string\"}}],\"inLanguage\":\"Avada-tr-TR\"},{\"@type\":\"Organization\",\"@id\":\"https:\/\/www.taxbasket.com\/#organization\",\"name\":\"TaxBasket\",\"url\":\"https:\/\/www.taxbasket.com\/\",\"logo\":{\"@type\":\"ImageObject\",\"inLanguage\":\"Avada-tr-TR\",\"@id\":\"https:\/\/www.taxbasket.com\/#\/schema\/logo\/image\/\",\"url\":\"https:\/\/www.taxbasket.com\/wp-content\/uploads\/2017\/11\/tb-logo-2x.png\",\"contentUrl\":\"https:\/\/www.taxbasket.com\/wp-content\/uploads\/2017\/11\/tb-logo-2x.png\",\"width\":380,\"height\":100,\"caption\":\"TaxBasket\"},\"image\":{\"@id\":\"https:\/\/www.taxbasket.com\/#\/schema\/logo\/image\/\"}}]}<\/script>\n<!-- \/ Yoast SEO plugin. -->","yoast_head_json":{"title":"Nas\u0131l \u00c7al\u0131\u015f\u0131r","robots":{"index":"index","follow":"follow","max-snippet":"max-snippet:-1","max-image-preview":"max-image-preview:large","max-video-preview":"max-video-preview:-1"},"canonical":"https:\/\/www.taxbasket.com\/tr\/nasil-calisir","og_locale":"en_US","og_type":"article","og_title":"Nas\u0131l \u00c7al\u0131\u015f\u0131r","og_url":"https:\/\/www.taxbasket.com\/tr\/nasil-calisir","og_site_name":"TaxBasket","article_modified_time":"2024-02-05T17:16:20+00:00","og_image":[{"url":"https:\/\/www.taxbasket.com\/wp-content\/uploads\/2016\/10\/how-it-works-new-tr-1-300x214.png","type":"","width":"","height":""}],"twitter_card":"summary_large_image","twitter_misc":{"Est. reading time":"1 minute"},"schema":{"@context":"https:\/\/schema.org","@graph":[{"@type":"WebPage","@id":"https:\/\/www.taxbasket.com\/tr\/nasil-calisir","url":"https:\/\/www.taxbasket.com\/tr\/nasil-calisir","name":"Nas\u0131l \u00c7al\u0131\u015f\u0131r","isPartOf":{"@id":"https:\/\/www.taxbasket.com\/#website"},"primaryImageOfPage":{"@id":"https:\/\/www.taxbasket.com\/tr\/nasil-calisir#primaryimage"},"image":{"@id":"https:\/\/www.taxbasket.com\/tr\/nasil-calisir#primaryimage"},"thumbnailUrl":"https:\/\/www.taxbasket.com\/wp-content\/uploads\/2016\/10\/how-it-works-new-tr-1-300x214.png","datePublished":"2015-04-27T02:14:26+00:00","dateModified":"2024-02-05T17:16:20+00:00","breadcrumb":{"@id":"https:\/\/www.taxbasket.com\/tr\/nasil-calisir#breadcrumb"},"inLanguage":"Avada-tr-TR","potentialAction":[{"@type":"ReadAction","target":["https:\/\/www.taxbasket.com\/tr\/nasil-calisir"]}]},{"@type":"ImageObject","inLanguage":"Avada-tr-TR","@id":"https:\/\/www.taxbasket.com\/tr\/nasil-calisir#primaryimage","url":"https:\/\/www.taxbasket.com\/wp-content\/uploads\/2016\/10\/how-it-works-new-tr-1-300x214.png","contentUrl":"https:\/\/www.taxbasket.com\/wp-content\/uploads\/2016\/10\/how-it-works-new-tr-1-300x214.png"},{"@type":"BreadcrumbList","@id":"https:\/\/www.taxbasket.com\/tr\/nasil-calisir#breadcrumb","itemListElement":[{"@type":"ListItem","position":1,"name":"Home","item":"https:\/\/www.taxbasket.com\/tr"},{"@type":"ListItem","position":2,"name":"Nas\u0131l \u00c7al\u0131\u015f\u0131r"}]},{"@type":"WebSite","@id":"https:\/\/www.taxbasket.com\/#website","url":"https:\/\/www.taxbasket.com\/","name":"TaxBasket","description":"Your Tax Office Online!","publisher":{"@id":"https:\/\/www.taxbasket.com\/#organization"},"potentialAction":[{"@type":"SearchAction","target":{"@type":"EntryPoint","urlTemplate":"https:\/\/www.taxbasket.com\/?s={search_term_string}"},"query-input":{"@type":"PropertyValueSpecification","valueRequired":true,"valueName":"search_term_string"}}],"inLanguage":"Avada-tr-TR"},{"@type":"Organization","@id":"https:\/\/www.taxbasket.com\/#organization","name":"TaxBasket","url":"https:\/\/www.taxbasket.com\/","logo":{"@type":"ImageObject","inLanguage":"Avada-tr-TR","@id":"https:\/\/www.taxbasket.com\/#\/schema\/logo\/image\/","url":"https:\/\/www.taxbasket.com\/wp-content\/uploads\/2017\/11\/tb-logo-2x.png","contentUrl":"https:\/\/www.taxbasket.com\/wp-content\/uploads\/2017\/11\/tb-logo-2x.png","width":380,"height":100,"caption":"TaxBasket"},"image":{"@id":"https:\/\/www.taxbasket.com\/#\/schema\/logo\/image\/"}}]}},"_links":{"self":[{"href":"https:\/\/www.taxbasket.com\/tr\/wp-json\/wp\/v2\/pages\/12124","targetHints":{"allow":["GET"]}}],"collection":[{"href":"https:\/\/www.taxbasket.com\/tr\/wp-json\/wp\/v2\/pages"}],"about":[{"href":"https:\/\/www.taxbasket.com\/tr\/wp-json\/wp\/v2\/types\/page"}],"author":[{"embeddable":true,"href":"https:\/\/www.taxbasket.com\/tr\/wp-json\/wp\/v2\/users\/1"}],"replies":[{"embeddable":true,"href":"https:\/\/www.taxbasket.com\/tr\/wp-json\/wp\/v2\/comments?post=12124"}],"version-history":[{"count":5,"href":"https:\/\/www.taxbasket.com\/tr\/wp-json\/wp\/v2\/pages\/12124\/revisions"}],"predecessor-version":[{"id":21854,"href":"https:\/\/www.taxbasket.com\/tr\/wp-json\/wp\/v2\/pages\/12124\/revisions\/21854"}],"wp:attachment":[{"href":"https:\/\/www.taxbasket.com\/tr\/wp-json\/wp\/v2\/media?parent=12124"}],"curies":[{"name":"wp","href":"https:\/\/api.w.org\/{rel}","templated":true}]}}