{"id":12147,"date":"2015-04-23T04:52:23","date_gmt":"2015-04-23T04:52:23","guid":{"rendered":"http:\/\/67.222.61.140\/individual-tax-preparation-2"},"modified":"2019-01-08T14:53:56","modified_gmt":"2019-01-08T19:53:56","slug":"bireysel-vergi-beyani","status":"publish","type":"page","link":"https:\/\/www.taxbasket.com\/tr\/bireysel-vergi-beyani","title":{"rendered":"Bireysel Vergi Beyan\u0131"},"content":{"rendered":"<div class=\"fusion-fullwidth fullwidth-box fusion-builder-row-1 hundred-percent-fullwidth non-hundred-percent-height-scrolling\" style=\"--awb-border-radius-top-left:0px;--awb-border-radius-top-right:0px;--awb-border-radius-bottom-right:0px;--awb-border-radius-bottom-left:0px;--awb-overflow:visible;--awb-flex-wrap:wrap;\" ><div class=\"fusion-builder-row fusion-row\"><div class=\"fusion-layout-column fusion_builder_column fusion-builder-column-0 fusion_builder_column_1_1 1_1 fusion-one-full fusion-column-first fusion-column-last fusion-column-no-min-height\" style=\"--awb-bg-size:cover;--awb-margin-bottom:0px;\"><div class=\"fusion-column-wrapper fusion-flex-column-wrapper-legacy\"><div class=\"fusion-title title fusion-title-1 fusion-sep-none fusion-title-text fusion-title-size-two\"><h2 class=\"fusion-title-heading title-heading-left\" style=\"margin:0;\"><strong>Bireysel Gelir Vergisi Beyan Hizmeti<\/strong><\/h2><\/div><div class=\"fusion-clearfix\"><\/div><\/div><\/div><div class=\"fusion-layout-column fusion_builder_column fusion-builder-column-1 fusion_builder_column_1_2 1_2 fusion-one-half fusion-column-first\" style=\"--awb-bg-size:cover;width:48%; margin-right: 4%;\"><div class=\"fusion-column-wrapper fusion-flex-column-wrapper-legacy\"><div class=\"fusion-text fusion-text-1\"><p>ABD Bireysel Gelir Vergisi i\u00e7in beyanname haz\u0131rlama hizmetleri<\/p>\n<ul>\n<li><strong>Yaz\u0131l\u0131m de\u011fil, biz haz\u0131rl\u0131yoruz<\/strong><\/li>\n<li><strong>\u00dclke \u00e7ap\u0131nda (50 eyalete) hizmet<\/strong><\/li>\n<li><strong>Kullan\u0131m\u0131 kolay ve t\u00fcrk\u00e7e online formlar<\/strong><\/li>\n<li><strong>\u00dccretsiz e-beyan<\/strong><\/li>\n<li><strong>Eyalet beyannameleri<\/strong><\/li>\n<\/ul>\n<\/div><div class=\"fusion-sep-clear\"><\/div><div class=\"fusion-separator fusion-full-width-sep\" style=\"margin-left: auto;margin-right: auto;margin-top:10px;width:100%;\"><\/div><div class=\"fusion-sep-clear\"><\/div><div class=\"fusion-aligncenter\"><a class=\"fusion-button button-flat button-xlarge button-default fusion-button-default button-1 fusion-button-default-span fusion-button-default-type\" style=\"--button-border-radius-top-left:2px;--button-border-radius-top-right:2px;--button-border-radius-bottom-right:2px;--button-border-radius-bottom-left:2px;\" target=\"_self\" href=\"\/tr\/formlar\"><span class=\"fusion-button-text awb-button__text awb-button__text--default\">\u015e\u0130MD\u0130 BA\u015eLA<\/span><\/a><\/div><div class=\"fusion-clearfix\"><\/div><\/div><\/div><div class=\"fusion-layout-column fusion_builder_column fusion-builder-column-2 fusion_builder_column_1_2 1_2 fusion-one-half fusion-column-last\" style=\"--awb-bg-position:right top;--awb-bg-size:cover;width:48%;\"><div class=\"fusion-column-wrapper fusion-flex-column-wrapper-legacy\"><div class=\"fusion-image-element fusion-no-small-visibility in-legacy-container\" style=\"--awb-caption-title-font-family:var(--h2_typography-font-family);--awb-caption-title-font-weight:var(--h2_typography-font-weight);--awb-caption-title-font-style:var(--h2_typography-font-style);--awb-caption-title-size:var(--h2_typography-font-size);--awb-caption-title-transform:var(--h2_typography-text-transform);--awb-caption-title-line-height:var(--h2_typography-line-height);--awb-caption-title-letter-spacing:var(--h2_typography-letter-spacing);\"><span class=\" fusion-imageframe imageframe-none imageframe-1 hover-type-none fusion-animated\" data-animationType=\"fadeInRight\" data-animationDuration=\"0.5\" data-animationOffset=\"top-into-view\"><img decoding=\"async\" width=\"340\" height=\"252\" alt=\"tax return\" src=\"https:\/\/www.taxbasket.com\/wp-content\/uploads\/2016\/10\/tax-return.png\" class=\"img-responsive wp-image-13014\" srcset=\"https:\/\/www.taxbasket.com\/wp-content\/uploads\/2016\/10\/tax-return-200x148.png 200w, https:\/\/www.taxbasket.com\/wp-content\/uploads\/2016\/10\/tax-return.png 340w\" sizes=\"(max-width: 991px) 100vw, 340px\" \/><\/span><\/div><div class=\"fusion-clearfix\"><\/div><\/div><\/div><div class=\"fusion-layout-column fusion_builder_column fusion-builder-column-3 fusion_builder_column_1_1 1_1 fusion-one-full fusion-column-first fusion-column-last fusion-column-no-min-height\" style=\"--awb-bg-size:cover;--awb-margin-bottom:0px;\"><div class=\"fusion-column-wrapper fusion-flex-column-wrapper-legacy\"><div class=\"fusion-text fusion-text-2\"><p><strong>Vergi beyannamenizi haz\u0131rlatmak i\u00e7in yeni bir alternatif<\/strong><\/p>\n<p>E\u011fer vergi ofisine gitmek i\u00e7in zaman\u0131n\u0131z yoksa ya da vergi beyannamenizi online vergi programlar\u0131yla tek ba\u015f\u0131n\u0131za beyan etmek istemiyorsan\u0131z, do\u011fru yerdesiniz! Online vergi ofisinize ho\u015fgeldiniz. Yapman\u0131z gereken tek \u015fey vergi bilgilerinizi bize g\u00f6ndermek, gerisiyle ilgilenip , vergi formlar\u0131n\u0131z\u0131 biz haz\u0131rl\u0131yoruz.<\/p>\n<p><strong>Avantajlar<\/strong><\/p>\n<ul>\n<li>\u00dclke \u00e7ap\u0131nda (50 eyalet) ve D\u00dcNYA \u00c7APINDA hizmet!<\/li>\n<li>Kafa kar\u0131\u015ft\u0131r\u0131c\u0131 online vergi programlar\u0131na son<\/li>\n<li>T\u00fcm eyalet beyannameleri i\u00e7in hizmet<\/li>\n<li>Gizli \u00fccret yok!<\/li>\n<li>Yurtd\u0131\u015f\u0131nda ya\u015fayan ABD vergi m\u00fckellefleri i\u00e7in \u00e7ok kullan\u0131\u015fl\u0131<\/li>\n<li>Vergi ofisine gitmek istemeyen ki\u015filer i\u00e7in yeni bir alternatif<\/li>\n<\/ul>\n<p><strong>Ne zaman beyan edilir<\/strong><\/p>\n<p>Genelde vergi y\u0131l\u0131 sona erdikten sonraki Nisan 15 itibariyle vergi beyannameniz beyan edilmi\u015f olmal\u0131d\u0131r (\u00d6rne\u011fin; 2014 vergi y\u0131l\u0131 i\u00e7in son beyan s\u00fcresi Nisan 15, 2015&#8217;dir)<\/p>\n<p><strong>Nas\u0131l beyan edilir<\/strong><\/p>\n<p>Bireysel Gelir Vergi \u0130ade formlar\u0131 iki yolla beyan edilebilir<\/p>\n<p>1) E-beyan<br \/>\n2) Ka\u011f\u0131t olarak yerel IRS Hizmet Merkezlerine posta yoluyla<\/p>\n<p>* Vergi bilgisi : Ki\u015fisel beyan bilgileriniz ile t\u00fcm gelir ve gider evraklar\u0131n\u0131z<\/p>\n<\/div><div class=\"fusion-clearfix\"><\/div><\/div><\/div><\/div><\/div>\n","protected":false},"excerpt":{"rendered":"","protected":false},"author":1,"featured_media":0,"parent":0,"menu_order":0,"comment_status":"open","ping_status":"open","template":"","meta":{"_monsterinsights_skip_tracking":false,"_monsterinsights_sitenote_active":false,"_monsterinsights_sitenote_note":"","_monsterinsights_sitenote_category":0,"footnotes":""},"class_list":["post-12147","page","type-page","status-publish","hentry"],"yoast_head":"<!-- This site is optimized with the Yoast SEO plugin v27.2 - https:\/\/yoast.com\/product\/yoast-seo-wordpress\/ -->\n<title>ABD Bireysel Gelir Vergisi i\u00e7in beyanname haz\u0131rlama hizmetleri<\/title>\n<meta name=\"description\" content=\"ABD Bireysel Gelir Vergisi i\u00e7in beyanname haz\u0131rlama hizmetleri\" \/>\n<meta name=\"robots\" content=\"index, follow, max-snippet:-1, max-image-preview:large, max-video-preview:-1\" \/>\n<link rel=\"canonical\" href=\"https:\/\/www.taxbasket.com\/tr\/bireysel-vergi-beyani\" \/>\n<meta property=\"og:locale\" content=\"en_US\" \/>\n<meta property=\"og:type\" content=\"article\" \/>\n<meta property=\"og:title\" content=\"ABD Bireysel Gelir Vergisi i\u00e7in beyanname haz\u0131rlama hizmetleri\" \/>\n<meta property=\"og:description\" content=\"ABD Bireysel Gelir Vergisi i\u00e7in beyanname haz\u0131rlama hizmetleri\" \/>\n<meta property=\"og:url\" content=\"https:\/\/www.taxbasket.com\/tr\/bireysel-vergi-beyani\" \/>\n<meta property=\"og:site_name\" content=\"TaxBasket\" \/>\n<meta property=\"article:modified_time\" content=\"2019-01-08T19:53:56+00:00\" \/>\n<meta name=\"twitter:card\" content=\"summary_large_image\" \/>\n<meta name=\"twitter:label1\" content=\"Est. reading time\" \/>\n\t<meta name=\"twitter:data1\" content=\"3 minutes\" \/>\n<script type=\"application\/ld+json\" class=\"yoast-schema-graph\">{\"@context\":\"https:\/\/schema.org\",\"@graph\":[{\"@type\":\"WebPage\",\"@id\":\"https:\/\/www.taxbasket.com\/tr\/bireysel-vergi-beyani\",\"url\":\"https:\/\/www.taxbasket.com\/tr\/bireysel-vergi-beyani\",\"name\":\"ABD Bireysel Gelir Vergisi i\u00e7in beyanname haz\u0131rlama hizmetleri\",\"isPartOf\":{\"@id\":\"https:\/\/www.taxbasket.com\/#website\"},\"datePublished\":\"2015-04-23T04:52:23+00:00\",\"dateModified\":\"2019-01-08T19:53:56+00:00\",\"description\":\"ABD Bireysel Gelir Vergisi i\u00e7in beyanname haz\u0131rlama hizmetleri\",\"breadcrumb\":{\"@id\":\"https:\/\/www.taxbasket.com\/tr\/bireysel-vergi-beyani#breadcrumb\"},\"inLanguage\":\"Avada-tr-TR\",\"potentialAction\":[{\"@type\":\"ReadAction\",\"target\":[\"https:\/\/www.taxbasket.com\/tr\/bireysel-vergi-beyani\"]}]},{\"@type\":\"BreadcrumbList\",\"@id\":\"https:\/\/www.taxbasket.com\/tr\/bireysel-vergi-beyani#breadcrumb\",\"itemListElement\":[{\"@type\":\"ListItem\",\"position\":1,\"name\":\"Home\",\"item\":\"https:\/\/www.taxbasket.com\/tr\"},{\"@type\":\"ListItem\",\"position\":2,\"name\":\"Bireysel Vergi Beyan\u0131\"}]},{\"@type\":\"WebSite\",\"@id\":\"https:\/\/www.taxbasket.com\/#website\",\"url\":\"https:\/\/www.taxbasket.com\/\",\"name\":\"TaxBasket\",\"description\":\"Your Tax Office Online!\",\"publisher\":{\"@id\":\"https:\/\/www.taxbasket.com\/#organization\"},\"potentialAction\":[{\"@type\":\"SearchAction\",\"target\":{\"@type\":\"EntryPoint\",\"urlTemplate\":\"https:\/\/www.taxbasket.com\/?s={search_term_string}\"},\"query-input\":{\"@type\":\"PropertyValueSpecification\",\"valueRequired\":true,\"valueName\":\"search_term_string\"}}],\"inLanguage\":\"Avada-tr-TR\"},{\"@type\":\"Organization\",\"@id\":\"https:\/\/www.taxbasket.com\/#organization\",\"name\":\"TaxBasket\",\"url\":\"https:\/\/www.taxbasket.com\/\",\"logo\":{\"@type\":\"ImageObject\",\"inLanguage\":\"Avada-tr-TR\",\"@id\":\"https:\/\/www.taxbasket.com\/#\/schema\/logo\/image\/\",\"url\":\"https:\/\/www.taxbasket.com\/wp-content\/uploads\/2017\/11\/tb-logo-2x.png\",\"contentUrl\":\"https:\/\/www.taxbasket.com\/wp-content\/uploads\/2017\/11\/tb-logo-2x.png\",\"width\":380,\"height\":100,\"caption\":\"TaxBasket\"},\"image\":{\"@id\":\"https:\/\/www.taxbasket.com\/#\/schema\/logo\/image\/\"}}]}<\/script>\n<!-- \/ Yoast SEO plugin. -->","yoast_head_json":{"title":"ABD Bireysel Gelir Vergisi i\u00e7in beyanname haz\u0131rlama hizmetleri","description":"ABD Bireysel Gelir Vergisi i\u00e7in beyanname haz\u0131rlama hizmetleri","robots":{"index":"index","follow":"follow","max-snippet":"max-snippet:-1","max-image-preview":"max-image-preview:large","max-video-preview":"max-video-preview:-1"},"canonical":"https:\/\/www.taxbasket.com\/tr\/bireysel-vergi-beyani","og_locale":"en_US","og_type":"article","og_title":"ABD Bireysel Gelir Vergisi i\u00e7in beyanname haz\u0131rlama hizmetleri","og_description":"ABD Bireysel Gelir Vergisi i\u00e7in beyanname haz\u0131rlama hizmetleri","og_url":"https:\/\/www.taxbasket.com\/tr\/bireysel-vergi-beyani","og_site_name":"TaxBasket","article_modified_time":"2019-01-08T19:53:56+00:00","twitter_card":"summary_large_image","twitter_misc":{"Est. reading time":"3 minutes"},"schema":{"@context":"https:\/\/schema.org","@graph":[{"@type":"WebPage","@id":"https:\/\/www.taxbasket.com\/tr\/bireysel-vergi-beyani","url":"https:\/\/www.taxbasket.com\/tr\/bireysel-vergi-beyani","name":"ABD Bireysel Gelir Vergisi i\u00e7in beyanname haz\u0131rlama hizmetleri","isPartOf":{"@id":"https:\/\/www.taxbasket.com\/#website"},"datePublished":"2015-04-23T04:52:23+00:00","dateModified":"2019-01-08T19:53:56+00:00","description":"ABD Bireysel Gelir Vergisi i\u00e7in beyanname haz\u0131rlama hizmetleri","breadcrumb":{"@id":"https:\/\/www.taxbasket.com\/tr\/bireysel-vergi-beyani#breadcrumb"},"inLanguage":"Avada-tr-TR","potentialAction":[{"@type":"ReadAction","target":["https:\/\/www.taxbasket.com\/tr\/bireysel-vergi-beyani"]}]},{"@type":"BreadcrumbList","@id":"https:\/\/www.taxbasket.com\/tr\/bireysel-vergi-beyani#breadcrumb","itemListElement":[{"@type":"ListItem","position":1,"name":"Home","item":"https:\/\/www.taxbasket.com\/tr"},{"@type":"ListItem","position":2,"name":"Bireysel Vergi Beyan\u0131"}]},{"@type":"WebSite","@id":"https:\/\/www.taxbasket.com\/#website","url":"https:\/\/www.taxbasket.com\/","name":"TaxBasket","description":"Your Tax Office Online!","publisher":{"@id":"https:\/\/www.taxbasket.com\/#organization"},"potentialAction":[{"@type":"SearchAction","target":{"@type":"EntryPoint","urlTemplate":"https:\/\/www.taxbasket.com\/?s={search_term_string}"},"query-input":{"@type":"PropertyValueSpecification","valueRequired":true,"valueName":"search_term_string"}}],"inLanguage":"Avada-tr-TR"},{"@type":"Organization","@id":"https:\/\/www.taxbasket.com\/#organization","name":"TaxBasket","url":"https:\/\/www.taxbasket.com\/","logo":{"@type":"ImageObject","inLanguage":"Avada-tr-TR","@id":"https:\/\/www.taxbasket.com\/#\/schema\/logo\/image\/","url":"https:\/\/www.taxbasket.com\/wp-content\/uploads\/2017\/11\/tb-logo-2x.png","contentUrl":"https:\/\/www.taxbasket.com\/wp-content\/uploads\/2017\/11\/tb-logo-2x.png","width":380,"height":100,"caption":"TaxBasket"},"image":{"@id":"https:\/\/www.taxbasket.com\/#\/schema\/logo\/image\/"}}]}},"_links":{"self":[{"href":"https:\/\/www.taxbasket.com\/tr\/wp-json\/wp\/v2\/pages\/12147","targetHints":{"allow":["GET"]}}],"collection":[{"href":"https:\/\/www.taxbasket.com\/tr\/wp-json\/wp\/v2\/pages"}],"about":[{"href":"https:\/\/www.taxbasket.com\/tr\/wp-json\/wp\/v2\/types\/page"}],"author":[{"embeddable":true,"href":"https:\/\/www.taxbasket.com\/tr\/wp-json\/wp\/v2\/users\/1"}],"replies":[{"embeddable":true,"href":"https:\/\/www.taxbasket.com\/tr\/wp-json\/wp\/v2\/comments?post=12147"}],"version-history":[{"count":6,"href":"https:\/\/www.taxbasket.com\/tr\/wp-json\/wp\/v2\/pages\/12147\/revisions"}],"predecessor-version":[{"id":13399,"href":"https:\/\/www.taxbasket.com\/tr\/wp-json\/wp\/v2\/pages\/12147\/revisions\/13399"}],"wp:attachment":[{"href":"https:\/\/www.taxbasket.com\/tr\/wp-json\/wp\/v2\/media?parent=12147"}],"curies":[{"name":"wp","href":"https:\/\/api.w.org\/{rel}","templated":true}]}}