{"id":12188,"date":"2015-04-27T04:53:16","date_gmt":"2015-04-27T04:53:16","guid":{"rendered":"http:\/\/67.222.61.140\/late-filing-2"},"modified":"2019-03-07T22:05:17","modified_gmt":"2019-03-08T03:05:17","slug":"gec-beyan","status":"publish","type":"page","link":"https:\/\/www.taxbasket.com\/tr\/gec-beyan","title":{"rendered":"Ge\u00e7 Beyan"},"content":{"rendered":"<div class=\"fusion-fullwidth fullwidth-box fusion-builder-row-1 hundred-percent-fullwidth non-hundred-percent-height-scrolling\" style=\"--awb-border-radius-top-left:0px;--awb-border-radius-top-right:0px;--awb-border-radius-bottom-right:0px;--awb-border-radius-bottom-left:0px;--awb-overflow:visible;--awb-flex-wrap:wrap;\" ><div class=\"fusion-builder-row fusion-row\"><div class=\"fusion-layout-column fusion_builder_column fusion-builder-column-0 fusion_builder_column_1_1 1_1 fusion-one-full fusion-column-first fusion-column-last fusion-column-no-min-height\" style=\"--awb-bg-size:cover;--awb-margin-bottom:0px;\"><div class=\"fusion-column-wrapper fusion-flex-column-wrapper-legacy\"><div class=\"fusion-title title fusion-title-1 fusion-sep-none fusion-title-text fusion-title-size-two\"><h2 class=\"fusion-title-heading title-heading-left\" style=\"margin:0;\"><strong>Ge\u00e7 Vergi Beyan\u0131<\/strong><\/h2><\/div><div class=\"fusion-clearfix\"><\/div><\/div><\/div><div class=\"fusion-layout-column fusion_builder_column fusion-builder-column-1 fusion_builder_column_1_2 1_2 fusion-one-half fusion-column-first\" style=\"--awb-bg-size:cover;width:48%; margin-right: 4%;\"><div class=\"fusion-column-wrapper fusion-flex-column-wrapper-legacy\"><div class=\"fusion-text fusion-text-1\"><p>Ge\u00e7mi\u015f y\u0131llar i\u00e7in vergi beyannamesi haz\u0131rlama hizmeti. T\u00fcm y\u0131llar i\u00e7in!<\/p>\n<ul>\n<li><strong> Vergi iadenizi isteyin<\/strong><\/li>\n<li><strong> Vergi y\u00fck\u00fcml\u00fcl\u00fcklerinizi yerine getirin<\/strong><\/li>\n<li><strong> Vergi borcunuzu \u00f6deyin<\/strong><\/li>\n<li><strong> Daha fazla faiz \u00f6demenin \u00f6n\u00fcne ge\u00e7in<\/strong><\/li>\n<li><strong> T\u00fcm eyalet formlar\u0131 mevcut<\/strong><\/li>\n<\/ul>\n<\/div><div class=\"fusion-sep-clear\"><\/div><div class=\"fusion-separator fusion-full-width-sep\" style=\"margin-left: auto;margin-right: auto;margin-top:10px;width:100%;\"><\/div><div class=\"fusion-sep-clear\"><\/div><div class=\"fusion-aligncenter\"><a class=\"fusion-button button-flat button-xlarge button-default fusion-button-default button-1 fusion-button-default-span fusion-button-default-type\" style=\"--button-border-radius-top-left:2px;--button-border-radius-top-right:2px;--button-border-radius-bottom-right:2px;--button-border-radius-bottom-left:2px;\" target=\"_self\" href=\"\/tr\/formlar\"><span class=\"fusion-button-text awb-button__text awb-button__text--default\">\u015e\u0130MD\u0130 BA\u015eLA<\/span><\/a><\/div><div class=\"fusion-clearfix\"><\/div><\/div><\/div><div class=\"fusion-layout-column fusion_builder_column fusion-builder-column-2 fusion_builder_column_1_2 1_2 fusion-one-half fusion-column-last\" style=\"--awb-bg-position:right top;--awb-bg-size:cover;width:48%;\"><div class=\"fusion-column-wrapper fusion-flex-column-wrapper-legacy\"><div class=\"fusion-image-element fusion-no-small-visibility in-legacy-container\" style=\"--awb-caption-title-font-family:var(--h2_typography-font-family);--awb-caption-title-font-weight:var(--h2_typography-font-weight);--awb-caption-title-font-style:var(--h2_typography-font-style);--awb-caption-title-size:var(--h2_typography-font-size);--awb-caption-title-transform:var(--h2_typography-text-transform);--awb-caption-title-line-height:var(--h2_typography-line-height);--awb-caption-title-letter-spacing:var(--h2_typography-letter-spacing);\"><span class=\" fusion-imageframe imageframe-none imageframe-1 hover-type-none fusion-animated\" data-animationType=\"fadeInRight\" data-animationDuration=\"0.5\" data-animationOffset=\"top-into-view\"><img decoding=\"async\" width=\"340\" height=\"252\" alt=\"gec vergi beyannamesi\" src=\"https:\/\/www.taxbasket.com\/wp-content\/uploads\/2016\/10\/gec-beyanname.png\" class=\"img-responsive wp-image-13003\" srcset=\"https:\/\/www.taxbasket.com\/wp-content\/uploads\/2016\/10\/gec-beyanname-200x148.png 200w, https:\/\/www.taxbasket.com\/wp-content\/uploads\/2016\/10\/gec-beyanname.png 340w\" sizes=\"(max-width: 991px) 100vw, 340px\" \/><\/span><\/div><div class=\"fusion-clearfix\"><\/div><\/div><\/div><div class=\"fusion-layout-column fusion_builder_column fusion-builder-column-3 fusion_builder_column_1_1 1_1 fusion-one-full fusion-column-first fusion-column-last fusion-column-no-min-height\" style=\"--awb-bg-size:cover;--awb-margin-bottom:0px;\"><div class=\"fusion-column-wrapper fusion-flex-column-wrapper-legacy\"><div class=\"fusion-text fusion-text-2\"><p><strong>Vergi beyan\u0131nda bulunmak i\u00e7in hi\u00e7bir zaman ge\u00e7 de\u011fildir<\/strong><\/p>\n<p>Vergi iadesi ya da vergi borcu \u00e7\u0131kmas\u0131na bakmaks\u0131z\u0131n t\u00fcm vergi beyannamelerinizi g\u00f6ndermeniz gerekmektedir. Federal kanun bu \u015fekildedir. Ge\u00e7mi\u015f y\u0131llar i\u00e7in beyanda bulunmak d\u00fc\u015f\u00fcnd\u00fc\u011f\u00fcn\u00fcz kadar zor olmayabilir, yaln\u0131z de\u011filsiniz, size yard\u0131m etmek i\u00e7in buraday\u0131z.<\/p>\n<p>Vergi iadesi al\u0131yorsan\u0131z ge\u00e7 beyanda bulundu\u011funuz i\u00e7in ceza veya faiz \u00f6deme konusunda endi\u015felenmenize gerek yoktur. Buna ra\u011fmen IRS&#8217; ten vergi iadenizi istemek i\u00e7in as\u0131l vergi y\u0131l\u0131n\u0131n son s\u00fcresinden ba\u015flamak \u00fczere \u00fc\u00e7 y\u0131ll\u0131k bir s\u00fcre\u00e7 vard\u0131r. Ge\u00e7 kalmay\u0131n, vergi iadenizi zaman a\u015f\u0131m\u0131na u\u011framadan \u00f6nce isteyin!*<\/p>\n<p><strong>Vergi iadesi veya vergi borcu<\/strong><\/p>\n<p>Vergi formlar\u0131n\u0131z haz\u0131rlanmadan vergi iadesi mi, vergi borcu mu \u00e7\u0131kaca\u011f\u0131n\u0131 bilemezsiniz. Vergi iadesi veya vergi borcu hesaplamas\u0131 konusunda size yard\u0131mc\u0131 olabiliriz. Yakla\u015f\u0131k hesaplama hizmetimiz tamamen \u00fccretsizdir!<\/p>\n<p><strong>Ge\u00e7 beyan, ge\u00e7 \u00f6deme<\/strong><\/p>\n<p>E\u011fer vergi borcunuz varsa, IRS bor\u00e7 miktar\u0131 \u00fczerinden ceza ve faiz hesaplayacakt\u0131r. \u015eartlara g\u00f6re IRS&#8217;e bor\u00e7lu oldu\u011funuz miktar i\u00e7in \u00f6deme plan\u0131 yapmaya hak sahibi olabilirsiniz.<\/p>\n<p><strong>Nas\u0131l beyan edilir<\/strong><\/p>\n<p>Ge\u00e7mi\u015f y\u0131llar\u0131n beyannameleri ka\u011f\u0131t olarak posta yoluyla g\u00f6nderilmektedir. E-beyan s\u00fcresi ge\u00e7memi\u015f y\u0131llar i\u00e7in elektronik beyan da m\u00fcmk\u00fcnd\u00fcr.<\/p>\n<p>*Zaman a\u015f\u0131m\u0131 : \u00d6rne\u011fin, 2015 vergi y\u0131l\u0131n\u0131n beyan i\u00e7in son s\u00fcresi Nisan 15, 2016&#8217;d\u0131r. Bunun \u00fczerine \u00fc\u00e7 y\u0131l ekleyin, 2015 y\u0131l\u0131 vergi iadenizi istemek i\u00e7in Nisan 15, 2019&#8217;a kadar zaman\u0131n\u0131z mevcuttur.<\/p>\n<\/div><div class=\"fusion-clearfix\"><\/div><\/div><\/div><\/div><\/div>\n","protected":false},"excerpt":{"rendered":"","protected":false},"author":1,"featured_media":0,"parent":0,"menu_order":0,"comment_status":"open","ping_status":"open","template":"","meta":{"_monsterinsights_skip_tracking":false,"_monsterinsights_sitenote_active":false,"_monsterinsights_sitenote_note":"","_monsterinsights_sitenote_category":0,"footnotes":""},"class_list":["post-12188","page","type-page","status-publish","hentry"],"yoast_head":"<!-- This site is optimized with the Yoast SEO plugin v27.2 - https:\/\/yoast.com\/product\/yoast-seo-wordpress\/ -->\n<title>Ge\u00e7 Beyan<\/title>\n<meta name=\"robots\" content=\"index, follow, max-snippet:-1, max-image-preview:large, max-video-preview:-1\" \/>\n<link rel=\"canonical\" href=\"https:\/\/www.taxbasket.com\/tr\/gec-beyan\" \/>\n<meta property=\"og:locale\" content=\"en_US\" \/>\n<meta property=\"og:type\" content=\"article\" \/>\n<meta property=\"og:title\" content=\"Ge\u00e7 Beyan\" \/>\n<meta property=\"og:url\" content=\"https:\/\/www.taxbasket.com\/tr\/gec-beyan\" \/>\n<meta property=\"og:site_name\" content=\"TaxBasket\" \/>\n<meta property=\"article:modified_time\" content=\"2019-03-08T03:05:17+00:00\" \/>\n<meta name=\"twitter:card\" content=\"summary_large_image\" \/>\n<meta name=\"twitter:label1\" content=\"Est. reading time\" \/>\n\t<meta name=\"twitter:data1\" content=\"4 minutes\" \/>\n<script type=\"application\/ld+json\" class=\"yoast-schema-graph\">{\"@context\":\"https:\/\/schema.org\",\"@graph\":[{\"@type\":\"WebPage\",\"@id\":\"https:\/\/www.taxbasket.com\/tr\/gec-beyan\",\"url\":\"https:\/\/www.taxbasket.com\/tr\/gec-beyan\",\"name\":\"Ge\u00e7 Beyan\",\"isPartOf\":{\"@id\":\"https:\/\/www.taxbasket.com\/#website\"},\"datePublished\":\"2015-04-27T04:53:16+00:00\",\"dateModified\":\"2019-03-08T03:05:17+00:00\",\"breadcrumb\":{\"@id\":\"https:\/\/www.taxbasket.com\/tr\/gec-beyan#breadcrumb\"},\"inLanguage\":\"Avada-tr-TR\",\"potentialAction\":[{\"@type\":\"ReadAction\",\"target\":[\"https:\/\/www.taxbasket.com\/tr\/gec-beyan\"]}]},{\"@type\":\"BreadcrumbList\",\"@id\":\"https:\/\/www.taxbasket.com\/tr\/gec-beyan#breadcrumb\",\"itemListElement\":[{\"@type\":\"ListItem\",\"position\":1,\"name\":\"Home\",\"item\":\"https:\/\/www.taxbasket.com\/tr\"},{\"@type\":\"ListItem\",\"position\":2,\"name\":\"Ge\u00e7 Beyan\"}]},{\"@type\":\"WebSite\",\"@id\":\"https:\/\/www.taxbasket.com\/#website\",\"url\":\"https:\/\/www.taxbasket.com\/\",\"name\":\"TaxBasket\",\"description\":\"Your Tax Office Online!\",\"publisher\":{\"@id\":\"https:\/\/www.taxbasket.com\/#organization\"},\"potentialAction\":[{\"@type\":\"SearchAction\",\"target\":{\"@type\":\"EntryPoint\",\"urlTemplate\":\"https:\/\/www.taxbasket.com\/?s={search_term_string}\"},\"query-input\":{\"@type\":\"PropertyValueSpecification\",\"valueRequired\":true,\"valueName\":\"search_term_string\"}}],\"inLanguage\":\"Avada-tr-TR\"},{\"@type\":\"Organization\",\"@id\":\"https:\/\/www.taxbasket.com\/#organization\",\"name\":\"TaxBasket\",\"url\":\"https:\/\/www.taxbasket.com\/\",\"logo\":{\"@type\":\"ImageObject\",\"inLanguage\":\"Avada-tr-TR\",\"@id\":\"https:\/\/www.taxbasket.com\/#\/schema\/logo\/image\/\",\"url\":\"https:\/\/www.taxbasket.com\/wp-content\/uploads\/2017\/11\/tb-logo-2x.png\",\"contentUrl\":\"https:\/\/www.taxbasket.com\/wp-content\/uploads\/2017\/11\/tb-logo-2x.png\",\"width\":380,\"height\":100,\"caption\":\"TaxBasket\"},\"image\":{\"@id\":\"https:\/\/www.taxbasket.com\/#\/schema\/logo\/image\/\"}}]}<\/script>\n<!-- \/ Yoast SEO plugin. -->","yoast_head_json":{"title":"Ge\u00e7 Beyan","robots":{"index":"index","follow":"follow","max-snippet":"max-snippet:-1","max-image-preview":"max-image-preview:large","max-video-preview":"max-video-preview:-1"},"canonical":"https:\/\/www.taxbasket.com\/tr\/gec-beyan","og_locale":"en_US","og_type":"article","og_title":"Ge\u00e7 Beyan","og_url":"https:\/\/www.taxbasket.com\/tr\/gec-beyan","og_site_name":"TaxBasket","article_modified_time":"2019-03-08T03:05:17+00:00","twitter_card":"summary_large_image","twitter_misc":{"Est. reading time":"4 minutes"},"schema":{"@context":"https:\/\/schema.org","@graph":[{"@type":"WebPage","@id":"https:\/\/www.taxbasket.com\/tr\/gec-beyan","url":"https:\/\/www.taxbasket.com\/tr\/gec-beyan","name":"Ge\u00e7 Beyan","isPartOf":{"@id":"https:\/\/www.taxbasket.com\/#website"},"datePublished":"2015-04-27T04:53:16+00:00","dateModified":"2019-03-08T03:05:17+00:00","breadcrumb":{"@id":"https:\/\/www.taxbasket.com\/tr\/gec-beyan#breadcrumb"},"inLanguage":"Avada-tr-TR","potentialAction":[{"@type":"ReadAction","target":["https:\/\/www.taxbasket.com\/tr\/gec-beyan"]}]},{"@type":"BreadcrumbList","@id":"https:\/\/www.taxbasket.com\/tr\/gec-beyan#breadcrumb","itemListElement":[{"@type":"ListItem","position":1,"name":"Home","item":"https:\/\/www.taxbasket.com\/tr"},{"@type":"ListItem","position":2,"name":"Ge\u00e7 Beyan"}]},{"@type":"WebSite","@id":"https:\/\/www.taxbasket.com\/#website","url":"https:\/\/www.taxbasket.com\/","name":"TaxBasket","description":"Your Tax Office Online!","publisher":{"@id":"https:\/\/www.taxbasket.com\/#organization"},"potentialAction":[{"@type":"SearchAction","target":{"@type":"EntryPoint","urlTemplate":"https:\/\/www.taxbasket.com\/?s={search_term_string}"},"query-input":{"@type":"PropertyValueSpecification","valueRequired":true,"valueName":"search_term_string"}}],"inLanguage":"Avada-tr-TR"},{"@type":"Organization","@id":"https:\/\/www.taxbasket.com\/#organization","name":"TaxBasket","url":"https:\/\/www.taxbasket.com\/","logo":{"@type":"ImageObject","inLanguage":"Avada-tr-TR","@id":"https:\/\/www.taxbasket.com\/#\/schema\/logo\/image\/","url":"https:\/\/www.taxbasket.com\/wp-content\/uploads\/2017\/11\/tb-logo-2x.png","contentUrl":"https:\/\/www.taxbasket.com\/wp-content\/uploads\/2017\/11\/tb-logo-2x.png","width":380,"height":100,"caption":"TaxBasket"},"image":{"@id":"https:\/\/www.taxbasket.com\/#\/schema\/logo\/image\/"}}]}},"_links":{"self":[{"href":"https:\/\/www.taxbasket.com\/tr\/wp-json\/wp\/v2\/pages\/12188","targetHints":{"allow":["GET"]}}],"collection":[{"href":"https:\/\/www.taxbasket.com\/tr\/wp-json\/wp\/v2\/pages"}],"about":[{"href":"https:\/\/www.taxbasket.com\/tr\/wp-json\/wp\/v2\/types\/page"}],"author":[{"embeddable":true,"href":"https:\/\/www.taxbasket.com\/tr\/wp-json\/wp\/v2\/users\/1"}],"replies":[{"embeddable":true,"href":"https:\/\/www.taxbasket.com\/tr\/wp-json\/wp\/v2\/comments?post=12188"}],"version-history":[{"count":6,"href":"https:\/\/www.taxbasket.com\/tr\/wp-json\/wp\/v2\/pages\/12188\/revisions"}],"predecessor-version":[{"id":14421,"href":"https:\/\/www.taxbasket.com\/tr\/wp-json\/wp\/v2\/pages\/12188\/revisions\/14421"}],"wp:attachment":[{"href":"https:\/\/www.taxbasket.com\/tr\/wp-json\/wp\/v2\/media?parent=12188"}],"curies":[{"name":"wp","href":"https:\/\/api.w.org\/{rel}","templated":true}]}}