{"id":12254,"date":"2015-04-28T16:28:00","date_gmt":"2015-04-28T16:28:00","guid":{"rendered":"http:\/\/67.222.61.140\/?page_id=12254"},"modified":"2019-01-08T14:53:45","modified_gmt":"2019-01-08T19:53:45","slug":"duzeltme-beyani","status":"publish","type":"page","link":"https:\/\/www.taxbasket.com\/tr\/duzeltme-beyani","title":{"rendered":"D\u00fczeltme Beyan\u0131"},"content":{"rendered":"<div class=\"fusion-fullwidth fullwidth-box fusion-builder-row-1 hundred-percent-fullwidth non-hundred-percent-height-scrolling\" style=\"--awb-border-radius-top-left:0px;--awb-border-radius-top-right:0px;--awb-border-radius-bottom-right:0px;--awb-border-radius-bottom-left:0px;--awb-overflow:visible;--awb-flex-wrap:wrap;\" ><div class=\"fusion-builder-row fusion-row\"><div class=\"fusion-layout-column fusion_builder_column fusion-builder-column-0 fusion_builder_column_1_1 1_1 fusion-one-full fusion-column-first fusion-column-last fusion-column-no-min-height\" style=\"--awb-bg-size:cover;--awb-margin-bottom:0px;\"><div class=\"fusion-column-wrapper fusion-flex-column-wrapper-legacy\"><div class=\"fusion-title title fusion-title-1 fusion-sep-none fusion-title-text fusion-title-size-two\"><h2 class=\"fusion-title-heading title-heading-left\" style=\"margin:0;\"><strong>D\u00fczeltme Vergi Beyan\u0131 1040X<\/strong><\/h2><\/div><div class=\"fusion-clearfix\"><\/div><\/div><\/div><div class=\"fusion-layout-column fusion_builder_column fusion-builder-column-1 fusion_builder_column_1_2 1_2 fusion-one-half fusion-column-first\" style=\"--awb-bg-size:cover;width:48%; margin-right: 4%;\"><div class=\"fusion-column-wrapper fusion-flex-column-wrapper-legacy\"><div class=\"fusion-text fusion-text-1\"><p>Vergi beyannamenizdeki eksik veya yanl\u0131\u015f bilgileri d\u00fczeltmek i\u00e7in tekrar beyanda bulunun<\/p>\n<ul>\n<li><strong> Beyan durumunuzu d\u00fczeltin<\/strong><\/li>\n<li><strong> Ek gelir bildirin<\/strong><\/li>\n<li><strong> Gider veya kredi ekleyin veya \u00e7\u0131kar\u0131n<\/strong><\/li>\n<li><strong> Bak\u0131lan ki\u015fi ekleyin veya \u00e7\u0131kar\u0131n<\/strong><\/li>\n<li><strong> Vergi iadenizi isteyin<\/strong><\/li>\n<\/ul>\n<\/div><div class=\"fusion-sep-clear\"><\/div><div class=\"fusion-separator fusion-full-width-sep\" style=\"margin-left: auto;margin-right: auto;margin-top:10px;width:100%;\"><\/div><div class=\"fusion-sep-clear\"><\/div><div class=\"fusion-aligncenter\"><a class=\"fusion-button button-flat button-xlarge button-default fusion-button-default button-1 fusion-button-default-span fusion-button-default-type\" style=\"--button-border-radius-top-left:2px;--button-border-radius-top-right:2px;--button-border-radius-bottom-right:2px;--button-border-radius-bottom-left:2px;\" target=\"_self\" href=\"\/tr\/formlar\"><span class=\"fusion-button-text awb-button__text awb-button__text--default\">\u015e\u0130MD\u0130 BA\u015eLA<\/span><\/a><\/div><div class=\"fusion-clearfix\"><\/div><\/div><\/div><div class=\"fusion-layout-column fusion_builder_column fusion-builder-column-2 fusion_builder_column_1_2 1_2 fusion-one-half fusion-column-last\" style=\"--awb-bg-position:right top;--awb-bg-size:cover;width:48%;\"><div class=\"fusion-column-wrapper fusion-flex-column-wrapper-legacy\"><div class=\"fusion-image-element fusion-no-small-visibility in-legacy-container\" style=\"--awb-caption-title-font-family:var(--h2_typography-font-family);--awb-caption-title-font-weight:var(--h2_typography-font-weight);--awb-caption-title-font-style:var(--h2_typography-font-style);--awb-caption-title-size:var(--h2_typography-font-size);--awb-caption-title-transform:var(--h2_typography-text-transform);--awb-caption-title-line-height:var(--h2_typography-line-height);--awb-caption-title-letter-spacing:var(--h2_typography-letter-spacing);\"><span class=\" fusion-imageframe imageframe-none imageframe-1 hover-type-none fusion-animated\" data-animationType=\"fadeInRight\" data-animationDuration=\"0.5\" data-animationOffset=\"top-into-view\"><img decoding=\"async\" width=\"340\" height=\"252\" alt=\"duzeltme beyannamesi\" src=\"https:\/\/www.taxbasket.com\/wp-content\/uploads\/2016\/10\/duzeltme-beyannamesi.png\" class=\"img-responsive wp-image-13000\" srcset=\"https:\/\/www.taxbasket.com\/wp-content\/uploads\/2016\/10\/duzeltme-beyannamesi-200x148.png 200w, https:\/\/www.taxbasket.com\/wp-content\/uploads\/2016\/10\/duzeltme-beyannamesi.png 340w\" sizes=\"(max-width: 991px) 100vw, 340px\" \/><\/span><\/div><div class=\"fusion-clearfix\"><\/div><\/div><\/div><div class=\"fusion-layout-column fusion_builder_column fusion-builder-column-3 fusion_builder_column_1_1 1_1 fusion-one-full fusion-column-first fusion-column-last fusion-column-no-min-height\" style=\"--awb-bg-size:cover;--awb-margin-bottom:0px;\"><div class=\"fusion-column-wrapper fusion-flex-column-wrapper-legacy\"><div class=\"fusion-text fusion-text-2\"><p><strong>Vergi beyannamenizde bir hataya m\u0131 rastlad\u0131n\u0131z, ya da b\u00fcy\u00fck miktarda bir gider eklemeyi mi unuttunuz?<\/strong><\/p>\n<p>Hatalar\u0131 d\u00fczeltmek ya da ek vergi iadesi istemek i\u00e7in tekrar beyanda bulunabilirsiniz. D\u00fczeltme beyan\u0131nda bulunmak d\u00fc\u015f\u00fcnd\u00fc\u011f\u00fcn\u00fcz kadar zor olmayabilir, yaln\u0131z de\u011filsiniz, size yard\u0131mc\u0131 olmak i\u00e7in buraday\u0131z.<\/p>\n<p><strong>Kimler D\u00fczeltme Beyannamesi g\u00f6ndermelidir?<\/strong><\/p>\n<p>A\u015fa\u011f\u0131dakilerden herhangi biri size uyuyorsa, vergi beyannamenizde d\u00fczeltme yapman\u0131z gerekmektedir.<\/p>\n<ul>\n<li>Beyan durumunda hata yapt\u0131ysan\u0131z<\/li>\n<li>Beyanda bulunduktan sonra elinize vergi formu ula\u015ft\u0131ysa (\u00f6rn; W-2 veya 1099)<\/li>\n<li>\u0130\u015fvereninizden, arac\u0131 veya finansal kurumlardan d\u00fczeltilmi\u015f evrak ald\u0131ysan\u0131z (\u00f6rn; W-2C )<\/li>\n<li>Gelir beyan etmeyi unuttuysan\u0131z<\/li>\n<li>Hak sahibi oldu\u011funuz halde gider veya kredileri iddia etmeyi unuttuysan\u0131z<\/li>\n<li>Hak sahibi olmad\u0131\u011f\u0131n\u0131z halde gider veya kredi iddia ettiyseniz<\/li>\n<li>Bakt\u0131\u011f\u0131n\u0131z bir ki\u015fiyi (dependent) eklemeyi unuttuysan\u0131z<\/li>\n<li>Eklememeniz gereken bir ki\u015fiyi bak\u0131lan ki\u015fi (dependent) olarak g\u00f6sterdiyseniz<\/li>\n<\/ul>\n<p><strong>Ne zaman beyan edilir<\/strong><\/p>\n<p>Hali haz\u0131rda g\u00f6ndermi\u015f oldu\u011funuz as\u0131l vergi beyannamesinden do\u011fan vergi iadenizi almay\u0131 veya vergi borcunuzu \u00f6demi\u015f olmay\u0131 beklemeniz gerekmektedir. D\u00fczeltmesi yap\u0131lacak olan vergi beyannamesinin bir kopyas\u0131n\u0131n sizde oldu\u011fundan emin olun.<\/p>\n<p><strong>D\u00fczeltme yapmak i\u00e7in \u00fc\u00e7 y\u0131l s\u0131n\u0131r\u0131<\/strong><\/p>\n<p>Vergi iadesi i\u00e7in \u00fc\u00e7 y\u0131ll\u0131k zaman a\u015f\u0131m\u0131 s\u00fcresi vard\u0131r. Bu \u00fc\u00e7 y\u0131ll\u0131k s\u00fcre\u00e7 as\u0131l vergi beyannamesini g\u00f6nderdi\u011finiz tarihten itibaren ba\u015flamaktad\u0131r. E\u011fer vergi beyannamenizi Nisan 15&#8217;ten \u00f6nce g\u00f6nderdiyseniz, s\u00fcre\u00e7 Nisan 15&#8217;te ba\u015flar. E\u011fer ek s\u00fcre istediyseniz, \u00fc\u00e7 y\u0131ll\u0131k s\u00fcre\u00e7 Ekim 15&#8217;ten itibaren ba\u015flamaktad\u0131r.<\/p>\n<p><strong>Nas\u0131l beyan edilir<\/strong><\/p>\n<p>D\u00fczeltme beyannameleri ka\u011f\u0131t olarak yerel IRS Hizmet Merkezlerine posta yoluyla g\u00f6nderilmektedir.<\/p>\n<p><strong>L\u00fctfen dikkate al\u0131n:<\/strong>Federal vergi beyannamenizde yap\u0131lan d\u00fczeltme sonucu eyalet vergi y\u00fck\u00fcml\u00fcl\u00fc\u011f\u00fcn\u00fcz etkilenebilir.<\/p>\n<\/div><div class=\"fusion-clearfix\"><\/div><\/div><\/div><\/div><\/div>\n","protected":false},"excerpt":{"rendered":"","protected":false},"author":1,"featured_media":0,"parent":0,"menu_order":0,"comment_status":"open","ping_status":"open","template":"","meta":{"_monsterinsights_skip_tracking":false,"_monsterinsights_sitenote_active":false,"_monsterinsights_sitenote_note":"","_monsterinsights_sitenote_category":0,"footnotes":""},"class_list":["post-12254","page","type-page","status-publish","hentry"],"yoast_head":"<!-- This site is optimized with the Yoast SEO plugin v27.2 - https:\/\/yoast.com\/product\/yoast-seo-wordpress\/ -->\n<title>D\u00fczeltme Beyan\u0131<\/title>\n<meta name=\"robots\" content=\"index, follow, max-snippet:-1, max-image-preview:large, max-video-preview:-1\" \/>\n<link rel=\"canonical\" href=\"https:\/\/www.taxbasket.com\/tr\/duzeltme-beyani\" \/>\n<meta property=\"og:locale\" content=\"en_US\" \/>\n<meta property=\"og:type\" content=\"article\" \/>\n<meta property=\"og:title\" content=\"D\u00fczeltme Beyan\u0131\" \/>\n<meta property=\"og:url\" content=\"https:\/\/www.taxbasket.com\/tr\/duzeltme-beyani\" \/>\n<meta property=\"og:site_name\" content=\"TaxBasket\" \/>\n<meta property=\"article:modified_time\" content=\"2019-01-08T19:53:45+00:00\" \/>\n<meta name=\"twitter:card\" content=\"summary_large_image\" \/>\n<meta name=\"twitter:label1\" content=\"Est. reading time\" \/>\n\t<meta name=\"twitter:data1\" content=\"4 minutes\" \/>\n<script type=\"application\/ld+json\" class=\"yoast-schema-graph\">{\"@context\":\"https:\/\/schema.org\",\"@graph\":[{\"@type\":\"WebPage\",\"@id\":\"https:\/\/www.taxbasket.com\/tr\/duzeltme-beyani\",\"url\":\"https:\/\/www.taxbasket.com\/tr\/duzeltme-beyani\",\"name\":\"D\u00fczeltme Beyan\u0131\",\"isPartOf\":{\"@id\":\"https:\/\/www.taxbasket.com\/#website\"},\"datePublished\":\"2015-04-28T16:28:00+00:00\",\"dateModified\":\"2019-01-08T19:53:45+00:00\",\"breadcrumb\":{\"@id\":\"https:\/\/www.taxbasket.com\/tr\/duzeltme-beyani#breadcrumb\"},\"inLanguage\":\"Avada-tr-TR\",\"potentialAction\":[{\"@type\":\"ReadAction\",\"target\":[\"https:\/\/www.taxbasket.com\/tr\/duzeltme-beyani\"]}]},{\"@type\":\"BreadcrumbList\",\"@id\":\"https:\/\/www.taxbasket.com\/tr\/duzeltme-beyani#breadcrumb\",\"itemListElement\":[{\"@type\":\"ListItem\",\"position\":1,\"name\":\"Home\",\"item\":\"https:\/\/www.taxbasket.com\/tr\"},{\"@type\":\"ListItem\",\"position\":2,\"name\":\"D\u00fczeltme Beyan\u0131\"}]},{\"@type\":\"WebSite\",\"@id\":\"https:\/\/www.taxbasket.com\/#website\",\"url\":\"https:\/\/www.taxbasket.com\/\",\"name\":\"TaxBasket\",\"description\":\"Your Tax Office Online!\",\"publisher\":{\"@id\":\"https:\/\/www.taxbasket.com\/#organization\"},\"potentialAction\":[{\"@type\":\"SearchAction\",\"target\":{\"@type\":\"EntryPoint\",\"urlTemplate\":\"https:\/\/www.taxbasket.com\/?s={search_term_string}\"},\"query-input\":{\"@type\":\"PropertyValueSpecification\",\"valueRequired\":true,\"valueName\":\"search_term_string\"}}],\"inLanguage\":\"Avada-tr-TR\"},{\"@type\":\"Organization\",\"@id\":\"https:\/\/www.taxbasket.com\/#organization\",\"name\":\"TaxBasket\",\"url\":\"https:\/\/www.taxbasket.com\/\",\"logo\":{\"@type\":\"ImageObject\",\"inLanguage\":\"Avada-tr-TR\",\"@id\":\"https:\/\/www.taxbasket.com\/#\/schema\/logo\/image\/\",\"url\":\"https:\/\/www.taxbasket.com\/wp-content\/uploads\/2017\/11\/tb-logo-2x.png\",\"contentUrl\":\"https:\/\/www.taxbasket.com\/wp-content\/uploads\/2017\/11\/tb-logo-2x.png\",\"width\":380,\"height\":100,\"caption\":\"TaxBasket\"},\"image\":{\"@id\":\"https:\/\/www.taxbasket.com\/#\/schema\/logo\/image\/\"}}]}<\/script>\n<!-- \/ Yoast SEO plugin. -->","yoast_head_json":{"title":"D\u00fczeltme Beyan\u0131","robots":{"index":"index","follow":"follow","max-snippet":"max-snippet:-1","max-image-preview":"max-image-preview:large","max-video-preview":"max-video-preview:-1"},"canonical":"https:\/\/www.taxbasket.com\/tr\/duzeltme-beyani","og_locale":"en_US","og_type":"article","og_title":"D\u00fczeltme Beyan\u0131","og_url":"https:\/\/www.taxbasket.com\/tr\/duzeltme-beyani","og_site_name":"TaxBasket","article_modified_time":"2019-01-08T19:53:45+00:00","twitter_card":"summary_large_image","twitter_misc":{"Est. reading time":"4 minutes"},"schema":{"@context":"https:\/\/schema.org","@graph":[{"@type":"WebPage","@id":"https:\/\/www.taxbasket.com\/tr\/duzeltme-beyani","url":"https:\/\/www.taxbasket.com\/tr\/duzeltme-beyani","name":"D\u00fczeltme Beyan\u0131","isPartOf":{"@id":"https:\/\/www.taxbasket.com\/#website"},"datePublished":"2015-04-28T16:28:00+00:00","dateModified":"2019-01-08T19:53:45+00:00","breadcrumb":{"@id":"https:\/\/www.taxbasket.com\/tr\/duzeltme-beyani#breadcrumb"},"inLanguage":"Avada-tr-TR","potentialAction":[{"@type":"ReadAction","target":["https:\/\/www.taxbasket.com\/tr\/duzeltme-beyani"]}]},{"@type":"BreadcrumbList","@id":"https:\/\/www.taxbasket.com\/tr\/duzeltme-beyani#breadcrumb","itemListElement":[{"@type":"ListItem","position":1,"name":"Home","item":"https:\/\/www.taxbasket.com\/tr"},{"@type":"ListItem","position":2,"name":"D\u00fczeltme Beyan\u0131"}]},{"@type":"WebSite","@id":"https:\/\/www.taxbasket.com\/#website","url":"https:\/\/www.taxbasket.com\/","name":"TaxBasket","description":"Your Tax Office Online!","publisher":{"@id":"https:\/\/www.taxbasket.com\/#organization"},"potentialAction":[{"@type":"SearchAction","target":{"@type":"EntryPoint","urlTemplate":"https:\/\/www.taxbasket.com\/?s={search_term_string}"},"query-input":{"@type":"PropertyValueSpecification","valueRequired":true,"valueName":"search_term_string"}}],"inLanguage":"Avada-tr-TR"},{"@type":"Organization","@id":"https:\/\/www.taxbasket.com\/#organization","name":"TaxBasket","url":"https:\/\/www.taxbasket.com\/","logo":{"@type":"ImageObject","inLanguage":"Avada-tr-TR","@id":"https:\/\/www.taxbasket.com\/#\/schema\/logo\/image\/","url":"https:\/\/www.taxbasket.com\/wp-content\/uploads\/2017\/11\/tb-logo-2x.png","contentUrl":"https:\/\/www.taxbasket.com\/wp-content\/uploads\/2017\/11\/tb-logo-2x.png","width":380,"height":100,"caption":"TaxBasket"},"image":{"@id":"https:\/\/www.taxbasket.com\/#\/schema\/logo\/image\/"}}]}},"_links":{"self":[{"href":"https:\/\/www.taxbasket.com\/tr\/wp-json\/wp\/v2\/pages\/12254","targetHints":{"allow":["GET"]}}],"collection":[{"href":"https:\/\/www.taxbasket.com\/tr\/wp-json\/wp\/v2\/pages"}],"about":[{"href":"https:\/\/www.taxbasket.com\/tr\/wp-json\/wp\/v2\/types\/page"}],"author":[{"embeddable":true,"href":"https:\/\/www.taxbasket.com\/tr\/wp-json\/wp\/v2\/users\/1"}],"replies":[{"embeddable":true,"href":"https:\/\/www.taxbasket.com\/tr\/wp-json\/wp\/v2\/comments?post=12254"}],"version-history":[{"count":4,"href":"https:\/\/www.taxbasket.com\/tr\/wp-json\/wp\/v2\/pages\/12254\/revisions"}],"predecessor-version":[{"id":13397,"href":"https:\/\/www.taxbasket.com\/tr\/wp-json\/wp\/v2\/pages\/12254\/revisions\/13397"}],"wp:attachment":[{"href":"https:\/\/www.taxbasket.com\/tr\/wp-json\/wp\/v2\/media?parent=12254"}],"curies":[{"name":"wp","href":"https:\/\/api.w.org\/{rel}","templated":true}]}}