{"id":12269,"date":"2015-04-28T17:09:48","date_gmt":"2015-04-28T17:09:48","guid":{"rendered":"http:\/\/67.222.61.140\/expat-tax-2"},"modified":"2022-01-25T21:44:24","modified_gmt":"2022-01-26T02:44:24","slug":"expat-vergisi","status":"publish","type":"page","link":"https:\/\/www.taxbasket.com\/tr\/expat-vergisi","title":{"rendered":"Expat Vergisi"},"content":{"rendered":"<div class=\"fusion-fullwidth fullwidth-box fusion-builder-row-1 hundred-percent-fullwidth non-hundred-percent-height-scrolling\" style=\"--awb-border-radius-top-left:0px;--awb-border-radius-top-right:0px;--awb-border-radius-bottom-right:0px;--awb-border-radius-bottom-left:0px;--awb-overflow:visible;--awb-flex-wrap:wrap;\" ><div class=\"fusion-builder-row fusion-row\"><div class=\"fusion-layout-column fusion_builder_column fusion-builder-column-0 fusion_builder_column_1_1 1_1 fusion-one-full fusion-column-first fusion-column-last fusion-column-no-min-height\" style=\"--awb-bg-size:cover;--awb-margin-bottom:0px;\"><div class=\"fusion-column-wrapper fusion-flex-column-wrapper-legacy\"><div class=\"fusion-title title fusion-title-1 fusion-sep-none fusion-title-text fusion-title-size-two\"><h2 class=\"fusion-title-heading title-heading-left\" style=\"margin:0;\"><strong>Expat Vergisi<\/strong><\/h2><\/div><div class=\"fusion-clearfix\"><\/div><\/div><\/div><div class=\"fusion-layout-column fusion_builder_column fusion-builder-column-1 fusion_builder_column_1_2 1_2 fusion-one-half fusion-column-first\" style=\"--awb-bg-size:cover;width:48%; margin-right: 4%;\"><div class=\"fusion-column-wrapper fusion-flex-column-wrapper-legacy\"><div class=\"fusion-text fusion-text-1\"><p>Yurtd\u0131\u015f\u0131nda ya\u015fayan ABD vatanda\u015flar\u0131 ve green card sahipleri i\u00e7in vergi beyannamesi haz\u0131rlama hizmeti<\/p>\n<ul>\n<li><strong> H\u0131zl\u0131 s\u00fcre\u00e7<\/strong><\/li>\n<li><strong> Ge\u00e7mi\u015f y\u0131llar i\u00e7in beyan hizmeti<\/strong><\/li>\n<li><strong> Basit i\u015fleyi\u015f<\/strong><\/li>\n<li><strong> \u00dccretsiz e-beyan<\/strong><\/li>\n<li><strong> Eyalet beyannamesi<\/strong><\/li>\n<\/ul>\n<\/div><div class=\"fusion-sep-clear\"><\/div><div class=\"fusion-separator fusion-full-width-sep\" style=\"margin-left: auto;margin-right: auto;margin-top:10px;width:100%;\"><\/div><div class=\"fusion-sep-clear\"><\/div><div class=\"fusion-aligncenter\"><a class=\"fusion-button button-flat button-xlarge button-default fusion-button-default button-1 fusion-button-default-span fusion-button-default-type\" style=\"--button-border-radius-top-left:2px;--button-border-radius-top-right:2px;--button-border-radius-bottom-right:2px;--button-border-radius-bottom-left:2px;\" target=\"_self\" href=\"\/tr\/formlar\"><span class=\"fusion-button-text awb-button__text awb-button__text--default\">\u015e\u0130MD\u0130 BA\u015eLA<\/span><\/a><\/div><div class=\"fusion-clearfix\"><\/div><\/div><\/div><div class=\"fusion-layout-column fusion_builder_column fusion-builder-column-2 fusion_builder_column_1_2 1_2 fusion-one-half fusion-column-last\" style=\"--awb-bg-position:right top;--awb-bg-size:cover;width:48%;\"><div class=\"fusion-column-wrapper fusion-flex-column-wrapper-legacy\"><div class=\"fusion-image-element fusion-no-small-visibility in-legacy-container\" style=\"--awb-caption-title-font-family:var(--h2_typography-font-family);--awb-caption-title-font-weight:var(--h2_typography-font-weight);--awb-caption-title-font-style:var(--h2_typography-font-style);--awb-caption-title-size:var(--h2_typography-font-size);--awb-caption-title-transform:var(--h2_typography-text-transform);--awb-caption-title-line-height:var(--h2_typography-line-height);--awb-caption-title-letter-spacing:var(--h2_typography-letter-spacing);\"><span class=\" fusion-imageframe imageframe-none imageframe-1 hover-type-none fusion-animated\" data-animationType=\"fadeInRight\" data-animationDuration=\"0.5\" data-animationOffset=\"top-into-view\"><img decoding=\"async\" width=\"340\" height=\"252\" alt=\"expat vergisi\" src=\"https:\/\/www.taxbasket.com\/wp-content\/uploads\/2016\/10\/expat-vergisi.png\" class=\"img-responsive wp-image-13002\" srcset=\"https:\/\/www.taxbasket.com\/wp-content\/uploads\/2016\/10\/expat-vergisi-200x148.png 200w, https:\/\/www.taxbasket.com\/wp-content\/uploads\/2016\/10\/expat-vergisi.png 340w\" sizes=\"(max-width: 991px) 100vw, 340px\" \/><\/span><\/div><div class=\"fusion-clearfix\"><\/div><\/div><\/div><div class=\"fusion-layout-column fusion_builder_column fusion-builder-column-3 fusion_builder_column_1_1 1_1 fusion-one-full fusion-column-first fusion-column-last fusion-column-no-min-height\" style=\"--awb-bg-size:cover;--awb-margin-bottom:0px;\"><div class=\"fusion-column-wrapper fusion-flex-column-wrapper-legacy\"><div class=\"fusion-text fusion-text-2\"><p><strong>ABD vatanda\u015flar\u0131 ve green card sahipleri d\u00fcnya \u00e7ap\u0131ndaki gelirleri \u00fczerinden vergilendirilmektedir<\/strong><\/p>\n<p>E\u011fer ABD vatanda\u015f\u0131 veya green card sahibiyseniz, gelir vergisi beyan\u0131 ve yakla\u015f\u0131k vergi (estimated tax) \u00f6demesi ile ilgili kanunlar yurtd\u0131\u015f\u0131nda veya ABD&#8217;de olman\u0131z dikkate al\u0131nmaks\u0131z\u0131n, ayn\u0131d\u0131r. D\u00fcnya \u00e7ap\u0131ndaki gelirleriniz ya\u015fad\u0131\u011f\u0131n\u0131z yere bak\u0131lmaks\u0131z\u0131n ABD gelir vergisine tabidir. \u00c7ifte vergilendirme anla\u015fmalar\u0131 ile her iki \u00fclkeye vergi odenmesinin \u00f6n\u00fcne ge\u00e7iliyor. ABD d\u0131\u015f\u0131nda \u00f6denen vergiler ABD vergi beyan\u0131nda d\u00fc\u015f\u00fcl\u00fcyor.<\/p>\n<p><b>Size a\u015fa\u011f\u0131daki konularda yard\u0131mc\u0131 olabiliriz<\/b><\/p>\n<ul>\n<li>ABD vatanda\u015f\u0131 ile evli olan yabanc\u0131 ki\u015fi<\/li>\n<li>Yabanc\u0131 \u00fclkelerle vergi anla\u015fmalar\u0131<\/li>\n<li>Yurtd\u0131\u015f\u0131 finansal hesaplar\u0131n bildirimi<\/li>\n<li>Yurtd\u0131\u015f\u0131 kazan\u0131lm\u0131\u015f geliri hari\u00e7 b\u0131rakma<\/li>\n<li>Yurtd\u0131\u015f\u0131 vergi kredileri veya giderleri<\/li>\n<li>Yap\u0131lmas\u0131 gereken yakla\u015f\u0131k vergi (estimated tax) \u00f6demelerinin hesaplanmas\u0131 ve d\u00fczenlenmesi<\/li>\n<li>G\u00f6\u00e7menler ve yabanc\u0131 \u00fclke vatanda\u015flar\u0131 i\u00e7in vergi beyannamesi haz\u0131rlama hizmetleri<\/li>\n<\/ul>\n<p><strong>Ne zaman beyan edilir<\/strong><\/p>\n<p>E\u011fer okyanus a\u015f\u0131r\u0131 bir yerde ya\u015f\u0131yorsan\u0131z veya ABD d\u0131\u015f\u0131nda askeri g\u00f6revdeyseniz, vergi beyan\u0131 i\u00e7in Haziran 15&#8217;e kadar otomatik olarak 2 ay ek s\u00fcre almaya m\u00fcsadeniz vard\u0131r. Buna ra\u011fmen vergi borcu varsa, faizden ka\u00e7\u0131nmak i\u00e7in \u00f6demenizi normal s\u00fcresinde yapman\u0131z gerekmektedir (Nisan 15).<\/p>\n<p>E\u011fer son beyan s\u00fcresi itibariyle beyanda bulunam\u0131yorsan\u0131z, son beyan s\u00fcresinden \u00f6nce Ekim 15 tarihine kadar ek s\u00fcre isteyebilirsiniz. Yine de, Haziran 15 &#8216;ten sonra yap\u0131lan vergi \u00f6demeleri IRS taraf\u0131ndan faiz ve ceza hesaplamas\u0131na tabidir.<\/p>\n<p><strong>Nas\u0131l beyan edilir<\/strong><\/p>\n<p>Bireysel Gelir Vergi \u0130ade formlar\u0131 iki yolla beyan edilebilir<\/p>\n<p>1) E-beyan*<br \/>\n2) Ka\u011f\u0131t olarak yerel IRS Hizmet Merkezlerine posta yoluyla<\/p>\n<p>Expat vergisi i\u00e7in hen\u00fcz vergi beyan\u0131nda bulunmad\u0131n\u0131z m\u0131 ? Daha fazla bilgi i\u00e7in <a href=\"\/tr\/gec-beyan\">Ge\u00e7 Beyanname<\/a> &#8216;yi g\u00f6r\u00fcn.<\/p>\n<p>* E-beyan i\u00e7in vergi m\u00fckellefi (evli ise e\u015fi) veya bak\u0131lan ki\u015fi olarak iddia edilen her bir ki\u015finin sosyal g\u00fcvenlik numaras\u0131 (SSN) veya Bireysel Vergi M\u00fckellef Numaras\u0131 (ITIN) olmas\u0131 gerekmektedir. Baz\u0131 tip gelirler ve evraklar e-beyan yoluyla g\u00f6nderilememektedir.<\/p>\n<\/div><div class=\"fusion-clearfix\"><\/div><\/div><\/div><\/div><\/div>\n","protected":false},"excerpt":{"rendered":"","protected":false},"author":1,"featured_media":0,"parent":0,"menu_order":0,"comment_status":"open","ping_status":"open","template":"","meta":{"_monsterinsights_skip_tracking":false,"_monsterinsights_sitenote_active":false,"_monsterinsights_sitenote_note":"","_monsterinsights_sitenote_category":0,"footnotes":""},"class_list":["post-12269","page","type-page","status-publish","hentry"],"yoast_head":"<!-- This site is optimized with the Yoast SEO plugin v27.2 - https:\/\/yoast.com\/product\/yoast-seo-wordpress\/ -->\n<title>Expat Vergisi<\/title>\n<meta name=\"robots\" content=\"index, follow, max-snippet:-1, max-image-preview:large, max-video-preview:-1\" \/>\n<link rel=\"canonical\" href=\"https:\/\/www.taxbasket.com\/tr\/expat-vergisi\" \/>\n<meta property=\"og:locale\" content=\"en_US\" \/>\n<meta property=\"og:type\" content=\"article\" \/>\n<meta property=\"og:title\" content=\"Expat Vergisi\" \/>\n<meta property=\"og:url\" content=\"https:\/\/www.taxbasket.com\/tr\/expat-vergisi\" \/>\n<meta property=\"og:site_name\" content=\"TaxBasket\" \/>\n<meta property=\"article:modified_time\" content=\"2022-01-26T02:44:24+00:00\" \/>\n<meta name=\"twitter:card\" content=\"summary_large_image\" \/>\n<meta name=\"twitter:label1\" content=\"Est. reading time\" \/>\n\t<meta name=\"twitter:data1\" content=\"4 minutes\" \/>\n<script type=\"application\/ld+json\" class=\"yoast-schema-graph\">{\"@context\":\"https:\/\/schema.org\",\"@graph\":[{\"@type\":\"WebPage\",\"@id\":\"https:\/\/www.taxbasket.com\/tr\/expat-vergisi\",\"url\":\"https:\/\/www.taxbasket.com\/tr\/expat-vergisi\",\"name\":\"Expat Vergisi\",\"isPartOf\":{\"@id\":\"https:\/\/www.taxbasket.com\/#website\"},\"datePublished\":\"2015-04-28T17:09:48+00:00\",\"dateModified\":\"2022-01-26T02:44:24+00:00\",\"breadcrumb\":{\"@id\":\"https:\/\/www.taxbasket.com\/tr\/expat-vergisi#breadcrumb\"},\"inLanguage\":\"Avada-tr-TR\",\"potentialAction\":[{\"@type\":\"ReadAction\",\"target\":[\"https:\/\/www.taxbasket.com\/tr\/expat-vergisi\"]}]},{\"@type\":\"BreadcrumbList\",\"@id\":\"https:\/\/www.taxbasket.com\/tr\/expat-vergisi#breadcrumb\",\"itemListElement\":[{\"@type\":\"ListItem\",\"position\":1,\"name\":\"Home\",\"item\":\"https:\/\/www.taxbasket.com\/tr\"},{\"@type\":\"ListItem\",\"position\":2,\"name\":\"Expat Vergisi\"}]},{\"@type\":\"WebSite\",\"@id\":\"https:\/\/www.taxbasket.com\/#website\",\"url\":\"https:\/\/www.taxbasket.com\/\",\"name\":\"TaxBasket\",\"description\":\"Your Tax Office Online!\",\"publisher\":{\"@id\":\"https:\/\/www.taxbasket.com\/#organization\"},\"potentialAction\":[{\"@type\":\"SearchAction\",\"target\":{\"@type\":\"EntryPoint\",\"urlTemplate\":\"https:\/\/www.taxbasket.com\/?s={search_term_string}\"},\"query-input\":{\"@type\":\"PropertyValueSpecification\",\"valueRequired\":true,\"valueName\":\"search_term_string\"}}],\"inLanguage\":\"Avada-tr-TR\"},{\"@type\":\"Organization\",\"@id\":\"https:\/\/www.taxbasket.com\/#organization\",\"name\":\"TaxBasket\",\"url\":\"https:\/\/www.taxbasket.com\/\",\"logo\":{\"@type\":\"ImageObject\",\"inLanguage\":\"Avada-tr-TR\",\"@id\":\"https:\/\/www.taxbasket.com\/#\/schema\/logo\/image\/\",\"url\":\"https:\/\/www.taxbasket.com\/wp-content\/uploads\/2017\/11\/tb-logo-2x.png\",\"contentUrl\":\"https:\/\/www.taxbasket.com\/wp-content\/uploads\/2017\/11\/tb-logo-2x.png\",\"width\":380,\"height\":100,\"caption\":\"TaxBasket\"},\"image\":{\"@id\":\"https:\/\/www.taxbasket.com\/#\/schema\/logo\/image\/\"}}]}<\/script>\n<!-- \/ Yoast SEO plugin. -->","yoast_head_json":{"title":"Expat Vergisi","robots":{"index":"index","follow":"follow","max-snippet":"max-snippet:-1","max-image-preview":"max-image-preview:large","max-video-preview":"max-video-preview:-1"},"canonical":"https:\/\/www.taxbasket.com\/tr\/expat-vergisi","og_locale":"en_US","og_type":"article","og_title":"Expat Vergisi","og_url":"https:\/\/www.taxbasket.com\/tr\/expat-vergisi","og_site_name":"TaxBasket","article_modified_time":"2022-01-26T02:44:24+00:00","twitter_card":"summary_large_image","twitter_misc":{"Est. reading time":"4 minutes"},"schema":{"@context":"https:\/\/schema.org","@graph":[{"@type":"WebPage","@id":"https:\/\/www.taxbasket.com\/tr\/expat-vergisi","url":"https:\/\/www.taxbasket.com\/tr\/expat-vergisi","name":"Expat Vergisi","isPartOf":{"@id":"https:\/\/www.taxbasket.com\/#website"},"datePublished":"2015-04-28T17:09:48+00:00","dateModified":"2022-01-26T02:44:24+00:00","breadcrumb":{"@id":"https:\/\/www.taxbasket.com\/tr\/expat-vergisi#breadcrumb"},"inLanguage":"Avada-tr-TR","potentialAction":[{"@type":"ReadAction","target":["https:\/\/www.taxbasket.com\/tr\/expat-vergisi"]}]},{"@type":"BreadcrumbList","@id":"https:\/\/www.taxbasket.com\/tr\/expat-vergisi#breadcrumb","itemListElement":[{"@type":"ListItem","position":1,"name":"Home","item":"https:\/\/www.taxbasket.com\/tr"},{"@type":"ListItem","position":2,"name":"Expat Vergisi"}]},{"@type":"WebSite","@id":"https:\/\/www.taxbasket.com\/#website","url":"https:\/\/www.taxbasket.com\/","name":"TaxBasket","description":"Your Tax Office Online!","publisher":{"@id":"https:\/\/www.taxbasket.com\/#organization"},"potentialAction":[{"@type":"SearchAction","target":{"@type":"EntryPoint","urlTemplate":"https:\/\/www.taxbasket.com\/?s={search_term_string}"},"query-input":{"@type":"PropertyValueSpecification","valueRequired":true,"valueName":"search_term_string"}}],"inLanguage":"Avada-tr-TR"},{"@type":"Organization","@id":"https:\/\/www.taxbasket.com\/#organization","name":"TaxBasket","url":"https:\/\/www.taxbasket.com\/","logo":{"@type":"ImageObject","inLanguage":"Avada-tr-TR","@id":"https:\/\/www.taxbasket.com\/#\/schema\/logo\/image\/","url":"https:\/\/www.taxbasket.com\/wp-content\/uploads\/2017\/11\/tb-logo-2x.png","contentUrl":"https:\/\/www.taxbasket.com\/wp-content\/uploads\/2017\/11\/tb-logo-2x.png","width":380,"height":100,"caption":"TaxBasket"},"image":{"@id":"https:\/\/www.taxbasket.com\/#\/schema\/logo\/image\/"}}]}},"_links":{"self":[{"href":"https:\/\/www.taxbasket.com\/tr\/wp-json\/wp\/v2\/pages\/12269","targetHints":{"allow":["GET"]}}],"collection":[{"href":"https:\/\/www.taxbasket.com\/tr\/wp-json\/wp\/v2\/pages"}],"about":[{"href":"https:\/\/www.taxbasket.com\/tr\/wp-json\/wp\/v2\/types\/page"}],"author":[{"embeddable":true,"href":"https:\/\/www.taxbasket.com\/tr\/wp-json\/wp\/v2\/users\/1"}],"replies":[{"embeddable":true,"href":"https:\/\/www.taxbasket.com\/tr\/wp-json\/wp\/v2\/comments?post=12269"}],"version-history":[{"count":5,"href":"https:\/\/www.taxbasket.com\/tr\/wp-json\/wp\/v2\/pages\/12269\/revisions"}],"predecessor-version":[{"id":20761,"href":"https:\/\/www.taxbasket.com\/tr\/wp-json\/wp\/v2\/pages\/12269\/revisions\/20761"}],"wp:attachment":[{"href":"https:\/\/www.taxbasket.com\/tr\/wp-json\/wp\/v2\/media?parent=12269"}],"curies":[{"name":"wp","href":"https:\/\/api.w.org\/{rel}","templated":true}]}}