{"id":12285,"date":"2015-04-28T19:09:56","date_gmt":"2015-04-28T19:09:56","guid":{"rendered":"http:\/\/67.222.61.140\/nonresident-return-2"},"modified":"2019-03-07T22:03:37","modified_gmt":"2019-03-08T03:03:37","slug":"yabanci-kisi-beyani","status":"publish","type":"page","link":"https:\/\/www.taxbasket.com\/tr\/yabanci-kisi-beyani","title":{"rendered":"Yabanc\u0131 Ki\u015fi Beyan\u0131"},"content":{"rendered":"<div class=\"fusion-fullwidth fullwidth-box fusion-builder-row-1 hundred-percent-fullwidth non-hundred-percent-height-scrolling\" style=\"--awb-border-radius-top-left:0px;--awb-border-radius-top-right:0px;--awb-border-radius-bottom-right:0px;--awb-border-radius-bottom-left:0px;--awb-overflow:visible;--awb-flex-wrap:wrap;\" ><div class=\"fusion-builder-row fusion-row\"><div class=\"fusion-layout-column fusion_builder_column fusion-builder-column-0 fusion_builder_column_1_1 1_1 fusion-one-full fusion-column-first fusion-column-last fusion-column-no-min-height\" style=\"--awb-bg-size:cover;--awb-margin-bottom:0px;\"><div class=\"fusion-column-wrapper fusion-flex-column-wrapper-legacy\"><div class=\"fusion-title title fusion-title-1 fusion-sep-none fusion-title-text fusion-title-size-two\"><h2 class=\"fusion-title-heading title-heading-left\" style=\"margin:0;\"><strong>Yabanc\u0131 Ki\u015fi Beyan\u0131<\/strong><\/h2><\/div><div class=\"fusion-clearfix\"><\/div><\/div><\/div><div class=\"fusion-layout-column fusion_builder_column fusion-builder-column-1 fusion_builder_column_1_2 1_2 fusion-one-half fusion-column-first\" style=\"--awb-bg-size:cover;width:48%; margin-right: 4%;\"><div class=\"fusion-column-wrapper fusion-flex-column-wrapper-legacy\"><div class=\"fusion-text fusion-text-1\"><p>ABD kaynakl\u0131 geliri olan yabanc\u0131 ki\u015filer i\u00e7in beyanname haz\u0131rlama hizmetleri<\/p>\n<ul>\n<li><strong> Work and Travel<\/strong><\/li>\n<li><strong> Optical Training (OPT)<\/strong><\/li>\n<li><strong> Kira Geliri<\/strong><\/li>\n<li><strong> Kar pay\u0131 da\u011f\u0131l\u0131m\u0131<\/strong><\/li>\n<li><strong> Kumar geliri \/ \u00d6d\u00fcl<\/strong><\/li>\n<\/ul>\n<\/div><div class=\"fusion-sep-clear\"><\/div><div class=\"fusion-separator fusion-full-width-sep\" style=\"margin-left: auto;margin-right: auto;margin-top:10px;width:100%;\"><\/div><div class=\"fusion-sep-clear\"><\/div><div class=\"fusion-aligncenter\"><a class=\"fusion-button button-flat button-xlarge button-default fusion-button-default button-1 fusion-button-default-span fusion-button-default-type\" style=\"--button-border-radius-top-left:2px;--button-border-radius-top-right:2px;--button-border-radius-bottom-right:2px;--button-border-radius-bottom-left:2px;\" target=\"_self\" href=\"\/tr\/formlar\"><span class=\"fusion-button-text awb-button__text awb-button__text--default\">\u015e\u0130MD\u0130 BA\u015eLA<\/span><\/a><\/div><div class=\"fusion-clearfix\"><\/div><\/div><\/div><div class=\"fusion-layout-column fusion_builder_column fusion-builder-column-2 fusion_builder_column_1_2 1_2 fusion-one-half fusion-column-last\" style=\"--awb-bg-position:right top;--awb-bg-size:cover;width:48%;\"><div class=\"fusion-column-wrapper fusion-flex-column-wrapper-legacy\"><div class=\"fusion-image-element fusion-no-small-visibility in-legacy-container\" style=\"--awb-caption-title-font-family:var(--h2_typography-font-family);--awb-caption-title-font-weight:var(--h2_typography-font-weight);--awb-caption-title-font-style:var(--h2_typography-font-style);--awb-caption-title-size:var(--h2_typography-font-size);--awb-caption-title-transform:var(--h2_typography-text-transform);--awb-caption-title-line-height:var(--h2_typography-line-height);--awb-caption-title-letter-spacing:var(--h2_typography-letter-spacing);\"><span class=\" fusion-imageframe imageframe-none imageframe-1 hover-type-none fusion-animated\" data-animationType=\"fadeInRight\" data-animationDuration=\"0.5\" data-animationOffset=\"top-into-view\"><img decoding=\"async\" width=\"340\" height=\"252\" alt=\"yabanci kisi beyannamesi\" src=\"https:\/\/www.taxbasket.com\/wp-content\/uploads\/2016\/10\/yabanci-beyanname.png\" class=\"img-responsive wp-image-12999\" srcset=\"https:\/\/www.taxbasket.com\/wp-content\/uploads\/2016\/10\/yabanci-beyanname-200x148.png 200w, https:\/\/www.taxbasket.com\/wp-content\/uploads\/2016\/10\/yabanci-beyanname.png 340w\" sizes=\"(max-width: 991px) 100vw, 340px\" \/><\/span><\/div><div class=\"fusion-clearfix\"><\/div><\/div><\/div><div class=\"fusion-layout-column fusion_builder_column fusion-builder-column-3 fusion_builder_column_1_1 1_1 fusion-one-full fusion-column-first fusion-column-last fusion-column-no-min-height\" style=\"--awb-bg-size:cover;--awb-margin-bottom:0px;\"><div class=\"fusion-column-wrapper fusion-flex-column-wrapper-legacy\"><div class=\"fusion-text fusion-text-2\"><p><strong>Kimler beyanda bulunmal\u0131<\/strong><\/p>\n<p>E\u011fer y\u0131l i\u00e7erisinde ABD&#8217;de ticaret ba\u011flant\u0131s\u0131 veya i\u015f veya ticaret say\u0131lan herhangi bir ba\u011flant\u0131s\u0131 olan yabanc\u0131 ki\u015fiyseniz gelir miktar\u0131na bak\u0131lmaks\u0131z\u0131n vergi beyan\u0131nda bulunmak zorundas\u0131n\u0131z. Maa\u015f i\u00e7in \u00e7al\u0131\u015fan bir i\u015f\u00e7i olsan\u0131z dahi, i\u015f ba\u011flant\u0131s\u0131nda bulunmu\u015f say\u0131l\u0131rs\u0131n\u0131z.<\/p>\n<p>Bununla birlikte e\u011fer ABD kaynakl\u0131 tek geliriniz maa\u015f geliriyse ve geliriniz bireysel muafiyet miktar\u0131ndan ( 2010 i\u00e7in 3650$) azsa, vergi beyan\u0131nda bulunma zorunlulu\u011funuz yoktur.<\/p>\n<p>E\u011fer ABD kaynakl\u0131 geliriniz kumar veya \u00f6d\u00fcl geliri gibi i\u015f veya ticaret d\u0131\u015f\u0131 bir gelir ise ve sizden vergi kesinti yap\u0131lan miktar konusunda tatmin olmad\u0131ysan\u0131z, vergi iadesi istemek i\u00e7in de beyanda bulunabilirsiniz.<\/p>\n<p>E\u011fer ABD&#8217; yi F, J, M veya Q vize tipleriyle ziyaret eden ve vergi mevzuat\u0131 a\u00e7\u0131s\u0131ndan yabanc\u0131 ki\u015fi stat\u00fcs\u00fcnde (baz\u0131 hallerde vergi mevzuat\u0131 a\u00e7\u0131s\u0131ndan yerle\u015fik ki\u015fi stat\u00fcs\u00fcnde olunabilmektedir) olan \u00f6\u011frenci veya bilim adam\u0131 iseniz, ABD gelir vergisine tabi olan gelirleriniz i\u00e7in ABD&#8217;de bulundu\u011funuz her y\u0131l vergi beyan\u0131nda bulunmak zorundas\u0131n\u0131z.<\/p>\n<p><strong>Vergi iadesi istemek<\/strong><\/p>\n<p>Y\u00fcksek kesinti veya vergi \u00f6demesinden kaynaklanan vergi iadesi istemek veya her t\u00fcrl\u00fc gider ve kredileri iddia etmek i\u00e7in vergi beyan\u0131nda bulunman\u0131z gerekir.<\/p>\n<p><strong>Ne zaman beyan edilir<\/strong><\/p>\n<p>E\u011fer i\u015f\u00e7iyseniz veya kendi i\u015finizde \u00e7al\u0131\u015f\u0131yorsan\u0131z ve ABD gelir vergisine ve gelir kesintisine tabi maa\u015f veya maa\u015f olmayan \u00f6deme geliriniz olduysa veya ABD&#8217;de bir ofisiniz veya i\u015fyeriniz varsa, vergi y\u0131l\u0131 sonland\u0131ktan sonraki Nisan 15 tarihine kadar beyanda bulunman\u0131z gerekmektedir. ( \u00d6rne\u011fin; 2014 vergi y\u0131l\u0131 i\u00e7in son beyan s\u00fcresi Nisan 15, 2015&#8217;dir )<\/p>\n<p><strong>Nas\u0131l beyan edilir<\/strong><\/p>\n<p>Yabanc\u0131 ki\u015fi beyannameleri elektronik veya ka\u011f\u0131t olarak posta yoluyla beyan edilmektedir.<\/p>\n<p>Yabanc\u0131 ki\u015fi beyannamenizi hen\u00fcz beyan etmediniz mi ? Daha fazla bilgi i\u00e7in <a href=\"\/tr\/gec-beyan\">Ge\u00e7 Beyanname<\/a>&#8216;yi g\u00f6r\u00fcn.<\/p>\n<\/div><div class=\"fusion-clearfix\"><\/div><\/div><\/div><\/div><\/div>\n","protected":false},"excerpt":{"rendered":"","protected":false},"author":1,"featured_media":0,"parent":0,"menu_order":0,"comment_status":"open","ping_status":"open","template":"","meta":{"_monsterinsights_skip_tracking":false,"_monsterinsights_sitenote_active":false,"_monsterinsights_sitenote_note":"","_monsterinsights_sitenote_category":0,"footnotes":""},"class_list":["post-12285","page","type-page","status-publish","hentry"],"yoast_head":"<!-- This site is optimized with the Yoast SEO plugin v27.2 - https:\/\/yoast.com\/product\/yoast-seo-wordpress\/ -->\n<title>Yabanc\u0131 Ki\u015fi Beyan\u0131<\/title>\n<meta name=\"robots\" content=\"index, follow, max-snippet:-1, max-image-preview:large, max-video-preview:-1\" \/>\n<link rel=\"canonical\" href=\"https:\/\/www.taxbasket.com\/tr\/yabanci-kisi-beyani\" \/>\n<meta property=\"og:locale\" content=\"en_US\" \/>\n<meta property=\"og:type\" content=\"article\" \/>\n<meta property=\"og:title\" content=\"Yabanc\u0131 Ki\u015fi Beyan\u0131\" \/>\n<meta property=\"og:url\" content=\"https:\/\/www.taxbasket.com\/tr\/yabanci-kisi-beyani\" \/>\n<meta property=\"og:site_name\" content=\"TaxBasket\" \/>\n<meta property=\"article:modified_time\" content=\"2019-03-08T03:03:37+00:00\" \/>\n<meta name=\"twitter:card\" content=\"summary_large_image\" \/>\n<meta name=\"twitter:label1\" content=\"Est. reading time\" \/>\n\t<meta name=\"twitter:data1\" content=\"4 minutes\" \/>\n<script type=\"application\/ld+json\" class=\"yoast-schema-graph\">{\"@context\":\"https:\/\/schema.org\",\"@graph\":[{\"@type\":\"WebPage\",\"@id\":\"https:\/\/www.taxbasket.com\/tr\/yabanci-kisi-beyani\",\"url\":\"https:\/\/www.taxbasket.com\/tr\/yabanci-kisi-beyani\",\"name\":\"Yabanc\u0131 Ki\u015fi Beyan\u0131\",\"isPartOf\":{\"@id\":\"https:\/\/www.taxbasket.com\/#website\"},\"datePublished\":\"2015-04-28T19:09:56+00:00\",\"dateModified\":\"2019-03-08T03:03:37+00:00\",\"breadcrumb\":{\"@id\":\"https:\/\/www.taxbasket.com\/tr\/yabanci-kisi-beyani#breadcrumb\"},\"inLanguage\":\"Avada-tr-TR\",\"potentialAction\":[{\"@type\":\"ReadAction\",\"target\":[\"https:\/\/www.taxbasket.com\/tr\/yabanci-kisi-beyani\"]}]},{\"@type\":\"BreadcrumbList\",\"@id\":\"https:\/\/www.taxbasket.com\/tr\/yabanci-kisi-beyani#breadcrumb\",\"itemListElement\":[{\"@type\":\"ListItem\",\"position\":1,\"name\":\"Home\",\"item\":\"https:\/\/www.taxbasket.com\/tr\"},{\"@type\":\"ListItem\",\"position\":2,\"name\":\"Yabanc\u0131 Ki\u015fi Beyan\u0131\"}]},{\"@type\":\"WebSite\",\"@id\":\"https:\/\/www.taxbasket.com\/#website\",\"url\":\"https:\/\/www.taxbasket.com\/\",\"name\":\"TaxBasket\",\"description\":\"Your Tax Office Online!\",\"publisher\":{\"@id\":\"https:\/\/www.taxbasket.com\/#organization\"},\"potentialAction\":[{\"@type\":\"SearchAction\",\"target\":{\"@type\":\"EntryPoint\",\"urlTemplate\":\"https:\/\/www.taxbasket.com\/?s={search_term_string}\"},\"query-input\":{\"@type\":\"PropertyValueSpecification\",\"valueRequired\":true,\"valueName\":\"search_term_string\"}}],\"inLanguage\":\"Avada-tr-TR\"},{\"@type\":\"Organization\",\"@id\":\"https:\/\/www.taxbasket.com\/#organization\",\"name\":\"TaxBasket\",\"url\":\"https:\/\/www.taxbasket.com\/\",\"logo\":{\"@type\":\"ImageObject\",\"inLanguage\":\"Avada-tr-TR\",\"@id\":\"https:\/\/www.taxbasket.com\/#\/schema\/logo\/image\/\",\"url\":\"https:\/\/www.taxbasket.com\/wp-content\/uploads\/2017\/11\/tb-logo-2x.png\",\"contentUrl\":\"https:\/\/www.taxbasket.com\/wp-content\/uploads\/2017\/11\/tb-logo-2x.png\",\"width\":380,\"height\":100,\"caption\":\"TaxBasket\"},\"image\":{\"@id\":\"https:\/\/www.taxbasket.com\/#\/schema\/logo\/image\/\"}}]}<\/script>\n<!-- \/ Yoast SEO plugin. -->","yoast_head_json":{"title":"Yabanc\u0131 Ki\u015fi Beyan\u0131","robots":{"index":"index","follow":"follow","max-snippet":"max-snippet:-1","max-image-preview":"max-image-preview:large","max-video-preview":"max-video-preview:-1"},"canonical":"https:\/\/www.taxbasket.com\/tr\/yabanci-kisi-beyani","og_locale":"en_US","og_type":"article","og_title":"Yabanc\u0131 Ki\u015fi Beyan\u0131","og_url":"https:\/\/www.taxbasket.com\/tr\/yabanci-kisi-beyani","og_site_name":"TaxBasket","article_modified_time":"2019-03-08T03:03:37+00:00","twitter_card":"summary_large_image","twitter_misc":{"Est. reading time":"4 minutes"},"schema":{"@context":"https:\/\/schema.org","@graph":[{"@type":"WebPage","@id":"https:\/\/www.taxbasket.com\/tr\/yabanci-kisi-beyani","url":"https:\/\/www.taxbasket.com\/tr\/yabanci-kisi-beyani","name":"Yabanc\u0131 Ki\u015fi Beyan\u0131","isPartOf":{"@id":"https:\/\/www.taxbasket.com\/#website"},"datePublished":"2015-04-28T19:09:56+00:00","dateModified":"2019-03-08T03:03:37+00:00","breadcrumb":{"@id":"https:\/\/www.taxbasket.com\/tr\/yabanci-kisi-beyani#breadcrumb"},"inLanguage":"Avada-tr-TR","potentialAction":[{"@type":"ReadAction","target":["https:\/\/www.taxbasket.com\/tr\/yabanci-kisi-beyani"]}]},{"@type":"BreadcrumbList","@id":"https:\/\/www.taxbasket.com\/tr\/yabanci-kisi-beyani#breadcrumb","itemListElement":[{"@type":"ListItem","position":1,"name":"Home","item":"https:\/\/www.taxbasket.com\/tr"},{"@type":"ListItem","position":2,"name":"Yabanc\u0131 Ki\u015fi Beyan\u0131"}]},{"@type":"WebSite","@id":"https:\/\/www.taxbasket.com\/#website","url":"https:\/\/www.taxbasket.com\/","name":"TaxBasket","description":"Your Tax Office Online!","publisher":{"@id":"https:\/\/www.taxbasket.com\/#organization"},"potentialAction":[{"@type":"SearchAction","target":{"@type":"EntryPoint","urlTemplate":"https:\/\/www.taxbasket.com\/?s={search_term_string}"},"query-input":{"@type":"PropertyValueSpecification","valueRequired":true,"valueName":"search_term_string"}}],"inLanguage":"Avada-tr-TR"},{"@type":"Organization","@id":"https:\/\/www.taxbasket.com\/#organization","name":"TaxBasket","url":"https:\/\/www.taxbasket.com\/","logo":{"@type":"ImageObject","inLanguage":"Avada-tr-TR","@id":"https:\/\/www.taxbasket.com\/#\/schema\/logo\/image\/","url":"https:\/\/www.taxbasket.com\/wp-content\/uploads\/2017\/11\/tb-logo-2x.png","contentUrl":"https:\/\/www.taxbasket.com\/wp-content\/uploads\/2017\/11\/tb-logo-2x.png","width":380,"height":100,"caption":"TaxBasket"},"image":{"@id":"https:\/\/www.taxbasket.com\/#\/schema\/logo\/image\/"}}]}},"_links":{"self":[{"href":"https:\/\/www.taxbasket.com\/tr\/wp-json\/wp\/v2\/pages\/12285","targetHints":{"allow":["GET"]}}],"collection":[{"href":"https:\/\/www.taxbasket.com\/tr\/wp-json\/wp\/v2\/pages"}],"about":[{"href":"https:\/\/www.taxbasket.com\/tr\/wp-json\/wp\/v2\/types\/page"}],"author":[{"embeddable":true,"href":"https:\/\/www.taxbasket.com\/tr\/wp-json\/wp\/v2\/users\/1"}],"replies":[{"embeddable":true,"href":"https:\/\/www.taxbasket.com\/tr\/wp-json\/wp\/v2\/comments?post=12285"}],"version-history":[{"count":6,"href":"https:\/\/www.taxbasket.com\/tr\/wp-json\/wp\/v2\/pages\/12285\/revisions"}],"predecessor-version":[{"id":14420,"href":"https:\/\/www.taxbasket.com\/tr\/wp-json\/wp\/v2\/pages\/12285\/revisions\/14420"}],"wp:attachment":[{"href":"https:\/\/www.taxbasket.com\/tr\/wp-json\/wp\/v2\/media?parent=12285"}],"curies":[{"name":"wp","href":"https:\/\/api.w.org\/{rel}","templated":true}]}}