{"id":12306,"date":"2015-04-28T19:53:37","date_gmt":"2015-04-28T19:53:37","guid":{"rendered":"http:\/\/67.222.61.140\/itin-application-2"},"modified":"2019-01-08T14:53:44","modified_gmt":"2019-01-08T19:53:44","slug":"itin-basvurusu","status":"publish","type":"page","link":"https:\/\/www.taxbasket.com\/tr\/itin-basvurusu","title":{"rendered":"ITIN Ba\u015fvurusu"},"content":{"rendered":"<div class=\"fusion-fullwidth fullwidth-box fusion-builder-row-1 hundred-percent-fullwidth non-hundred-percent-height-scrolling\" style=\"--awb-border-radius-top-left:0px;--awb-border-radius-top-right:0px;--awb-border-radius-bottom-right:0px;--awb-border-radius-bottom-left:0px;--awb-overflow:visible;--awb-flex-wrap:wrap;\" ><div class=\"fusion-builder-row fusion-row\"><div class=\"fusion-layout-column fusion_builder_column fusion-builder-column-0 fusion_builder_column_1_1 1_1 fusion-one-full fusion-column-first fusion-column-last fusion-column-no-min-height\" style=\"--awb-bg-size:cover;--awb-margin-bottom:0px;\"><div class=\"fusion-column-wrapper fusion-flex-column-wrapper-legacy\"><div class=\"fusion-title title fusion-title-1 fusion-sep-none fusion-title-text fusion-title-size-two\"><h2 class=\"fusion-title-heading title-heading-left\" style=\"margin:0;\"><strong>ITIN Ba\u015fvurusu<\/strong><\/h2><\/div><div class=\"fusion-clearfix\"><\/div><\/div><\/div><div class=\"fusion-layout-column fusion_builder_column fusion-builder-column-1 fusion_builder_column_1_2 1_2 fusion-one-half fusion-column-first\" style=\"--awb-bg-size:cover;width:48%; margin-right: 4%;\"><div class=\"fusion-column-wrapper fusion-flex-column-wrapper-legacy\"><div class=\"fusion-text fusion-text-1\"><p>ITIN ba\u015fvurusunda bulunarak sosyal g\u00fcvenlik numaran\u0131z olmasa dahi vergi beyan\u0131nda bulunun<\/p>\n<ul>\n<li><strong> Vergi beyan\u0131nda bulunun<\/strong><\/li>\n<li><strong> Bakt\u0131\u011f\u0131n\u0131z ki\u015fileri iddia edin<\/strong><\/li>\n<li><strong> E\u015finizle birlikte beyanda bulunun<\/strong><\/li>\n<li><strong> Vergi iadenizi isteyin<\/strong><\/li>\n<li><strong> Federal vergi y\u00fck\u00fcml\u00fcl\u00fc\u011f\u00fcn\u00fcz\u00fc yerine getirin<\/strong><\/li>\n<\/ul>\n<\/div><div class=\"fusion-sep-clear\"><\/div><div class=\"fusion-separator fusion-full-width-sep\" style=\"margin-left: auto;margin-right: auto;margin-top:10px;width:100%;\"><\/div><div class=\"fusion-sep-clear\"><\/div><div class=\"fusion-aligncenter\"><a class=\"fusion-button button-flat button-xlarge button-default fusion-button-default button-1 fusion-button-default-span fusion-button-default-type\" style=\"--button-border-radius-top-left:2px;--button-border-radius-top-right:2px;--button-border-radius-bottom-right:2px;--button-border-radius-bottom-left:2px;\" target=\"_self\" href=\"\/tr\/formlar\"><span class=\"fusion-button-text awb-button__text awb-button__text--default\">\u015e\u0130MD\u0130 BA\u015eLA<\/span><\/a><\/div><div class=\"fusion-clearfix\"><\/div><\/div><\/div><div class=\"fusion-layout-column fusion_builder_column fusion-builder-column-2 fusion_builder_column_1_2 1_2 fusion-one-half fusion-column-last\" style=\"--awb-bg-position:right top;--awb-bg-size:cover;width:48%;\"><div class=\"fusion-column-wrapper fusion-flex-column-wrapper-legacy\"><div class=\"fusion-image-element fusion-no-small-visibility in-legacy-container\" style=\"--awb-caption-title-font-family:var(--h2_typography-font-family);--awb-caption-title-font-weight:var(--h2_typography-font-weight);--awb-caption-title-font-style:var(--h2_typography-font-style);--awb-caption-title-size:var(--h2_typography-font-size);--awb-caption-title-transform:var(--h2_typography-text-transform);--awb-caption-title-line-height:var(--h2_typography-line-height);--awb-caption-title-letter-spacing:var(--h2_typography-letter-spacing);\"><span class=\" fusion-imageframe imageframe-none imageframe-1 hover-type-none fusion-animated\" data-animationType=\"fadeInRight\" data-animationDuration=\"0.5\" data-animationOffset=\"top-into-view\"><img decoding=\"async\" width=\"340\" height=\"252\" alt=\"itin basvurusu\" src=\"https:\/\/www.taxbasket.com\/wp-content\/uploads\/2016\/10\/itin-basvurusu.png\" class=\"img-responsive wp-image-13011\" srcset=\"https:\/\/www.taxbasket.com\/wp-content\/uploads\/2016\/10\/itin-basvurusu-200x148.png 200w, https:\/\/www.taxbasket.com\/wp-content\/uploads\/2016\/10\/itin-basvurusu.png 340w\" sizes=\"(max-width: 991px) 100vw, 340px\" \/><\/span><\/div><div class=\"fusion-clearfix\"><\/div><\/div><\/div><div class=\"fusion-layout-column fusion_builder_column fusion-builder-column-3 fusion_builder_column_1_1 1_1 fusion-one-full fusion-column-first fusion-column-last fusion-column-no-min-height\" style=\"--awb-bg-size:cover;--awb-margin-bottom:0px;\"><div class=\"fusion-column-wrapper fusion-flex-column-wrapper-legacy\"><div class=\"fusion-text fusion-text-2\"><p><strong>ITIN nedir?<\/strong><\/p>\n<p>Bireysel Vergi M\u00fckellef Numaras\u0131 (ITIN), ABD vergi m\u00fckellef numaras\u0131 almas\u0131 istenen fakat sosyal g\u00fcvenlik numaras\u0131 olmayan veya sosyal g\u00fcvenlik numaras\u0131 alma hakk\u0131na sahip olmayan bireylere IRS taraf\u0131ndan verilen 9 haneli vergi i\u015fleme numaras\u0131d\u0131r.<\/p>\n<p>Vergi numaralar\u0131 g\u00f6\u00e7menlik stat\u00fcs\u00fc dikkate al\u0131nmaks\u0131z\u0131n verilmektedir \u00e7\u00fcnk\u00fc yerle\u015fik veya yabanc\u0131 stat\u00fcl\u00fc ki\u015filerin her ikisinin de ABD beyan veya bildirim gereklili\u011fi olabilmektedir.<\/p>\n<p>Bireyler, muafiyet durumunda olmad\u0131klar\u0131 s\u00fcrece, ITIN almak i\u00e7in ge\u00e7erli federal gelir vergisi beyan\u0131nda bulunmak zorundad\u0131r.<\/p>\n<p><strong>ITIN ne i\u00e7in kullan\u0131l\u0131r?<\/strong><\/p>\n<p>ITIN sadece federal vergi bildirim konular\u0131nda kullan\u0131lmak i\u00e7indir ve di\u011fer herhangi bir amaca hizmet etmemektedir. IRS, bireylerin ABD vergi kanunlar\u0131yla uyum i\u00e7erisinde olmalar\u0131na yard\u0131mc\u0131 olmak, bireysel vergi beyanlar\u0131n\u0131 ve hesaplar\u0131n\u0131 verimli bir \u015fekilde i\u015flemek ve sosyal g\u00fcvenlik numaras\u0131 alma haklar\u0131 olmayanlar\u0131n \u00f6deme i\u015flemlerini ger\u00e7ekle\u015ftirmek i\u00e7in ITIN vermektedir.<\/p>\n<p>ITIN, ABD&#8217;de \u00e7al\u0131\u015fma yetkisi vermemektedir; fakat ITIN ile ABD&#8217;de \u015firket orta\u011f\u0131 ya da \u015firket sahibi olabilirsiniz.. ITIN, sosyal g\u00fcvenlik faydalar\u0131 veya kazan\u0131lm\u0131\u015f gelir vergi kredisi i\u00e7in hak sa\u011flamamaktad\u0131r.<\/p>\n<p><strong>Kimlerin ITIN almas\u0131 gerekir?<\/strong><\/p>\n<p>IRS, sosyal g\u00fcvenlik numaras\u0131 (SSN) alma hakk\u0131 olmayan yabanc\u0131 \u00fclke vatanda\u015flar\u0131na veya federal vergi bildirimi veya beyan\u0131 yapmas\u0131 gereken di\u011fer ki\u015filere ITIN vermektedir. ABD vergi h\u00fck\u00fcmleri do\u011frultusunda sadece vergi iadesi almak i\u00e7in vergi beyan\u0131nda bulunmas\u0131 gereken, fakat SSN alma hakk\u0131na sahip olmayan yabanc\u0131 ki\u015filerin de ITIN almas\u0131 gerekmektedir.<\/p>\n<p><strong>ITIN almas\u0131 gereken bireylerle alakal\u0131 di\u011fer \u00f6rnekler a\u015fa\u011f\u0131daki gibidir :<\/strong><\/p>\n<ul>\n<li>ABD vergi beyan\u0131nda bulunmas\u0131 gereken yabanc\u0131 ki\u015fi<\/li>\n<li>ABD vergi beyan\u0131nda bulunan ABD yerle\u015fik ki\u015fisi ( ABD&#8217;de bulundu\u011fu g\u00fcn say\u0131s\u0131 a\u00e7\u0131s\u0131ndan)<\/li>\n<li>ABD vatanda\u015f\u0131 veya yerle\u015fik ki\u015fisinin bakt\u0131\u011f\u0131 ki\u015fi veya e\u015fi<\/li>\n<li>Yabanc\u0131 vizesi sahibi ki\u015finin bakt\u0131\u011f\u0131 ki\u015fi veya e\u015fi<\/li>\n<\/ul>\n<p><strong>Hizmetlerimiz<\/strong><\/p>\n<p>Her ba\u015fvuru sahibi i\u00e7in W-7 formu doldurma ve ba\u015fvuruda bulunma k\u0131lavuzlu\u011fu hizmeti vermekteyiz. Ayr\u0131ca Certifying Acceptance Agent arac\u0131l\u0131\u011f\u0131yla ITIN ba\u015fvurusu hizmeti de sa\u011flamaktay\u0131z.<\/p>\n<p><strong>Certifying Acceptance Agent Avantajlar\u0131<\/strong><\/p>\n<p>Her ITIN ba\u015fvurusuyla birlikte ba\u015fvuran ki\u015filerin kimlik belgelerinin ( \u00f6rn; pasaport ) asl\u0131 veya ABD bazl\u0131 noter onayl\u0131 kopyalar\u0131n\u0131n IRS ITIN birimine g\u00f6nderilmesi gerekmektedir<\/p>\n<p>Certifying Acceptance Agent arac\u0131l\u0131\u011f\u0131yla ba\u015fvuruda bulunursan\u0131z, as\u0131l evraklar\u0131n\u0131z\u0131 IRS&#8217;e g\u00f6ndermek yerine bu bilgileri ve belgeleri bize g\u00f6ndermeniz yeterlidir ve ITIN alma s\u00fcreci daha h\u0131zl\u0131 i\u015fleyecektir. Vekalet arac\u0131l\u0131\u011f\u0131yla da sizin ad\u0131n\u0131za ITIN ba\u015fvurusunda bulunabiliriz.<\/p>\n<\/div><div class=\"fusion-clearfix\"><\/div><\/div><\/div><\/div><\/div>\n","protected":false},"excerpt":{"rendered":"","protected":false},"author":1,"featured_media":0,"parent":0,"menu_order":0,"comment_status":"open","ping_status":"open","template":"","meta":{"_monsterinsights_skip_tracking":false,"_monsterinsights_sitenote_active":false,"_monsterinsights_sitenote_note":"","_monsterinsights_sitenote_category":0,"footnotes":""},"class_list":["post-12306","page","type-page","status-publish","hentry"],"yoast_head":"<!-- This site is optimized with the Yoast SEO plugin v27.2 - https:\/\/yoast.com\/product\/yoast-seo-wordpress\/ -->\n<title>ITIN Numaras\u0131 ABD Bireysel Vergi M\u00fckellef Numaras\u0131<\/title>\n<meta name=\"description\" content=\"ITIN Numaras\u0131, ABD Bireysel Vergi M\u00fckellef Numaras\u0131 Ba\u015fvurusu Hizmeti\" \/>\n<meta name=\"robots\" content=\"index, follow, max-snippet:-1, max-image-preview:large, max-video-preview:-1\" \/>\n<link rel=\"canonical\" href=\"https:\/\/www.taxbasket.com\/tr\/itin-basvurusu\" \/>\n<meta property=\"og:locale\" content=\"en_US\" \/>\n<meta property=\"og:type\" content=\"article\" \/>\n<meta property=\"og:title\" content=\"ITIN Numaras\u0131 ABD Bireysel Vergi M\u00fckellef Numaras\u0131\" \/>\n<meta property=\"og:description\" content=\"ITIN Numaras\u0131, ABD Bireysel Vergi M\u00fckellef Numaras\u0131 Ba\u015fvurusu Hizmeti\" \/>\n<meta property=\"og:url\" content=\"https:\/\/www.taxbasket.com\/tr\/itin-basvurusu\" \/>\n<meta property=\"og:site_name\" content=\"TaxBasket\" \/>\n<meta property=\"article:modified_time\" content=\"2019-01-08T19:53:44+00:00\" \/>\n<meta name=\"twitter:card\" content=\"summary_large_image\" \/>\n<meta name=\"twitter:label1\" content=\"Est. reading time\" \/>\n\t<meta name=\"twitter:data1\" content=\"5 minutes\" \/>\n<script type=\"application\/ld+json\" class=\"yoast-schema-graph\">{\"@context\":\"https:\/\/schema.org\",\"@graph\":[{\"@type\":\"WebPage\",\"@id\":\"https:\/\/www.taxbasket.com\/tr\/itin-basvurusu\",\"url\":\"https:\/\/www.taxbasket.com\/tr\/itin-basvurusu\",\"name\":\"ITIN Numaras\u0131 ABD Bireysel Vergi M\u00fckellef Numaras\u0131\",\"isPartOf\":{\"@id\":\"https:\/\/www.taxbasket.com\/#website\"},\"datePublished\":\"2015-04-28T19:53:37+00:00\",\"dateModified\":\"2019-01-08T19:53:44+00:00\",\"description\":\"ITIN Numaras\u0131, ABD Bireysel Vergi M\u00fckellef Numaras\u0131 Ba\u015fvurusu Hizmeti\",\"breadcrumb\":{\"@id\":\"https:\/\/www.taxbasket.com\/tr\/itin-basvurusu#breadcrumb\"},\"inLanguage\":\"Avada-tr-TR\",\"potentialAction\":[{\"@type\":\"ReadAction\",\"target\":[\"https:\/\/www.taxbasket.com\/tr\/itin-basvurusu\"]}]},{\"@type\":\"BreadcrumbList\",\"@id\":\"https:\/\/www.taxbasket.com\/tr\/itin-basvurusu#breadcrumb\",\"itemListElement\":[{\"@type\":\"ListItem\",\"position\":1,\"name\":\"Home\",\"item\":\"https:\/\/www.taxbasket.com\/tr\"},{\"@type\":\"ListItem\",\"position\":2,\"name\":\"ITIN Ba\u015fvurusu\"}]},{\"@type\":\"WebSite\",\"@id\":\"https:\/\/www.taxbasket.com\/#website\",\"url\":\"https:\/\/www.taxbasket.com\/\",\"name\":\"TaxBasket\",\"description\":\"Your Tax Office Online!\",\"publisher\":{\"@id\":\"https:\/\/www.taxbasket.com\/#organization\"},\"potentialAction\":[{\"@type\":\"SearchAction\",\"target\":{\"@type\":\"EntryPoint\",\"urlTemplate\":\"https:\/\/www.taxbasket.com\/?s={search_term_string}\"},\"query-input\":{\"@type\":\"PropertyValueSpecification\",\"valueRequired\":true,\"valueName\":\"search_term_string\"}}],\"inLanguage\":\"Avada-tr-TR\"},{\"@type\":\"Organization\",\"@id\":\"https:\/\/www.taxbasket.com\/#organization\",\"name\":\"TaxBasket\",\"url\":\"https:\/\/www.taxbasket.com\/\",\"logo\":{\"@type\":\"ImageObject\",\"inLanguage\":\"Avada-tr-TR\",\"@id\":\"https:\/\/www.taxbasket.com\/#\/schema\/logo\/image\/\",\"url\":\"https:\/\/www.taxbasket.com\/wp-content\/uploads\/2017\/11\/tb-logo-2x.png\",\"contentUrl\":\"https:\/\/www.taxbasket.com\/wp-content\/uploads\/2017\/11\/tb-logo-2x.png\",\"width\":380,\"height\":100,\"caption\":\"TaxBasket\"},\"image\":{\"@id\":\"https:\/\/www.taxbasket.com\/#\/schema\/logo\/image\/\"}}]}<\/script>\n<!-- \/ Yoast SEO plugin. -->","yoast_head_json":{"title":"ITIN Numaras\u0131 ABD Bireysel Vergi M\u00fckellef Numaras\u0131","description":"ITIN Numaras\u0131, ABD Bireysel Vergi M\u00fckellef Numaras\u0131 Ba\u015fvurusu Hizmeti","robots":{"index":"index","follow":"follow","max-snippet":"max-snippet:-1","max-image-preview":"max-image-preview:large","max-video-preview":"max-video-preview:-1"},"canonical":"https:\/\/www.taxbasket.com\/tr\/itin-basvurusu","og_locale":"en_US","og_type":"article","og_title":"ITIN Numaras\u0131 ABD Bireysel Vergi M\u00fckellef Numaras\u0131","og_description":"ITIN Numaras\u0131, ABD Bireysel Vergi M\u00fckellef Numaras\u0131 Ba\u015fvurusu Hizmeti","og_url":"https:\/\/www.taxbasket.com\/tr\/itin-basvurusu","og_site_name":"TaxBasket","article_modified_time":"2019-01-08T19:53:44+00:00","twitter_card":"summary_large_image","twitter_misc":{"Est. reading time":"5 minutes"},"schema":{"@context":"https:\/\/schema.org","@graph":[{"@type":"WebPage","@id":"https:\/\/www.taxbasket.com\/tr\/itin-basvurusu","url":"https:\/\/www.taxbasket.com\/tr\/itin-basvurusu","name":"ITIN Numaras\u0131 ABD Bireysel Vergi M\u00fckellef Numaras\u0131","isPartOf":{"@id":"https:\/\/www.taxbasket.com\/#website"},"datePublished":"2015-04-28T19:53:37+00:00","dateModified":"2019-01-08T19:53:44+00:00","description":"ITIN Numaras\u0131, ABD Bireysel Vergi M\u00fckellef Numaras\u0131 Ba\u015fvurusu Hizmeti","breadcrumb":{"@id":"https:\/\/www.taxbasket.com\/tr\/itin-basvurusu#breadcrumb"},"inLanguage":"Avada-tr-TR","potentialAction":[{"@type":"ReadAction","target":["https:\/\/www.taxbasket.com\/tr\/itin-basvurusu"]}]},{"@type":"BreadcrumbList","@id":"https:\/\/www.taxbasket.com\/tr\/itin-basvurusu#breadcrumb","itemListElement":[{"@type":"ListItem","position":1,"name":"Home","item":"https:\/\/www.taxbasket.com\/tr"},{"@type":"ListItem","position":2,"name":"ITIN Ba\u015fvurusu"}]},{"@type":"WebSite","@id":"https:\/\/www.taxbasket.com\/#website","url":"https:\/\/www.taxbasket.com\/","name":"TaxBasket","description":"Your Tax Office Online!","publisher":{"@id":"https:\/\/www.taxbasket.com\/#organization"},"potentialAction":[{"@type":"SearchAction","target":{"@type":"EntryPoint","urlTemplate":"https:\/\/www.taxbasket.com\/?s={search_term_string}"},"query-input":{"@type":"PropertyValueSpecification","valueRequired":true,"valueName":"search_term_string"}}],"inLanguage":"Avada-tr-TR"},{"@type":"Organization","@id":"https:\/\/www.taxbasket.com\/#organization","name":"TaxBasket","url":"https:\/\/www.taxbasket.com\/","logo":{"@type":"ImageObject","inLanguage":"Avada-tr-TR","@id":"https:\/\/www.taxbasket.com\/#\/schema\/logo\/image\/","url":"https:\/\/www.taxbasket.com\/wp-content\/uploads\/2017\/11\/tb-logo-2x.png","contentUrl":"https:\/\/www.taxbasket.com\/wp-content\/uploads\/2017\/11\/tb-logo-2x.png","width":380,"height":100,"caption":"TaxBasket"},"image":{"@id":"https:\/\/www.taxbasket.com\/#\/schema\/logo\/image\/"}}]}},"_links":{"self":[{"href":"https:\/\/www.taxbasket.com\/tr\/wp-json\/wp\/v2\/pages\/12306","targetHints":{"allow":["GET"]}}],"collection":[{"href":"https:\/\/www.taxbasket.com\/tr\/wp-json\/wp\/v2\/pages"}],"about":[{"href":"https:\/\/www.taxbasket.com\/tr\/wp-json\/wp\/v2\/types\/page"}],"author":[{"embeddable":true,"href":"https:\/\/www.taxbasket.com\/tr\/wp-json\/wp\/v2\/users\/1"}],"replies":[{"embeddable":true,"href":"https:\/\/www.taxbasket.com\/tr\/wp-json\/wp\/v2\/comments?post=12306"}],"version-history":[{"count":4,"href":"https:\/\/www.taxbasket.com\/tr\/wp-json\/wp\/v2\/pages\/12306\/revisions"}],"predecessor-version":[{"id":13394,"href":"https:\/\/www.taxbasket.com\/tr\/wp-json\/wp\/v2\/pages\/12306\/revisions\/13394"}],"wp:attachment":[{"href":"https:\/\/www.taxbasket.com\/tr\/wp-json\/wp\/v2\/media?parent=12306"}],"curies":[{"name":"wp","href":"https:\/\/api.w.org\/{rel}","templated":true}]}}