{"id":12549,"date":"2015-05-07T18:03:14","date_gmt":"2015-05-07T18:03:14","guid":{"rendered":"http:\/\/67.222.61.140\/?page_id=12549"},"modified":"2020-11-27T13:34:41","modified_gmt":"2020-11-27T18:34:41","slug":"sirket-kurulusu","status":"publish","type":"page","link":"https:\/\/www.taxbasket.com\/tr\/kurumsal\/sirket-kurulusu","title":{"rendered":"\u015eirket Kurulu\u015fu"},"content":{"rendered":"<div class=\"fusion-fullwidth fullwidth-box fusion-builder-row-1 hundred-percent-fullwidth non-hundred-percent-height-scrolling\" style=\"--awb-border-radius-top-left:0px;--awb-border-radius-top-right:0px;--awb-border-radius-bottom-right:0px;--awb-border-radius-bottom-left:0px;--awb-overflow:visible;--awb-flex-wrap:wrap;\" ><div class=\"fusion-builder-row fusion-row\"><div class=\"fusion-layout-column fusion_builder_column fusion-builder-column-0 fusion_builder_column_1_1 1_1 fusion-one-full fusion-column-first fusion-column-last fusion-column-no-min-height\" style=\"--awb-bg-size:cover;--awb-margin-bottom:0px;\"><div class=\"fusion-column-wrapper fusion-flex-column-wrapper-legacy\"><div class=\"fusion-title title fusion-title-1 fusion-sep-none fusion-title-text fusion-title-size-two\"><h2 class=\"fusion-title-heading title-heading-left\" style=\"margin:0;\"><strong>ABD&#8217;de \u015eirket Kurulu\u015fu<\/strong><\/h2><\/div><div class=\"fusion-clearfix\"><\/div><\/div><\/div><div class=\"fusion-layout-column fusion_builder_column fusion-builder-column-1 fusion_builder_column_1_2 1_2 fusion-one-half fusion-column-first\" style=\"--awb-bg-size:cover;width:48%; margin-right: 4%;\"><div class=\"fusion-column-wrapper fusion-flex-column-wrapper-legacy\"><div class=\"fusion-text fusion-text-1\"><p>ABD&#8217;nin t\u00fcm eyaletlerinde \u015firket kurma hizmeti<\/p>\n<ul>\n<li><strong>\u00dclke \u00e7ap\u0131nda (50 eyalete) hizmet<\/strong><\/li>\n<li><strong>\u015eirket tipi belirleme dan\u0131\u015fmanl\u0131\u011f\u0131<\/strong><\/li>\n<li><strong>T\u00fcm eyaletlerde \u015firket kurulu\u015fu<\/strong><\/li>\n<li><strong>H\u0131zl\u0131 hizmet<\/strong><\/li>\n<li><strong>Uluslararas\u0131 m\u00fc\u015fterilere hizmet<\/strong><\/li>\n<\/ul>\n<\/div><div class=\"fusion-sep-clear\"><\/div><div class=\"fusion-separator fusion-full-width-sep\" style=\"margin-left: auto;margin-right: auto;margin-top:10px;width:100%;\"><\/div><div class=\"fusion-sep-clear\"><\/div><div class=\"fusion-aligncenter\"><a class=\"fusion-button button-flat button-xlarge button-custom fusion-button-default button-1 fusion-button-default-span fusion-button-default-type\" style=\"--button_accent_color:#ffffff;--button_border_color:#ffffff;--button_accent_hover_color:#ffffff;--button_border_hover_color:#ffffff;--button_border_width-top:1px;--button_border_width-right:1px;--button_border_width-bottom:1px;--button_border_width-left:1px;--button-border-radius-top-left:2px;--button-border-radius-top-right:2px;--button-border-radius-bottom-right:2px;--button-border-radius-bottom-left:2px;--button_gradient_top_color:#2d96bd;--button_gradient_bottom_color:#2d96bd;--button_gradient_top_color_hover:#2887aa;--button_gradient_bottom_color_hover:#2887aa;\" target=\"_blank\" rel=\"noopener noreferrer\" href=\"https:\/\/www.taxbasket.com\/tr\/formlar\/sirket-kurulusu-bilgi-formu\"><span class=\"fusion-button-text awb-button__text awb-button__text--default\">\u015e\u0130MD\u0130 BA\u015eLA<\/span><\/a><\/div><div class=\"fusion-clearfix\"><\/div><\/div><\/div><div class=\"fusion-layout-column fusion_builder_column fusion-builder-column-2 fusion_builder_column_1_2 1_2 fusion-one-half fusion-column-last\" style=\"--awb-bg-position:right top;--awb-bg-size:cover;width:48%;\"><div class=\"fusion-column-wrapper fusion-flex-column-wrapper-legacy\"><style type='text\/css'>\n\t\t\t\t.pricing-table-1.fusion-pricing-table .panel-container, .pricing-table-1.fusion-pricing-table .standout .panel-container,\n\t\t\t\t.pricing-table-1.full-boxed-pricing.fusion-pricing-table {background-color:#f8f8f8;}\n\t\t\t\t.pricing-table-1.fusion-pricing-table .list-group .list-group-item,\n\t\t\t\t.pricing-table-1.fusion-pricing-table .list-group .list-group-item:last-child{background-color:#ffffff; border-color:#ededed;}\n\t\t\t\t.pricing-table-1.full-boxed-pricing.fusion-pricing-table .panel-wrapper:hover .panel-heading,\n\t\t\t\t.pricing-table-1.fusion-pricing-table .panel-wrapper:hover .list-group-item {background-color:#f8f8f8;}\n\t\t\t\t.pricing-table-1.full-boxed-pricing.fusion-pricing-table .panel-heading{background-color:#ffffff;}\n\t\t\t\t.pricing-table-1.fusion-pricing-table .fusion-panel, .pricing-table-1 .panel-wrapper:last-child .fusion-panel,\n\t\t\t\t.pricing-table-1.fusion-pricing-table .standout .fusion-panel, .pricing-table-1.fusion-pricing-table  .panel-heading,\n\t\t\t\t.pricing-table-1.fusion-pricing-table .panel-body, .pricing-table-1.fusion-pricing-table .panel-footer{border-color:#ededed;}\n\t\t\t\t.pricing-table-1.fusion-pricing-table .panel-body, .pricing-table-1.fusion-pricing-table .panel-footer{background-color:#f8f8f8;}\n\t\t\t\t.pricing-table-1.sep-boxed-pricing.fusion-pricing-table .panel-heading h3{color:#333333;}\n\t\t\t\t.pricing-table-1.full-boxed-pricing.fusion-pricing-table .panel-heading h3{color:#7321a6;}\n\t\t\t\t.pricing-table-1.fusion-pricing-table .panel-body .price .decimal-part{color:#a0ce4e;}\n\t\t\t\t.pricing-table-1.fusion-pricing-table .panel-body .price .integer-part{color:#a0ce4e;}\n\t\t\t\t.pricing-table-1.fusion-pricing-table ul.list-group li{color:#111111;}\n\t\t\t\t<\/style><div class=\"fusion-pricing-table pricing-table-1 full-boxed-pricing row fusion-columns-1 columns-1 fusion-clearfix\"> <div class=\"panel-wrapper fusion-column column col-lg-12 col-md-12 col-sm-12 fusion-pricingtable-column\"><div class=\"panel-container\"><div class=\"fusion-panel\"><div class=\"panel-heading\"><h3 class=\"title-row\">\u015eirket kurma hizmeti ba\u015flang\u0131\u00e7 fiyat\u0131<\/h3><\/div><div class=\"panel-body pricing-row\"><div class=\"price price-with-decimal\"><span class=\"currency\">$<\/span><span class=\"integer-part\">500<\/span><sup class=\"decimal-part\">00*<\/sup><span class=\"time\">+eyalet har\u00e7lar\u0131<\/span><\/div><\/div><ul class=\"list-group\"><li class=\"list-group-item normal-row\">*Eyalete ba\u011fl\u0131 olarak fiyat de\u011fi\u015febilir<\/li><\/ul><div class=\"panel-footer footer-row\"><\/div><\/div><\/div><\/div> <\/div><div class=\"fusion-clearfix\"><\/div><\/div><\/div><div class=\"fusion-layout-column fusion_builder_column fusion-builder-column-3 fusion_builder_column_1_1 1_1 fusion-one-full fusion-column-first fusion-column-last fusion-column-no-min-height\" style=\"--awb-bg-size:cover;--awb-margin-bottom:0px;\"><div class=\"fusion-column-wrapper fusion-flex-column-wrapper-legacy\"><div class=\"fusion-text fusion-text-2\"><p><strong>Yeni i\u015finizi bug\u00fcn ba\u015flat\u0131n!<\/strong><\/p>\n<p>ABD&#8217;de \u015firket kurulu\u015fu a\u015famas\u0131nda d\u00fc\u015f\u00fcn\u00fclmesi gereken en \u00f6nemli konu \u015firket t\u00fcr\u00fcn\u00fcn belirlenmesidir. \u015eirket t\u00fcr\u00fc belirlenirken g\u00f6z \u00f6n\u00fcnde bulundurulmas\u0131 gereken konular genel olarak; maliyet konular\u0131, vergi kolayl\u0131klar\u0131, kurulu\u015f masraflar\u0131, hissedarlar\u0131n ki\u015fisel sorumluluklar\u0131n\u0131n s\u0131n\u0131rland\u0131r\u0131lmas\u0131, \u015firketin planlanan \u015fekilde b\u00fcy\u00fcmesi ve finansman\u0131 a\u00e7\u0131s\u0131ndan \u015firket t\u00fcr\u00fcn\u00fcn uygunlu\u011fu, hisselerin devredilebilirli\u011fi ve likidite de\u011ferlendirmeleridir.<\/p>\n<p><strong>ABD&#8217;deki \u015firket t\u00fcrleri <\/strong><\/p>\n<ul>\n<li>Sole Proprietorship (Tek sahiplik)<\/li>\n<li>Partnership (Ortakl\u0131k)<\/li>\n<li>C\u00a0Corporation (Anonim \u015eirket)<\/li>\n<li>S\u00a0Corporation (K\u00fc\u00e7\u00fck i\u015fletme se\u00e7imi yap\u0131lm\u0131\u015f Anonim \u015eirket)<\/li>\n<li>Limited Partnership (LP \/ S\u0131n\u0131rl\u0131 Ortakl\u0131k)<\/li>\n<li>Limited Liability Company\u00a0(LLC \/ S\u0131n\u0131rl\u0131 Sorumlu \u015eirket)<\/li>\n<\/ul>\n<p><strong>Hangi \u015eirket T\u00fcr\u00fcn\u00fc Se\u00e7meliyim?<\/strong><\/p>\n<p>Yukar\u0131daki \u015firket t\u00fcrlerinden avantajlar\u0131 a\u00e7\u0131s\u0131ndan ve yabanc\u0131 yat\u0131r\u0131mc\u0131lar\u0131m\u0131za uygun olabileceklerinden Corporation (C veya S Corporation ) veya LLC t\u00fcrlerini tavsiye ediyoruz.<\/p>\n<p>C Corporation, S Corporation ve LLC \u015firket t\u00fcrleri hakk\u0131nda daha detayl\u0131 bilgi almak ve i\u015finiz i\u00e7in en do\u011fru \u015firket t\u00fcr\u00fcn\u00fc belirlemek i\u00e7in bizimle irtibata ge\u00e7mekten \u00e7ekinmeyin. <\/p>\n<\/div><div class=\"fusion-clearfix\"><\/div><\/div><\/div><\/div><\/div>\n","protected":false},"excerpt":{"rendered":"","protected":false},"author":1,"featured_media":0,"parent":12547,"menu_order":0,"comment_status":"open","ping_status":"open","template":"","meta":{"_monsterinsights_skip_tracking":false,"_monsterinsights_sitenote_active":false,"_monsterinsights_sitenote_note":"","_monsterinsights_sitenote_category":0,"footnotes":""},"class_list":["post-12549","page","type-page","status-publish","hentry"],"yoast_head":"<!-- This site is optimized with the Yoast SEO plugin v27.2 - https:\/\/yoast.com\/product\/yoast-seo-wordpress\/ -->\n<title>Amerika&#039;da \u015eirket Kurulu\u015fu Hizmeti<\/title>\n<meta name=\"description\" content=\"ABD&#039;de \u015firket kurulu\u015fu hizmetleri vermekteyiz. T\u00fcm eyaletlerde \u015firket kuruyoruz.\" \/>\n<meta name=\"robots\" content=\"index, follow, max-snippet:-1, max-image-preview:large, max-video-preview:-1\" \/>\n<link rel=\"canonical\" href=\"https:\/\/www.taxbasket.com\/tr\/kurumsal\/sirket-kurulusu\" \/>\n<meta property=\"og:locale\" content=\"en_US\" \/>\n<meta property=\"og:type\" content=\"article\" \/>\n<meta property=\"og:title\" content=\"Amerika&#039;da \u015eirket Kurulu\u015fu Hizmeti\" \/>\n<meta property=\"og:description\" content=\"ABD&#039;de \u015firket kurulu\u015fu hizmetleri vermekteyiz. T\u00fcm eyaletlerde \u015firket kuruyoruz.\" \/>\n<meta property=\"og:url\" content=\"https:\/\/www.taxbasket.com\/tr\/kurumsal\/sirket-kurulusu\" \/>\n<meta property=\"og:site_name\" content=\"TaxBasket\" \/>\n<meta property=\"article:modified_time\" content=\"2020-11-27T18:34:41+00:00\" \/>\n<meta name=\"twitter:card\" content=\"summary_large_image\" \/>\n<meta name=\"twitter:label1\" content=\"Est. reading time\" \/>\n\t<meta name=\"twitter:data1\" content=\"4 minutes\" \/>\n<script type=\"application\/ld+json\" class=\"yoast-schema-graph\">{\"@context\":\"https:\/\/schema.org\",\"@graph\":[{\"@type\":\"WebPage\",\"@id\":\"https:\/\/www.taxbasket.com\/tr\/kurumsal\/sirket-kurulusu\",\"url\":\"https:\/\/www.taxbasket.com\/tr\/kurumsal\/sirket-kurulusu\",\"name\":\"Amerika'da \u015eirket Kurulu\u015fu Hizmeti\",\"isPartOf\":{\"@id\":\"https:\/\/www.taxbasket.com\/#website\"},\"datePublished\":\"2015-05-07T18:03:14+00:00\",\"dateModified\":\"2020-11-27T18:34:41+00:00\",\"description\":\"ABD'de \u015firket kurulu\u015fu hizmetleri vermekteyiz. T\u00fcm eyaletlerde \u015firket kuruyoruz.\",\"breadcrumb\":{\"@id\":\"https:\/\/www.taxbasket.com\/tr\/kurumsal\/sirket-kurulusu#breadcrumb\"},\"inLanguage\":\"Avada-tr-TR\",\"potentialAction\":[{\"@type\":\"ReadAction\",\"target\":[\"https:\/\/www.taxbasket.com\/tr\/kurumsal\/sirket-kurulusu\"]}]},{\"@type\":\"BreadcrumbList\",\"@id\":\"https:\/\/www.taxbasket.com\/tr\/kurumsal\/sirket-kurulusu#breadcrumb\",\"itemListElement\":[{\"@type\":\"ListItem\",\"position\":1,\"name\":\"Home\",\"item\":\"https:\/\/www.taxbasket.com\/tr\"},{\"@type\":\"ListItem\",\"position\":2,\"name\":\"Kurumsal\",\"item\":\"https:\/\/www.taxbasket.com\/tr\/kurumsal\"},{\"@type\":\"ListItem\",\"position\":3,\"name\":\"\u015eirket Kurulu\u015fu\"}]},{\"@type\":\"WebSite\",\"@id\":\"https:\/\/www.taxbasket.com\/#website\",\"url\":\"https:\/\/www.taxbasket.com\/\",\"name\":\"TaxBasket\",\"description\":\"Your Tax Office Online!\",\"publisher\":{\"@id\":\"https:\/\/www.taxbasket.com\/#organization\"},\"potentialAction\":[{\"@type\":\"SearchAction\",\"target\":{\"@type\":\"EntryPoint\",\"urlTemplate\":\"https:\/\/www.taxbasket.com\/?s={search_term_string}\"},\"query-input\":{\"@type\":\"PropertyValueSpecification\",\"valueRequired\":true,\"valueName\":\"search_term_string\"}}],\"inLanguage\":\"Avada-tr-TR\"},{\"@type\":\"Organization\",\"@id\":\"https:\/\/www.taxbasket.com\/#organization\",\"name\":\"TaxBasket\",\"url\":\"https:\/\/www.taxbasket.com\/\",\"logo\":{\"@type\":\"ImageObject\",\"inLanguage\":\"Avada-tr-TR\",\"@id\":\"https:\/\/www.taxbasket.com\/#\/schema\/logo\/image\/\",\"url\":\"https:\/\/www.taxbasket.com\/wp-content\/uploads\/2017\/11\/tb-logo-2x.png\",\"contentUrl\":\"https:\/\/www.taxbasket.com\/wp-content\/uploads\/2017\/11\/tb-logo-2x.png\",\"width\":380,\"height\":100,\"caption\":\"TaxBasket\"},\"image\":{\"@id\":\"https:\/\/www.taxbasket.com\/#\/schema\/logo\/image\/\"}}]}<\/script>\n<!-- \/ Yoast SEO plugin. -->","yoast_head_json":{"title":"Amerika'da \u015eirket Kurulu\u015fu Hizmeti","description":"ABD'de \u015firket kurulu\u015fu hizmetleri vermekteyiz. T\u00fcm eyaletlerde \u015firket kuruyoruz.","robots":{"index":"index","follow":"follow","max-snippet":"max-snippet:-1","max-image-preview":"max-image-preview:large","max-video-preview":"max-video-preview:-1"},"canonical":"https:\/\/www.taxbasket.com\/tr\/kurumsal\/sirket-kurulusu","og_locale":"en_US","og_type":"article","og_title":"Amerika'da \u015eirket Kurulu\u015fu Hizmeti","og_description":"ABD'de \u015firket kurulu\u015fu hizmetleri vermekteyiz. T\u00fcm eyaletlerde \u015firket kuruyoruz.","og_url":"https:\/\/www.taxbasket.com\/tr\/kurumsal\/sirket-kurulusu","og_site_name":"TaxBasket","article_modified_time":"2020-11-27T18:34:41+00:00","twitter_card":"summary_large_image","twitter_misc":{"Est. reading time":"4 minutes"},"schema":{"@context":"https:\/\/schema.org","@graph":[{"@type":"WebPage","@id":"https:\/\/www.taxbasket.com\/tr\/kurumsal\/sirket-kurulusu","url":"https:\/\/www.taxbasket.com\/tr\/kurumsal\/sirket-kurulusu","name":"Amerika'da \u015eirket Kurulu\u015fu Hizmeti","isPartOf":{"@id":"https:\/\/www.taxbasket.com\/#website"},"datePublished":"2015-05-07T18:03:14+00:00","dateModified":"2020-11-27T18:34:41+00:00","description":"ABD'de \u015firket kurulu\u015fu hizmetleri vermekteyiz. T\u00fcm eyaletlerde \u015firket kuruyoruz.","breadcrumb":{"@id":"https:\/\/www.taxbasket.com\/tr\/kurumsal\/sirket-kurulusu#breadcrumb"},"inLanguage":"Avada-tr-TR","potentialAction":[{"@type":"ReadAction","target":["https:\/\/www.taxbasket.com\/tr\/kurumsal\/sirket-kurulusu"]}]},{"@type":"BreadcrumbList","@id":"https:\/\/www.taxbasket.com\/tr\/kurumsal\/sirket-kurulusu#breadcrumb","itemListElement":[{"@type":"ListItem","position":1,"name":"Home","item":"https:\/\/www.taxbasket.com\/tr"},{"@type":"ListItem","position":2,"name":"Kurumsal","item":"https:\/\/www.taxbasket.com\/tr\/kurumsal"},{"@type":"ListItem","position":3,"name":"\u015eirket Kurulu\u015fu"}]},{"@type":"WebSite","@id":"https:\/\/www.taxbasket.com\/#website","url":"https:\/\/www.taxbasket.com\/","name":"TaxBasket","description":"Your Tax Office Online!","publisher":{"@id":"https:\/\/www.taxbasket.com\/#organization"},"potentialAction":[{"@type":"SearchAction","target":{"@type":"EntryPoint","urlTemplate":"https:\/\/www.taxbasket.com\/?s={search_term_string}"},"query-input":{"@type":"PropertyValueSpecification","valueRequired":true,"valueName":"search_term_string"}}],"inLanguage":"Avada-tr-TR"},{"@type":"Organization","@id":"https:\/\/www.taxbasket.com\/#organization","name":"TaxBasket","url":"https:\/\/www.taxbasket.com\/","logo":{"@type":"ImageObject","inLanguage":"Avada-tr-TR","@id":"https:\/\/www.taxbasket.com\/#\/schema\/logo\/image\/","url":"https:\/\/www.taxbasket.com\/wp-content\/uploads\/2017\/11\/tb-logo-2x.png","contentUrl":"https:\/\/www.taxbasket.com\/wp-content\/uploads\/2017\/11\/tb-logo-2x.png","width":380,"height":100,"caption":"TaxBasket"},"image":{"@id":"https:\/\/www.taxbasket.com\/#\/schema\/logo\/image\/"}}]}},"_links":{"self":[{"href":"https:\/\/www.taxbasket.com\/tr\/wp-json\/wp\/v2\/pages\/12549","targetHints":{"allow":["GET"]}}],"collection":[{"href":"https:\/\/www.taxbasket.com\/tr\/wp-json\/wp\/v2\/pages"}],"about":[{"href":"https:\/\/www.taxbasket.com\/tr\/wp-json\/wp\/v2\/types\/page"}],"author":[{"embeddable":true,"href":"https:\/\/www.taxbasket.com\/tr\/wp-json\/wp\/v2\/users\/1"}],"replies":[{"embeddable":true,"href":"https:\/\/www.taxbasket.com\/tr\/wp-json\/wp\/v2\/comments?post=12549"}],"version-history":[{"count":4,"href":"https:\/\/www.taxbasket.com\/tr\/wp-json\/wp\/v2\/pages\/12549\/revisions"}],"predecessor-version":[{"id":18414,"href":"https:\/\/www.taxbasket.com\/tr\/wp-json\/wp\/v2\/pages\/12549\/revisions\/18414"}],"up":[{"embeddable":true,"href":"https:\/\/www.taxbasket.com\/tr\/wp-json\/wp\/v2\/pages\/12547"}],"wp:attachment":[{"href":"https:\/\/www.taxbasket.com\/tr\/wp-json\/wp\/v2\/media?parent=12549"}],"curies":[{"name":"wp","href":"https:\/\/api.w.org\/{rel}","templated":true}]}}