{"id":12583,"date":"2015-04-29T05:43:20","date_gmt":"2015-04-29T05:43:20","guid":{"rendered":"http:\/\/67.222.61.140\/faq-2"},"modified":"2019-03-07T22:12:05","modified_gmt":"2019-03-08T03:12:05","slug":"sss","status":"publish","type":"page","link":"https:\/\/www.taxbasket.com\/tr\/sss","title":{"rendered":"S\u0131k Sorulan Sorular"},"content":{"rendered":"<div class=\"fusion-fullwidth fullwidth-box fusion-builder-row-1 nonhundred-percent-fullwidth non-hundred-percent-height-scrolling\" style=\"--awb-background-position:left top;--awb-border-radius-top-left:0px;--awb-border-radius-top-right:0px;--awb-border-radius-bottom-right:0px;--awb-border-radius-bottom-left:0px;--awb-padding-top:20px;--awb-padding-right:0px;--awb-padding-bottom:20px;--awb-padding-left:0px;--awb-border-sizes-top:0px;--awb-border-sizes-bottom:0px;--awb-flex-wrap:wrap;\" ><div class=\"fusion-builder-row fusion-row\"><div class=\"fusion-layout-column fusion_builder_column fusion-builder-column-0 fusion_builder_column_3_4 3_4 fusion-three-fourth fusion-column-first\" style=\"--awb-bg-size:cover;width:74%; margin-right: 4%;\"><div class=\"fusion-column-wrapper fusion-flex-column-wrapper-legacy\"><div class=\"fusion-text fusion-text-1\"><p><strong>Ba\u015flamam i\u00e7in neler gerekli?<\/strong><\/p>\n<p>W-2, 1099, 1098 gibi gelir ve gider belgelerinizi al\u0131n, gerisi i\u00e7in size sorular soraca\u011f\u0131z.<\/p>\n<p><strong>Online formunuzu doldurmak ne kadar s\u00fcr\u00fcyor?<\/strong><\/p>\n<p>Genelde m\u00fc\u015fterilerimiz\u00a0 5-10 dakika i\u00e7erisinde t\u00fcm i\u015flemleri tamamlamaktad\u0131r.<\/p>\n<p><strong>IRS&#8217;ten vergi iademi ne \u015fekilde alaca\u011f\u0131m?<\/strong><\/p>\n<p>Hesab\u0131n\u0131za direk yat\u0131r\u0131labilir ya da beyan adresinize \u00e7ek olarak g\u00f6nderilebilir.<\/p>\n<p><strong>Vergi iademi almam ne kadar s\u00fcrer?<\/strong><\/p>\n<p>Vergi iade sorular\u0131 i\u00e7in ayr\u0131 bir sayfa olu\u015fturduk. Sayfaya gitmek i\u00e7in <b><a href=\"\/tr\/vergi-iadem-nerede\">buraya t\u0131klay\u0131n<\/a><\/b><\/p>\n<p><strong>IRS efile kullan\u0131larak formlar\u0131m beyan edilebilir mi?<\/strong><\/p>\n<p>Evet. Ancak baz\u0131 vergi y\u0131llar\u0131 ve beyan tipleri i\u00e7in IRS elektronik beyan kabul etmemektedir, sadece ka\u011f\u0131t olarak beyan m\u00fcmk\u00fcnd\u00fcr.<\/p>\n<p><strong>Hangi y\u0131llar i\u00e7in beyanname haz\u0131rlama hizmeti sunuyor sunuz ?<\/strong><\/p>\n<p>2018, 2017, 2016, 2015, 2014, 2013, 2012, 2011, 2010, 2009, 2008, 2007, 2006, 2005, 2004, 2003, 2002, 2001, 2000, T\u00fcm eyalet beyannameleri de mevcut.<\/p>\n<p><strong>Vergi beyan\u0131nda bulunmak i\u00e7in \u00e7ok mu ge\u00e7?<\/strong><\/p>\n<p>Hay\u0131r! Aksine beyan etme zorunlulu\u011funuz vard\u0131r, federal kanun bu \u015fekildedir.<\/p>\n<p><strong>Ya W2 veya 1099 formlar\u0131m\u0131 kaybettiysem ve bulam\u0131yorsam?<\/strong><\/p>\n<p>IRS&#8217;ten W-2 ve 1099 kay\u0131t d\u00f6k\u00fcm\u00fc (transcript) alabilirsiniz, bu sayede beyanda bulunabilirsiniz. Fakat eyalet bilgisi bu formlarda yer almamaktad\u0131r.<\/p>\n<p><strong>Hizmet \u00fccreti \u00f6demesini nas\u0131l yapar\u0131m?<\/strong><\/p>\n<p>\u00d6demenizi online olarak debit ya da kredi kart\u0131n\u0131zla yapabilirsiniz. Visa, American Express, MasterCard ve Discover kartlar\u0131n\u0131 kabul etmekteyiz. \u00d6deme yaparken fatura bilgilerinizi girdi\u011finiz adresin kredi kart\u0131n\u0131zda kay\u0131tl\u0131 olan ekstre adresi oldu\u011fundan emin olun. ( ABD kartlar\u0131 i\u00e7in ge\u00e7erli. Kart\u0131n\u0131z uluslararas\u0131ysa, mevcut adresinizi kullan\u0131n)<\/p>\n<p>Online \u00f6deme yapmak i\u00e7in <strong><a href=\"\/online-odeme\">buraya t\u0131klay\u0131n<\/a><\/strong><\/p>\n<p><strong>Hala sorular\u0131m var. Birisiyle konu\u015fabilir miyim?<\/strong><\/p>\n<p>Sadece 1.855.275.7296 &#8216;y\u0131 aray\u0131n, dinlemeye haz\u0131r olaca\u011f\u0131z. E\u011fer online kalmak istiyorsan\u0131z, e-mail g\u00f6nderebilir ya da canl\u0131 sohbet servisimizi kullanabilirsiniz. Detaylar\u0131 g\u00f6rmek i\u00e7in\u00a0<strong><a href=\"\/tr\/iletisim\">buraya t\u0131klay\u0131n<\/a><\/strong><\/p>\n<\/div><div class=\"fusion-clearfix\"><\/div><\/div><\/div><div class=\"fusion-layout-column fusion_builder_column fusion-builder-column-1 fusion_builder_column_1_4 1_4 fusion-one-fourth fusion-column-last\" style=\"--awb-bg-size:cover;width:22%;\"><div class=\"fusion-column-wrapper fusion-flex-column-wrapper-legacy\"><div class=\"fusion-image-element in-legacy-container\" style=\"--awb-caption-title-font-family:var(--h2_typography-font-family);--awb-caption-title-font-weight:var(--h2_typography-font-weight);--awb-caption-title-font-style:var(--h2_typography-font-style);--awb-caption-title-size:var(--h2_typography-font-size);--awb-caption-title-transform:var(--h2_typography-text-transform);--awb-caption-title-line-height:var(--h2_typography-line-height);--awb-caption-title-letter-spacing:var(--h2_typography-letter-spacing);\"><span class=\" fusion-imageframe imageframe-none imageframe-1 hover-type-none\"><img decoding=\"async\" width=\"208\" height=\"228\" src=\"https:\/\/www.taxbasket.com\/wp-content\/uploads\/2015\/04\/sss.png\" alt class=\"img-responsive wp-image-13050\" srcset=\"https:\/\/www.taxbasket.com\/wp-content\/uploads\/2015\/04\/sss-200x219.png 200w, https:\/\/www.taxbasket.com\/wp-content\/uploads\/2015\/04\/sss.png 208w\" sizes=\"(max-width: 991px) 100vw, 208px\" \/><\/span><\/div><div class=\"fusion-sep-clear\"><\/div><div class=\"fusion-separator fusion-full-width-sep\" style=\"margin-left: auto;margin-right: auto;margin-top:10px;width:100%;\"><\/div><div class=\"fusion-sep-clear\"><\/div><i class=\"fb-icon-element-1 fb-icon-element fontawesome-icon fa fa-comments circle-yes fusion-text-flow\" style=\"--awb-circlebordersize:1px;--awb-font-size:15.84px;--awb-width:31.68px;--awb-height:31.68px;--awb-line-height:29.68px;--awb-margin-right:9px;\"><\/i><div class=\"fusion-text fusion-text-2\"><p style=\"text-align: left;\">M\u00fc\u015fteri temsilcimizle online sohbet ederek anl\u0131k cevaplar al\u0131n<\/p>\n<\/div><div class=\"fusion-aligncenter\"><a class=\"fusion-button button-flat button-small button-custom fusion-button-default button-1 fusion-button-default-span \" style=\"--button_accent_color:#ffffff;--button_accent_hover_color:#ffffff;--button_border_hover_color:#ffffff;--button_border_width-top:0;--button_border_width-right:0;--button_border_width-bottom:0;--button_border_width-left:0;--button_gradient_top_color:#2d96bd;--button_gradient_bottom_color:#2d96bd;--button_gradient_top_color_hover:#2887aa;--button_gradient_bottom_color_hover:#2887aa;\" target=\"_self\" href=\"javascript:$zopim.livechat.window.show()\"><i class=\" fa fa-comments awb-button__icon awb-button__icon--default button-icon-left\" aria-hidden=\"true\"><\/i><span class=\"fusion-button-text awb-button__text awb-button__text--default\">CANLI SOHBET<\/span><\/a><\/div><div class=\"fusion-sep-clear\"><\/div><div class=\"fusion-separator fusion-full-width-sep\" style=\"margin-left: auto;margin-right: auto;margin-top:20px;width:100%;\"><\/div><div class=\"fusion-sep-clear\"><\/div><i class=\"fb-icon-element-2 fb-icon-element fontawesome-icon fa fa-phone circle-yes fusion-text-flow\" style=\"--awb-circlebordersize:1px;--awb-font-size:15.84px;--awb-width:31.68px;--awb-height:31.68px;--awb-line-height:29.68px;--awb-margin-right:9px;\"><\/i><div class=\"fusion-text fusion-text-3\"><p style=\"text-align: left;\">\u00dccretsiz m\u00fc\u015fteri hatt\u0131m\u0131zdan bizi aray\u0131n<\/p>\n<\/div><div class=\"fusion-text fusion-text-4\"><p style=\"text-align: center;\"><strong>1-855-275-7296<\/strong><\/p>\n<\/div><div class=\"fusion-clearfix\"><\/div><\/div><\/div><\/div><\/div>\n","protected":false},"excerpt":{"rendered":"","protected":false},"author":1,"featured_media":0,"parent":0,"menu_order":0,"comment_status":"open","ping_status":"open","template":"","meta":{"_monsterinsights_skip_tracking":false,"_monsterinsights_sitenote_active":false,"_monsterinsights_sitenote_note":"","_monsterinsights_sitenote_category":0,"footnotes":""},"class_list":["post-12583","page","type-page","status-publish","hentry"],"yoast_head":"<!-- This site is optimized with the Yoast SEO plugin v27.2 - https:\/\/yoast.com\/product\/yoast-seo-wordpress\/ -->\n<title>S\u0131k Sorulan Sorular<\/title>\n<meta name=\"robots\" content=\"index, follow, max-snippet:-1, max-image-preview:large, max-video-preview:-1\" \/>\n<link rel=\"canonical\" href=\"https:\/\/www.taxbasket.com\/tr\/sss\" \/>\n<meta property=\"og:locale\" content=\"en_US\" \/>\n<meta property=\"og:type\" content=\"article\" \/>\n<meta property=\"og:title\" content=\"S\u0131k Sorulan Sorular\" \/>\n<meta property=\"og:url\" content=\"https:\/\/www.taxbasket.com\/tr\/sss\" \/>\n<meta property=\"og:site_name\" content=\"TaxBasket\" \/>\n<meta property=\"article:modified_time\" content=\"2019-03-08T03:12:05+00:00\" \/>\n<meta property=\"og:image\" content=\"https:\/\/www.taxbasket.com\/wp-content\/uploads\/2015\/04\/sss.png\" \/>\n<meta name=\"twitter:card\" content=\"summary_large_image\" \/>\n<meta name=\"twitter:label1\" content=\"Est. reading time\" \/>\n\t<meta name=\"twitter:data1\" content=\"4 minutes\" \/>\n<script type=\"application\/ld+json\" class=\"yoast-schema-graph\">{\"@context\":\"https:\/\/schema.org\",\"@graph\":[{\"@type\":\"WebPage\",\"@id\":\"https:\/\/www.taxbasket.com\/tr\/sss\",\"url\":\"https:\/\/www.taxbasket.com\/tr\/sss\",\"name\":\"S\u0131k Sorulan Sorular\",\"isPartOf\":{\"@id\":\"https:\/\/www.taxbasket.com\/#website\"},\"primaryImageOfPage\":{\"@id\":\"https:\/\/www.taxbasket.com\/tr\/sss#primaryimage\"},\"image\":{\"@id\":\"https:\/\/www.taxbasket.com\/tr\/sss#primaryimage\"},\"thumbnailUrl\":\"https:\/\/www.taxbasket.com\/wp-content\/uploads\/2015\/04\/sss.png\",\"datePublished\":\"2015-04-29T05:43:20+00:00\",\"dateModified\":\"2019-03-08T03:12:05+00:00\",\"breadcrumb\":{\"@id\":\"https:\/\/www.taxbasket.com\/tr\/sss#breadcrumb\"},\"inLanguage\":\"Avada-tr-TR\",\"potentialAction\":[{\"@type\":\"ReadAction\",\"target\":[\"https:\/\/www.taxbasket.com\/tr\/sss\"]}]},{\"@type\":\"ImageObject\",\"inLanguage\":\"Avada-tr-TR\",\"@id\":\"https:\/\/www.taxbasket.com\/tr\/sss#primaryimage\",\"url\":\"https:\/\/www.taxbasket.com\/wp-content\/uploads\/2015\/04\/sss.png\",\"contentUrl\":\"https:\/\/www.taxbasket.com\/wp-content\/uploads\/2015\/04\/sss.png\"},{\"@type\":\"BreadcrumbList\",\"@id\":\"https:\/\/www.taxbasket.com\/tr\/sss#breadcrumb\",\"itemListElement\":[{\"@type\":\"ListItem\",\"position\":1,\"name\":\"Home\",\"item\":\"https:\/\/www.taxbasket.com\/tr\"},{\"@type\":\"ListItem\",\"position\":2,\"name\":\"S\u0131k Sorulan Sorular\"}]},{\"@type\":\"WebSite\",\"@id\":\"https:\/\/www.taxbasket.com\/#website\",\"url\":\"https:\/\/www.taxbasket.com\/\",\"name\":\"TaxBasket\",\"description\":\"Your Tax Office Online!\",\"publisher\":{\"@id\":\"https:\/\/www.taxbasket.com\/#organization\"},\"potentialAction\":[{\"@type\":\"SearchAction\",\"target\":{\"@type\":\"EntryPoint\",\"urlTemplate\":\"https:\/\/www.taxbasket.com\/?s={search_term_string}\"},\"query-input\":{\"@type\":\"PropertyValueSpecification\",\"valueRequired\":true,\"valueName\":\"search_term_string\"}}],\"inLanguage\":\"Avada-tr-TR\"},{\"@type\":\"Organization\",\"@id\":\"https:\/\/www.taxbasket.com\/#organization\",\"name\":\"TaxBasket\",\"url\":\"https:\/\/www.taxbasket.com\/\",\"logo\":{\"@type\":\"ImageObject\",\"inLanguage\":\"Avada-tr-TR\",\"@id\":\"https:\/\/www.taxbasket.com\/#\/schema\/logo\/image\/\",\"url\":\"https:\/\/www.taxbasket.com\/wp-content\/uploads\/2017\/11\/tb-logo-2x.png\",\"contentUrl\":\"https:\/\/www.taxbasket.com\/wp-content\/uploads\/2017\/11\/tb-logo-2x.png\",\"width\":380,\"height\":100,\"caption\":\"TaxBasket\"},\"image\":{\"@id\":\"https:\/\/www.taxbasket.com\/#\/schema\/logo\/image\/\"}}]}<\/script>\n<!-- \/ Yoast SEO plugin. -->","yoast_head_json":{"title":"S\u0131k Sorulan Sorular","robots":{"index":"index","follow":"follow","max-snippet":"max-snippet:-1","max-image-preview":"max-image-preview:large","max-video-preview":"max-video-preview:-1"},"canonical":"https:\/\/www.taxbasket.com\/tr\/sss","og_locale":"en_US","og_type":"article","og_title":"S\u0131k Sorulan Sorular","og_url":"https:\/\/www.taxbasket.com\/tr\/sss","og_site_name":"TaxBasket","article_modified_time":"2019-03-08T03:12:05+00:00","og_image":[{"url":"https:\/\/www.taxbasket.com\/wp-content\/uploads\/2015\/04\/sss.png","type":"","width":"","height":""}],"twitter_card":"summary_large_image","twitter_misc":{"Est. reading time":"4 minutes"},"schema":{"@context":"https:\/\/schema.org","@graph":[{"@type":"WebPage","@id":"https:\/\/www.taxbasket.com\/tr\/sss","url":"https:\/\/www.taxbasket.com\/tr\/sss","name":"S\u0131k Sorulan Sorular","isPartOf":{"@id":"https:\/\/www.taxbasket.com\/#website"},"primaryImageOfPage":{"@id":"https:\/\/www.taxbasket.com\/tr\/sss#primaryimage"},"image":{"@id":"https:\/\/www.taxbasket.com\/tr\/sss#primaryimage"},"thumbnailUrl":"https:\/\/www.taxbasket.com\/wp-content\/uploads\/2015\/04\/sss.png","datePublished":"2015-04-29T05:43:20+00:00","dateModified":"2019-03-08T03:12:05+00:00","breadcrumb":{"@id":"https:\/\/www.taxbasket.com\/tr\/sss#breadcrumb"},"inLanguage":"Avada-tr-TR","potentialAction":[{"@type":"ReadAction","target":["https:\/\/www.taxbasket.com\/tr\/sss"]}]},{"@type":"ImageObject","inLanguage":"Avada-tr-TR","@id":"https:\/\/www.taxbasket.com\/tr\/sss#primaryimage","url":"https:\/\/www.taxbasket.com\/wp-content\/uploads\/2015\/04\/sss.png","contentUrl":"https:\/\/www.taxbasket.com\/wp-content\/uploads\/2015\/04\/sss.png"},{"@type":"BreadcrumbList","@id":"https:\/\/www.taxbasket.com\/tr\/sss#breadcrumb","itemListElement":[{"@type":"ListItem","position":1,"name":"Home","item":"https:\/\/www.taxbasket.com\/tr"},{"@type":"ListItem","position":2,"name":"S\u0131k Sorulan Sorular"}]},{"@type":"WebSite","@id":"https:\/\/www.taxbasket.com\/#website","url":"https:\/\/www.taxbasket.com\/","name":"TaxBasket","description":"Your Tax Office Online!","publisher":{"@id":"https:\/\/www.taxbasket.com\/#organization"},"potentialAction":[{"@type":"SearchAction","target":{"@type":"EntryPoint","urlTemplate":"https:\/\/www.taxbasket.com\/?s={search_term_string}"},"query-input":{"@type":"PropertyValueSpecification","valueRequired":true,"valueName":"search_term_string"}}],"inLanguage":"Avada-tr-TR"},{"@type":"Organization","@id":"https:\/\/www.taxbasket.com\/#organization","name":"TaxBasket","url":"https:\/\/www.taxbasket.com\/","logo":{"@type":"ImageObject","inLanguage":"Avada-tr-TR","@id":"https:\/\/www.taxbasket.com\/#\/schema\/logo\/image\/","url":"https:\/\/www.taxbasket.com\/wp-content\/uploads\/2017\/11\/tb-logo-2x.png","contentUrl":"https:\/\/www.taxbasket.com\/wp-content\/uploads\/2017\/11\/tb-logo-2x.png","width":380,"height":100,"caption":"TaxBasket"},"image":{"@id":"https:\/\/www.taxbasket.com\/#\/schema\/logo\/image\/"}}]}},"_links":{"self":[{"href":"https:\/\/www.taxbasket.com\/tr\/wp-json\/wp\/v2\/pages\/12583","targetHints":{"allow":["GET"]}}],"collection":[{"href":"https:\/\/www.taxbasket.com\/tr\/wp-json\/wp\/v2\/pages"}],"about":[{"href":"https:\/\/www.taxbasket.com\/tr\/wp-json\/wp\/v2\/types\/page"}],"author":[{"embeddable":true,"href":"https:\/\/www.taxbasket.com\/tr\/wp-json\/wp\/v2\/users\/1"}],"replies":[{"embeddable":true,"href":"https:\/\/www.taxbasket.com\/tr\/wp-json\/wp\/v2\/comments?post=12583"}],"version-history":[{"count":7,"href":"https:\/\/www.taxbasket.com\/tr\/wp-json\/wp\/v2\/pages\/12583\/revisions"}],"predecessor-version":[{"id":14424,"href":"https:\/\/www.taxbasket.com\/tr\/wp-json\/wp\/v2\/pages\/12583\/revisions\/14424"}],"wp:attachment":[{"href":"https:\/\/www.taxbasket.com\/tr\/wp-json\/wp\/v2\/media?parent=12583"}],"curies":[{"name":"wp","href":"https:\/\/api.w.org\/{rel}","templated":true}]}}