{"id":12604,"date":"2015-05-03T21:01:40","date_gmt":"2015-05-03T21:01:40","guid":{"rendered":"http:\/\/67.222.61.140\/kurumsal\/annual-report-filing"},"modified":"2019-01-08T14:53:37","modified_gmt":"2019-01-08T19:53:37","slug":"annual-report-beyani","status":"publish","type":"page","link":"https:\/\/www.taxbasket.com\/tr\/kurumsal\/annual-report-beyani","title":{"rendered":"Annual Report Beyani"},"content":{"rendered":"<div class=\"fusion-fullwidth fullwidth-box fusion-builder-row-1 hundred-percent-fullwidth non-hundred-percent-height-scrolling\" style=\"--awb-border-radius-top-left:0px;--awb-border-radius-top-right:0px;--awb-border-radius-bottom-right:0px;--awb-border-radius-bottom-left:0px;--awb-overflow:visible;--awb-flex-wrap:wrap;\" ><div class=\"fusion-builder-row fusion-row\"><div class=\"fusion-layout-column fusion_builder_column fusion-builder-column-0 fusion_builder_column_1_1 1_1 fusion-one-full fusion-column-first fusion-column-last fusion-column-no-min-height\" style=\"--awb-bg-size:cover;--awb-margin-bottom:0px;\"><div class=\"fusion-column-wrapper fusion-flex-column-wrapper-legacy\"><div class=\"fusion-title title fusion-title-1 fusion-sep-none fusion-title-text fusion-title-size-two\"><h2 class=\"fusion-title-heading title-heading-left\" style=\"margin:0;\"><strong>Annual Report Haz\u0131rlama &amp; Beyan Hizmeti<\/strong><\/h2><\/div><div class=\"fusion-clearfix\"><\/div><\/div><\/div><div class=\"fusion-layout-column fusion_builder_column fusion-builder-column-1 fusion_builder_column_1_2 1_2 fusion-one-half fusion-column-first\" style=\"--awb-bg-size:cover;width:48%; margin-right: 4%;\"><div class=\"fusion-column-wrapper fusion-flex-column-wrapper-legacy\"><div class=\"fusion-text fusion-text-1\"><p>Annual Report Beyan hizmetimizle i\u015finizi\u00a0 g\u00fcncel ve kanuna uygun tutun<\/p>\n<ul>\n<li><b>\u00dclke \u00e7ap\u0131nda hizmet<br \/>\n<\/b><\/li>\n<li><strong>Ge\u00e7 beyan cezalar\u0131n\u0131n \u00f6n\u00fcne ge\u00e7in<br \/>\n<\/strong><\/li>\n<li><strong>Y\u00fck\u00fcml\u00fcl\u00fc\u011f\u00fcn\u00fcz\u00fc yerine getirin<br \/>\n<\/strong><\/li>\n<li><strong> H\u0131zl\u0131 geri d\u00f6n\u00fc\u015f<br \/>\n<\/strong><\/li>\n<li><b>Uluslararas\u0131 m\u00fc\u015fterilere hizmet<br \/>\n<\/b><\/li>\n<\/ul>\n<\/div><div class=\"fusion-sep-clear\"><\/div><div class=\"fusion-separator fusion-full-width-sep\" style=\"margin-left: auto;margin-right: auto;margin-top:10px;width:100%;\"><\/div><div class=\"fusion-sep-clear\"><\/div><div class=\"fusion-aligncenter\"><a class=\"fusion-button button-flat button-xlarge button-custom fusion-button-default button-1 fusion-button-default-span fusion-button-default-type\" style=\"--button_accent_color:#ffffff;--button_accent_hover_color:#ffffff;--button_border_hover_color:#ffffff;--button_border_width-top:1px;--button_border_width-right:1px;--button_border_width-bottom:1px;--button_border_width-left:1px;--button-border-radius-top-left:2px;--button-border-radius-top-right:2px;--button-border-radius-bottom-right:2px;--button-border-radius-bottom-left:2px;--button_gradient_top_color:#2d96bd;--button_gradient_bottom_color:#2d96bd;--button_gradient_top_color_hover:#2887aa;--button_gradient_bottom_color_hover:#2887aa;\" target=\"_self\" href=\"\/tr\/iletisim\"><span class=\"fusion-button-text awb-button__text awb-button__text--default\">B\u0130ZE ULA\u015eIN!<\/span><\/a><\/div><div class=\"fusion-clearfix\"><\/div><\/div><\/div><div class=\"fusion-layout-column fusion_builder_column fusion-builder-column-2 fusion_builder_column_1_2 1_2 fusion-one-half fusion-column-last\" style=\"--awb-bg-position:right top;--awb-bg-size:cover;width:48%;\"><div class=\"fusion-column-wrapper fusion-flex-column-wrapper-legacy\"><style type='text\/css'>\n\t\t\t\t.pricing-table-1.fusion-pricing-table .panel-container, .pricing-table-1.fusion-pricing-table .standout .panel-container,\n\t\t\t\t.pricing-table-1.full-boxed-pricing.fusion-pricing-table {background-color:#f8f8f8;}\n\t\t\t\t.pricing-table-1.fusion-pricing-table .list-group .list-group-item,\n\t\t\t\t.pricing-table-1.fusion-pricing-table .list-group .list-group-item:last-child{background-color:#ffffff; border-color:#ededed;}\n\t\t\t\t.pricing-table-1.full-boxed-pricing.fusion-pricing-table .panel-wrapper:hover .panel-heading,\n\t\t\t\t.pricing-table-1.fusion-pricing-table .panel-wrapper:hover .list-group-item {background-color:#f8f8f8;}\n\t\t\t\t.pricing-table-1.full-boxed-pricing.fusion-pricing-table .panel-heading{background-color:#ffffff;}\n\t\t\t\t.pricing-table-1.fusion-pricing-table .fusion-panel, .pricing-table-1 .panel-wrapper:last-child .fusion-panel,\n\t\t\t\t.pricing-table-1.fusion-pricing-table .standout .fusion-panel, .pricing-table-1.fusion-pricing-table  .panel-heading,\n\t\t\t\t.pricing-table-1.fusion-pricing-table .panel-body, .pricing-table-1.fusion-pricing-table .panel-footer{border-color:#ededed;}\n\t\t\t\t.pricing-table-1.fusion-pricing-table .panel-body, .pricing-table-1.fusion-pricing-table .panel-footer{background-color:#f8f8f8;}\n\t\t\t\t.pricing-table-1.sep-boxed-pricing.fusion-pricing-table .panel-heading h3{color:#333333;}\n\t\t\t\t.pricing-table-1.full-boxed-pricing.fusion-pricing-table .panel-heading h3{color:#7321a6;}\n\t\t\t\t.pricing-table-1.fusion-pricing-table .panel-body .price .decimal-part{color:#a0ce4e;}\n\t\t\t\t.pricing-table-1.fusion-pricing-table .panel-body .price .integer-part{color:#a0ce4e;}\n\t\t\t\t.pricing-table-1.fusion-pricing-table ul.list-group li{color:#111111;}\n\t\t\t\t<\/style><div class=\"fusion-pricing-table pricing-table-1 full-boxed-pricing row fusion-columns-1 columns-1 fusion-clearfix\">\n<div class=\"panel-wrapper fusion-column column col-lg-12 col-md-12 col-sm-12 fusion-pricingtable-column\"><div class=\"panel-container\"><div class=\"fusion-panel\"><div class=\"panel-heading\"><h3 class=\"title-row\">Annual Report Haz\u0131rlama &amp; Beyan Hizmeti<\/h3><\/div><div class=\"panel-body pricing-row\"><div class=\"price price-with-decimal\"><span class=\"currency\">$<\/span><span class=\"integer-part\">200<\/span><sup class=\"decimal-part\">00<\/sup><span class=\"time\">+eyalet har\u00e7lar\u0131<\/span><\/div><\/div><ul class=\"list-group\"><li class=\"list-group-item normal-row\">*Eyaletine ba\u011fl\u0131 olarak har\u00e7lar de\u011fi\u015fmektedir<\/li><\/ul><div class=\"panel-footer footer-row\"><\/div><\/div><\/div><\/div>\n<\/div><div class=\"fusion-clearfix\"><\/div><\/div><\/div><div class=\"fusion-layout-column fusion_builder_column fusion-builder-column-3 fusion_builder_column_1_1 1_1 fusion-one-full fusion-column-first fusion-column-last fusion-column-no-min-height\" style=\"--awb-bg-size:cover;--awb-margin-bottom:0px;\"><div class=\"fusion-column-wrapper fusion-flex-column-wrapper-legacy\"><div class=\"fusion-text fusion-text-2\"><p><strong>Annual Report Beyanlar\u0131n\u0131n \u00d6nemi<br \/>\n<\/strong><\/p>\n<p>Son beyan tarihi itibariyle annual report beyan\u0131n yap\u0131lmamas\u0131 i\u015finize ciddi\u00a0 zarar verebilir. Cezalara ek olarak, ge\u00e7 beyan veya annual report beyan\u0131nda bulunmamak:<\/p>\n<ul>\n<li>Eyaletteki g\u00fcncel durumunuzu kaybetmenize sebep olabilir.<\/li>\n<li>O eyalette i\u015f yapma hakk\u0131n\u0131z\u0131n iptal edilmesine ve \u015firketinizin fesh edilmesine sebep olabilir.<\/li>\n<\/ul>\n<p><strong>Nas\u0131l yard\u0131mc\u0131 olabilirz?<\/strong><\/p>\n<p>Sizinle birlikte hareket edip annual report beyan\u0131n\u0131z\u0131n hazrlanmas\u0131 ve g\u00f6nderilmesi konusunda hizmet verebiliriz.<\/p>\n<p>&nbsp;<\/p>\n<p>Daha fazla bilgi almak i\u00e7in bizimle<a href=\"\/tr\/iletisim\"><strong> ileti\u015fime ge\u00e7in<\/strong><\/a><\/p>\n<\/div><div class=\"fusion-clearfix\"><\/div><\/div><\/div><\/div><\/div>\n","protected":false},"excerpt":{"rendered":"","protected":false},"author":1,"featured_media":0,"parent":12547,"menu_order":0,"comment_status":"open","ping_status":"open","template":"","meta":{"_monsterinsights_skip_tracking":false,"_monsterinsights_sitenote_active":false,"_monsterinsights_sitenote_note":"","_monsterinsights_sitenote_category":0,"footnotes":""},"class_list":["post-12604","page","type-page","status-publish","hentry"],"yoast_head":"<!-- This site is optimized with the Yoast SEO plugin v27.2 - https:\/\/yoast.com\/product\/yoast-seo-wordpress\/ -->\n<title>Annual Report Beyani<\/title>\n<meta name=\"robots\" content=\"index, follow, max-snippet:-1, max-image-preview:large, max-video-preview:-1\" \/>\n<link rel=\"canonical\" href=\"https:\/\/www.taxbasket.com\/tr\/kurumsal\/annual-report-beyani\" \/>\n<meta property=\"og:locale\" content=\"en_US\" \/>\n<meta property=\"og:type\" content=\"article\" \/>\n<meta property=\"og:title\" content=\"Annual Report Beyani\" \/>\n<meta property=\"og:url\" content=\"https:\/\/www.taxbasket.com\/tr\/kurumsal\/annual-report-beyani\" \/>\n<meta property=\"og:site_name\" content=\"TaxBasket\" \/>\n<meta property=\"article:modified_time\" content=\"2019-01-08T19:53:37+00:00\" \/>\n<meta name=\"twitter:card\" content=\"summary_large_image\" \/>\n<meta name=\"twitter:label1\" content=\"Est. reading time\" \/>\n\t<meta name=\"twitter:data1\" content=\"3 minutes\" \/>\n<script type=\"application\/ld+json\" class=\"yoast-schema-graph\">{\"@context\":\"https:\/\/schema.org\",\"@graph\":[{\"@type\":\"WebPage\",\"@id\":\"https:\/\/www.taxbasket.com\/tr\/kurumsal\/annual-report-beyani\",\"url\":\"https:\/\/www.taxbasket.com\/tr\/kurumsal\/annual-report-beyani\",\"name\":\"Annual Report Beyani\",\"isPartOf\":{\"@id\":\"https:\/\/www.taxbasket.com\/#website\"},\"datePublished\":\"2015-05-03T21:01:40+00:00\",\"dateModified\":\"2019-01-08T19:53:37+00:00\",\"breadcrumb\":{\"@id\":\"https:\/\/www.taxbasket.com\/tr\/kurumsal\/annual-report-beyani#breadcrumb\"},\"inLanguage\":\"Avada-tr-TR\",\"potentialAction\":[{\"@type\":\"ReadAction\",\"target\":[\"https:\/\/www.taxbasket.com\/tr\/kurumsal\/annual-report-beyani\"]}]},{\"@type\":\"BreadcrumbList\",\"@id\":\"https:\/\/www.taxbasket.com\/tr\/kurumsal\/annual-report-beyani#breadcrumb\",\"itemListElement\":[{\"@type\":\"ListItem\",\"position\":1,\"name\":\"Home\",\"item\":\"https:\/\/www.taxbasket.com\/tr\"},{\"@type\":\"ListItem\",\"position\":2,\"name\":\"Kurumsal\",\"item\":\"https:\/\/www.taxbasket.com\/tr\/kurumsal\"},{\"@type\":\"ListItem\",\"position\":3,\"name\":\"Annual Report Beyani\"}]},{\"@type\":\"WebSite\",\"@id\":\"https:\/\/www.taxbasket.com\/#website\",\"url\":\"https:\/\/www.taxbasket.com\/\",\"name\":\"TaxBasket\",\"description\":\"Your Tax Office Online!\",\"publisher\":{\"@id\":\"https:\/\/www.taxbasket.com\/#organization\"},\"potentialAction\":[{\"@type\":\"SearchAction\",\"target\":{\"@type\":\"EntryPoint\",\"urlTemplate\":\"https:\/\/www.taxbasket.com\/?s={search_term_string}\"},\"query-input\":{\"@type\":\"PropertyValueSpecification\",\"valueRequired\":true,\"valueName\":\"search_term_string\"}}],\"inLanguage\":\"Avada-tr-TR\"},{\"@type\":\"Organization\",\"@id\":\"https:\/\/www.taxbasket.com\/#organization\",\"name\":\"TaxBasket\",\"url\":\"https:\/\/www.taxbasket.com\/\",\"logo\":{\"@type\":\"ImageObject\",\"inLanguage\":\"Avada-tr-TR\",\"@id\":\"https:\/\/www.taxbasket.com\/#\/schema\/logo\/image\/\",\"url\":\"https:\/\/www.taxbasket.com\/wp-content\/uploads\/2017\/11\/tb-logo-2x.png\",\"contentUrl\":\"https:\/\/www.taxbasket.com\/wp-content\/uploads\/2017\/11\/tb-logo-2x.png\",\"width\":380,\"height\":100,\"caption\":\"TaxBasket\"},\"image\":{\"@id\":\"https:\/\/www.taxbasket.com\/#\/schema\/logo\/image\/\"}}]}<\/script>\n<!-- \/ Yoast SEO plugin. -->","yoast_head_json":{"title":"Annual Report Beyani","robots":{"index":"index","follow":"follow","max-snippet":"max-snippet:-1","max-image-preview":"max-image-preview:large","max-video-preview":"max-video-preview:-1"},"canonical":"https:\/\/www.taxbasket.com\/tr\/kurumsal\/annual-report-beyani","og_locale":"en_US","og_type":"article","og_title":"Annual Report Beyani","og_url":"https:\/\/www.taxbasket.com\/tr\/kurumsal\/annual-report-beyani","og_site_name":"TaxBasket","article_modified_time":"2019-01-08T19:53:37+00:00","twitter_card":"summary_large_image","twitter_misc":{"Est. reading time":"3 minutes"},"schema":{"@context":"https:\/\/schema.org","@graph":[{"@type":"WebPage","@id":"https:\/\/www.taxbasket.com\/tr\/kurumsal\/annual-report-beyani","url":"https:\/\/www.taxbasket.com\/tr\/kurumsal\/annual-report-beyani","name":"Annual Report Beyani","isPartOf":{"@id":"https:\/\/www.taxbasket.com\/#website"},"datePublished":"2015-05-03T21:01:40+00:00","dateModified":"2019-01-08T19:53:37+00:00","breadcrumb":{"@id":"https:\/\/www.taxbasket.com\/tr\/kurumsal\/annual-report-beyani#breadcrumb"},"inLanguage":"Avada-tr-TR","potentialAction":[{"@type":"ReadAction","target":["https:\/\/www.taxbasket.com\/tr\/kurumsal\/annual-report-beyani"]}]},{"@type":"BreadcrumbList","@id":"https:\/\/www.taxbasket.com\/tr\/kurumsal\/annual-report-beyani#breadcrumb","itemListElement":[{"@type":"ListItem","position":1,"name":"Home","item":"https:\/\/www.taxbasket.com\/tr"},{"@type":"ListItem","position":2,"name":"Kurumsal","item":"https:\/\/www.taxbasket.com\/tr\/kurumsal"},{"@type":"ListItem","position":3,"name":"Annual Report Beyani"}]},{"@type":"WebSite","@id":"https:\/\/www.taxbasket.com\/#website","url":"https:\/\/www.taxbasket.com\/","name":"TaxBasket","description":"Your Tax Office Online!","publisher":{"@id":"https:\/\/www.taxbasket.com\/#organization"},"potentialAction":[{"@type":"SearchAction","target":{"@type":"EntryPoint","urlTemplate":"https:\/\/www.taxbasket.com\/?s={search_term_string}"},"query-input":{"@type":"PropertyValueSpecification","valueRequired":true,"valueName":"search_term_string"}}],"inLanguage":"Avada-tr-TR"},{"@type":"Organization","@id":"https:\/\/www.taxbasket.com\/#organization","name":"TaxBasket","url":"https:\/\/www.taxbasket.com\/","logo":{"@type":"ImageObject","inLanguage":"Avada-tr-TR","@id":"https:\/\/www.taxbasket.com\/#\/schema\/logo\/image\/","url":"https:\/\/www.taxbasket.com\/wp-content\/uploads\/2017\/11\/tb-logo-2x.png","contentUrl":"https:\/\/www.taxbasket.com\/wp-content\/uploads\/2017\/11\/tb-logo-2x.png","width":380,"height":100,"caption":"TaxBasket"},"image":{"@id":"https:\/\/www.taxbasket.com\/#\/schema\/logo\/image\/"}}]}},"_links":{"self":[{"href":"https:\/\/www.taxbasket.com\/tr\/wp-json\/wp\/v2\/pages\/12604","targetHints":{"allow":["GET"]}}],"collection":[{"href":"https:\/\/www.taxbasket.com\/tr\/wp-json\/wp\/v2\/pages"}],"about":[{"href":"https:\/\/www.taxbasket.com\/tr\/wp-json\/wp\/v2\/types\/page"}],"author":[{"embeddable":true,"href":"https:\/\/www.taxbasket.com\/tr\/wp-json\/wp\/v2\/users\/1"}],"replies":[{"embeddable":true,"href":"https:\/\/www.taxbasket.com\/tr\/wp-json\/wp\/v2\/comments?post=12604"}],"version-history":[{"count":3,"href":"https:\/\/www.taxbasket.com\/tr\/wp-json\/wp\/v2\/pages\/12604\/revisions"}],"predecessor-version":[{"id":13370,"href":"https:\/\/www.taxbasket.com\/tr\/wp-json\/wp\/v2\/pages\/12604\/revisions\/13370"}],"up":[{"embeddable":true,"href":"https:\/\/www.taxbasket.com\/tr\/wp-json\/wp\/v2\/pages\/12547"}],"wp:attachment":[{"href":"https:\/\/www.taxbasket.com\/tr\/wp-json\/wp\/v2\/media?parent=12604"}],"curies":[{"name":"wp","href":"https:\/\/api.w.org\/{rel}","templated":true}]}}