{"id":12617,"date":"2015-05-03T19:39:25","date_gmt":"2015-05-03T19:39:25","guid":{"rendered":"http:\/\/67.222.61.140\/kurumsal\/business-tax-preparation"},"modified":"2024-02-04T16:59:40","modified_gmt":"2024-02-04T21:59:40","slug":"kurumsal-vergi-beyani","status":"publish","type":"page","link":"https:\/\/www.taxbasket.com\/tr\/kurumsal\/kurumsal-vergi-beyani","title":{"rendered":"Kurumsal Vergi Beyan\u0131"},"content":{"rendered":"<div class=\"fusion-fullwidth fullwidth-box fusion-builder-row-1 hundred-percent-fullwidth non-hundred-percent-height-scrolling\" style=\"--awb-border-radius-top-left:0px;--awb-border-radius-top-right:0px;--awb-border-radius-bottom-right:0px;--awb-border-radius-bottom-left:0px;--awb-overflow:visible;--awb-flex-wrap:wrap;\" ><div class=\"fusion-builder-row fusion-row\"><div class=\"fusion-layout-column fusion_builder_column fusion-builder-column-0 fusion_builder_column_1_1 1_1 fusion-one-full fusion-column-first fusion-column-last fusion-column-no-min-height\" style=\"--awb-bg-size:cover;--awb-margin-bottom:0px;\"><div class=\"fusion-column-wrapper fusion-flex-column-wrapper-legacy\"><div class=\"fusion-title title fusion-title-1 fusion-sep-none fusion-title-text fusion-title-size-two\"><h2 class=\"fusion-title-heading title-heading-left\" style=\"margin:0;\"><strong>Kurumsal Gelir Vergisi Beyan Hizmeti<\/strong><\/h2><\/div><div class=\"fusion-clearfix\"><\/div><\/div><\/div><div class=\"fusion-layout-column fusion_builder_column fusion-builder-column-1 fusion_builder_column_1_2 1_2 fusion-one-half fusion-column-first\" style=\"--awb-bg-size:cover;width:48%; margin-right: 4%;\"><div class=\"fusion-column-wrapper fusion-flex-column-wrapper-legacy\"><div class=\"fusion-text fusion-text-1\"><p>ABD\u00a0Kurumsal Gelir Vergisi i\u00e7in beyanname haz\u0131rlama hizmetleri.\u00a0Anonim \u015eirket (Corporation), Ortakl\u0131k (Parnership), Limited \u015eirketler ( LLCs)<\/p>\n<ul>\n<li><strong>Yaz\u0131l\u0131m de\u011fil, biz haz\u0131rl\u0131yoruz<\/strong><\/li>\n<li><strong>\u00dclke \u00e7ap\u0131nda (50 eyalete) hizmet<\/strong><\/li>\n<li><strong>Kullan\u0131m\u0131 kolay ve t\u00fcrk\u00e7e online formlar<\/strong><\/li>\n<li><strong>\u00dccretsiz e-beyan<\/strong><\/li>\n<li><strong>Eyalet beyannameleri<\/strong><\/li>\n<\/ul>\n<\/div><div class=\"fusion-sep-clear\"><\/div><div class=\"fusion-separator fusion-full-width-sep\" style=\"margin-left: auto;margin-right: auto;margin-top:10px;width:100%;\"><\/div><div class=\"fusion-sep-clear\"><\/div><div class=\"fusion-aligncenter\"><a class=\"fusion-button button-flat button-xlarge button-default fusion-button-default button-1 fusion-button-default-span fusion-button-default-type\" style=\"--button-border-radius-top-left:2px;--button-border-radius-top-right:2px;--button-border-radius-bottom-right:2px;--button-border-radius-bottom-left:2px;\" target=\"_self\" href=\"\/tr\/formlar\"><span class=\"fusion-button-text awb-button__text awb-button__text--default\">\u015e\u0130MD\u0130 BA\u015eLA<\/span><\/a><\/div><div class=\"fusion-clearfix\"><\/div><\/div><\/div><div class=\"fusion-layout-column fusion_builder_column fusion-builder-column-2 fusion_builder_column_1_2 1_2 fusion-one-half fusion-column-last\" style=\"--awb-bg-position:right top;--awb-bg-size:cover;width:48%;\"><div class=\"fusion-column-wrapper fusion-flex-column-wrapper-legacy\"><style type='text\/css'>\n\t\t\t\t.pricing-table-1.fusion-pricing-table .panel-container, .pricing-table-1.fusion-pricing-table .standout .panel-container,\n\t\t\t\t.pricing-table-1.full-boxed-pricing.fusion-pricing-table {background-color:#f8f8f8;}\n\t\t\t\t.pricing-table-1.fusion-pricing-table .list-group .list-group-item,\n\t\t\t\t.pricing-table-1.fusion-pricing-table .list-group .list-group-item:last-child{background-color:#ffffff; border-color:#ededed;}\n\t\t\t\t.pricing-table-1.full-boxed-pricing.fusion-pricing-table .panel-wrapper:hover .panel-heading,\n\t\t\t\t.pricing-table-1.fusion-pricing-table .panel-wrapper:hover .list-group-item {background-color:#f8f8f8;}\n\t\t\t\t.pricing-table-1.full-boxed-pricing.fusion-pricing-table .panel-heading{background-color:#ffffff;}\n\t\t\t\t.pricing-table-1.fusion-pricing-table .fusion-panel, .pricing-table-1 .panel-wrapper:last-child .fusion-panel,\n\t\t\t\t.pricing-table-1.fusion-pricing-table .standout .fusion-panel, .pricing-table-1.fusion-pricing-table  .panel-heading,\n\t\t\t\t.pricing-table-1.fusion-pricing-table .panel-body, .pricing-table-1.fusion-pricing-table .panel-footer{border-color:#ededed;}\n\t\t\t\t.pricing-table-1.fusion-pricing-table .panel-body, .pricing-table-1.fusion-pricing-table .panel-footer{background-color:#f8f8f8;}\n\t\t\t\t.pricing-table-1.sep-boxed-pricing.fusion-pricing-table .panel-heading h3{color:#333333;}\n\t\t\t\t.pricing-table-1.full-boxed-pricing.fusion-pricing-table .panel-heading h3{color:#7321a6;}\n\t\t\t\t.pricing-table-1.fusion-pricing-table .panel-body .price .decimal-part{color:#a0ce4e;}\n\t\t\t\t.pricing-table-1.fusion-pricing-table .panel-body .price .integer-part{color:#a0ce4e;}\n\t\t\t\t.pricing-table-1.fusion-pricing-table ul.list-group li{color:#111111;}\n\t\t\t\t<\/style><div class=\"fusion-pricing-table pricing-table-1 full-boxed-pricing row fusion-columns-1 columns-1 fusion-clearfix\"><div class=\"panel-wrapper fusion-column column col-lg-12 col-md-12 col-sm-12 fusion-pricingtable-column\"><div class=\"panel-container\"><div class=\"fusion-panel\"><div class=\"panel-heading\"><h3 class=\"title-row\">Kurumsal Vergi Beyan Hizmeti<\/h3><\/div><div class=\"panel-body pricing-row\"><div class=\"price \"><span class=\"currency\">$<\/span><span class=\"integer-part\"> *<\/span><span class=\"time price-without-decimal\">+Fiyat icin iletisime gecin<\/span><\/div><\/div><ul class=\"list-group\"><li class=\"list-group-item normal-row\">*Ba\u015flang\u0131\u00e7 fiyat\u0131d\u0131r. \u015eirket tipine ve beyan\u0131n kar\u0131\u015f\u0131kl\u0131\u011f\u0131na ba\u011fl\u0131 olarak fiyat de\u011fi\u015fir.<\/li><\/ul><\/div><\/div><\/div><\/div><div class=\"fusion-clearfix\"><\/div><\/div><\/div><div class=\"fusion-layout-column fusion_builder_column fusion-builder-column-3 fusion_builder_column_1_1 1_1 fusion-one-full fusion-column-first fusion-column-last fusion-column-no-min-height\" style=\"--awb-bg-size:cover;--awb-margin-bottom:0px;\"><div class=\"fusion-column-wrapper fusion-flex-column-wrapper-legacy\"><div class=\"fusion-text fusion-text-2\"><p><strong>Vergi beyannamenizi haz\u0131rlatmak i\u00e7in yeni bir alternatif<\/strong><\/p>\n<p>E\u011fer vergi ofisine gitmek i\u00e7in zaman\u0131n\u0131z yoksa ya da vergi beyannamenizi online vergi programlar\u0131yla tek ba\u015f\u0131n\u0131za beyan etmek istemiyorsan\u0131z, do\u011fru yerdesiniz! Online vergi ofisinize ho\u015fgeldiniz. Yapman\u0131z gereken tek \u015fey vergi bilgilerinizi bize g\u00f6ndermek, gerisiyle ilgilenip , vergi formlar\u0131n\u0131z\u0131 biz haz\u0131rl\u0131yoruz.<\/p>\n<p><strong>Hizmet verilen \u015firket tipleri<\/strong><\/p>\n<ul>\n<li>Sole Proprietorship<\/li>\n<li>Partnership<\/li>\n<li>C\u00a0Corporation<\/li>\n<li>S\u00a0Corporation<\/li>\n<li>Limited Partnership (LP)<\/li>\n<li>Limited Liability Company\u00a0(LLC)<\/li>\n<\/ul>\n<p>&nbsp;<\/p>\n<p style=\"text-align: left;\">Detayl\u0131 bilgi i\u00e7in bizimle <strong><a href=\"\/tr\/iletisim\">irtibata ge\u00e7in<\/a><\/strong><\/p>\n<\/div><div class=\"fusion-clearfix\"><\/div><\/div><\/div><\/div><\/div>\n","protected":false},"excerpt":{"rendered":"","protected":false},"author":1,"featured_media":0,"parent":12547,"menu_order":0,"comment_status":"open","ping_status":"open","template":"","meta":{"_monsterinsights_skip_tracking":false,"_monsterinsights_sitenote_active":false,"_monsterinsights_sitenote_note":"","_monsterinsights_sitenote_category":0,"footnotes":""},"class_list":["post-12617","page","type-page","status-publish","hentry"],"yoast_head":"<!-- This site is optimized with the Yoast SEO plugin v27.2 - https:\/\/yoast.com\/product\/yoast-seo-wordpress\/ -->\n<title>Kurumsal Vergi Beyan\u0131<\/title>\n<meta name=\"robots\" content=\"index, follow, max-snippet:-1, max-image-preview:large, max-video-preview:-1\" \/>\n<link rel=\"canonical\" href=\"https:\/\/www.taxbasket.com\/tr\/kurumsal\/kurumsal-vergi-beyani\" \/>\n<meta property=\"og:locale\" content=\"en_US\" \/>\n<meta property=\"og:type\" content=\"article\" \/>\n<meta property=\"og:title\" content=\"Kurumsal Vergi Beyan\u0131\" \/>\n<meta property=\"og:url\" content=\"https:\/\/www.taxbasket.com\/tr\/kurumsal\/kurumsal-vergi-beyani\" \/>\n<meta property=\"og:site_name\" content=\"TaxBasket\" \/>\n<meta property=\"article:modified_time\" content=\"2024-02-04T21:59:40+00:00\" \/>\n<meta name=\"twitter:card\" content=\"summary_large_image\" \/>\n<meta name=\"twitter:label1\" content=\"Est. reading time\" \/>\n\t<meta name=\"twitter:data1\" content=\"1 minute\" \/>\n<script type=\"application\/ld+json\" class=\"yoast-schema-graph\">{\"@context\":\"https:\/\/schema.org\",\"@graph\":[{\"@type\":\"WebPage\",\"@id\":\"https:\/\/www.taxbasket.com\/tr\/kurumsal\/kurumsal-vergi-beyani\",\"url\":\"https:\/\/www.taxbasket.com\/tr\/kurumsal\/kurumsal-vergi-beyani\",\"name\":\"Kurumsal Vergi Beyan\u0131\",\"isPartOf\":{\"@id\":\"https:\/\/www.taxbasket.com\/#website\"},\"datePublished\":\"2015-05-03T19:39:25+00:00\",\"dateModified\":\"2024-02-04T21:59:40+00:00\",\"breadcrumb\":{\"@id\":\"https:\/\/www.taxbasket.com\/tr\/kurumsal\/kurumsal-vergi-beyani#breadcrumb\"},\"inLanguage\":\"Avada-tr-TR\",\"potentialAction\":[{\"@type\":\"ReadAction\",\"target\":[\"https:\/\/www.taxbasket.com\/tr\/kurumsal\/kurumsal-vergi-beyani\"]}]},{\"@type\":\"BreadcrumbList\",\"@id\":\"https:\/\/www.taxbasket.com\/tr\/kurumsal\/kurumsal-vergi-beyani#breadcrumb\",\"itemListElement\":[{\"@type\":\"ListItem\",\"position\":1,\"name\":\"Home\",\"item\":\"https:\/\/www.taxbasket.com\/tr\"},{\"@type\":\"ListItem\",\"position\":2,\"name\":\"Kurumsal\",\"item\":\"https:\/\/www.taxbasket.com\/tr\/kurumsal\"},{\"@type\":\"ListItem\",\"position\":3,\"name\":\"Kurumsal Vergi Beyan\u0131\"}]},{\"@type\":\"WebSite\",\"@id\":\"https:\/\/www.taxbasket.com\/#website\",\"url\":\"https:\/\/www.taxbasket.com\/\",\"name\":\"TaxBasket\",\"description\":\"Your Tax Office Online!\",\"publisher\":{\"@id\":\"https:\/\/www.taxbasket.com\/#organization\"},\"potentialAction\":[{\"@type\":\"SearchAction\",\"target\":{\"@type\":\"EntryPoint\",\"urlTemplate\":\"https:\/\/www.taxbasket.com\/?s={search_term_string}\"},\"query-input\":{\"@type\":\"PropertyValueSpecification\",\"valueRequired\":true,\"valueName\":\"search_term_string\"}}],\"inLanguage\":\"Avada-tr-TR\"},{\"@type\":\"Organization\",\"@id\":\"https:\/\/www.taxbasket.com\/#organization\",\"name\":\"TaxBasket\",\"url\":\"https:\/\/www.taxbasket.com\/\",\"logo\":{\"@type\":\"ImageObject\",\"inLanguage\":\"Avada-tr-TR\",\"@id\":\"https:\/\/www.taxbasket.com\/#\/schema\/logo\/image\/\",\"url\":\"https:\/\/www.taxbasket.com\/wp-content\/uploads\/2017\/11\/tb-logo-2x.png\",\"contentUrl\":\"https:\/\/www.taxbasket.com\/wp-content\/uploads\/2017\/11\/tb-logo-2x.png\",\"width\":380,\"height\":100,\"caption\":\"TaxBasket\"},\"image\":{\"@id\":\"https:\/\/www.taxbasket.com\/#\/schema\/logo\/image\/\"}}]}<\/script>\n<!-- \/ Yoast SEO plugin. -->","yoast_head_json":{"title":"Kurumsal Vergi Beyan\u0131","robots":{"index":"index","follow":"follow","max-snippet":"max-snippet:-1","max-image-preview":"max-image-preview:large","max-video-preview":"max-video-preview:-1"},"canonical":"https:\/\/www.taxbasket.com\/tr\/kurumsal\/kurumsal-vergi-beyani","og_locale":"en_US","og_type":"article","og_title":"Kurumsal Vergi Beyan\u0131","og_url":"https:\/\/www.taxbasket.com\/tr\/kurumsal\/kurumsal-vergi-beyani","og_site_name":"TaxBasket","article_modified_time":"2024-02-04T21:59:40+00:00","twitter_card":"summary_large_image","twitter_misc":{"Est. reading time":"1 minute"},"schema":{"@context":"https:\/\/schema.org","@graph":[{"@type":"WebPage","@id":"https:\/\/www.taxbasket.com\/tr\/kurumsal\/kurumsal-vergi-beyani","url":"https:\/\/www.taxbasket.com\/tr\/kurumsal\/kurumsal-vergi-beyani","name":"Kurumsal Vergi Beyan\u0131","isPartOf":{"@id":"https:\/\/www.taxbasket.com\/#website"},"datePublished":"2015-05-03T19:39:25+00:00","dateModified":"2024-02-04T21:59:40+00:00","breadcrumb":{"@id":"https:\/\/www.taxbasket.com\/tr\/kurumsal\/kurumsal-vergi-beyani#breadcrumb"},"inLanguage":"Avada-tr-TR","potentialAction":[{"@type":"ReadAction","target":["https:\/\/www.taxbasket.com\/tr\/kurumsal\/kurumsal-vergi-beyani"]}]},{"@type":"BreadcrumbList","@id":"https:\/\/www.taxbasket.com\/tr\/kurumsal\/kurumsal-vergi-beyani#breadcrumb","itemListElement":[{"@type":"ListItem","position":1,"name":"Home","item":"https:\/\/www.taxbasket.com\/tr"},{"@type":"ListItem","position":2,"name":"Kurumsal","item":"https:\/\/www.taxbasket.com\/tr\/kurumsal"},{"@type":"ListItem","position":3,"name":"Kurumsal Vergi Beyan\u0131"}]},{"@type":"WebSite","@id":"https:\/\/www.taxbasket.com\/#website","url":"https:\/\/www.taxbasket.com\/","name":"TaxBasket","description":"Your Tax Office Online!","publisher":{"@id":"https:\/\/www.taxbasket.com\/#organization"},"potentialAction":[{"@type":"SearchAction","target":{"@type":"EntryPoint","urlTemplate":"https:\/\/www.taxbasket.com\/?s={search_term_string}"},"query-input":{"@type":"PropertyValueSpecification","valueRequired":true,"valueName":"search_term_string"}}],"inLanguage":"Avada-tr-TR"},{"@type":"Organization","@id":"https:\/\/www.taxbasket.com\/#organization","name":"TaxBasket","url":"https:\/\/www.taxbasket.com\/","logo":{"@type":"ImageObject","inLanguage":"Avada-tr-TR","@id":"https:\/\/www.taxbasket.com\/#\/schema\/logo\/image\/","url":"https:\/\/www.taxbasket.com\/wp-content\/uploads\/2017\/11\/tb-logo-2x.png","contentUrl":"https:\/\/www.taxbasket.com\/wp-content\/uploads\/2017\/11\/tb-logo-2x.png","width":380,"height":100,"caption":"TaxBasket"},"image":{"@id":"https:\/\/www.taxbasket.com\/#\/schema\/logo\/image\/"}}]}},"_links":{"self":[{"href":"https:\/\/www.taxbasket.com\/tr\/wp-json\/wp\/v2\/pages\/12617","targetHints":{"allow":["GET"]}}],"collection":[{"href":"https:\/\/www.taxbasket.com\/tr\/wp-json\/wp\/v2\/pages"}],"about":[{"href":"https:\/\/www.taxbasket.com\/tr\/wp-json\/wp\/v2\/types\/page"}],"author":[{"embeddable":true,"href":"https:\/\/www.taxbasket.com\/tr\/wp-json\/wp\/v2\/users\/1"}],"replies":[{"embeddable":true,"href":"https:\/\/www.taxbasket.com\/tr\/wp-json\/wp\/v2\/comments?post=12617"}],"version-history":[{"count":5,"href":"https:\/\/www.taxbasket.com\/tr\/wp-json\/wp\/v2\/pages\/12617\/revisions"}],"predecessor-version":[{"id":21847,"href":"https:\/\/www.taxbasket.com\/tr\/wp-json\/wp\/v2\/pages\/12617\/revisions\/21847"}],"up":[{"embeddable":true,"href":"https:\/\/www.taxbasket.com\/tr\/wp-json\/wp\/v2\/pages\/12547"}],"wp:attachment":[{"href":"https:\/\/www.taxbasket.com\/tr\/wp-json\/wp\/v2\/media?parent=12617"}],"curies":[{"name":"wp","href":"https:\/\/api.w.org\/{rel}","templated":true}]}}