{"id":13326,"date":"2016-11-20T20:33:47","date_gmt":"2016-11-21T01:33:47","guid":{"rendered":"https:\/\/www.taxbasket.com\/tr\/?page_id=13326"},"modified":"2025-03-04T15:42:37","modified_gmt":"2025-03-04T20:42:37","slug":"kurumsal-fiyatlar","status":"publish","type":"page","link":"https:\/\/www.taxbasket.com\/tr\/kurumsal-fiyatlar","title":{"rendered":"Kurumsal Fiyatlar"},"content":{"rendered":"<p><div class=\"fusion-fullwidth fullwidth-box fusion-builder-row-1 nonhundred-percent-fullwidth non-hundred-percent-height-scrolling\" style=\"--awb-border-radius-top-left:0px;--awb-border-radius-top-right:0px;--awb-border-radius-bottom-right:0px;--awb-border-radius-bottom-left:0px;--awb-padding-top:20px;--awb-padding-bottom:20px;--awb-flex-wrap:wrap;\" ><div class=\"fusion-builder-row fusion-row\"><div class=\"fusion-layout-column fusion_builder_column fusion-builder-column-0 fusion_builder_column_1_4 1_4 fusion-one-fourth fusion-column-first\" style=\"--awb-bg-size:cover;width:25%;width:calc(25% - ( ( 4% + %0 + %0 ) * 0.25 ) );margin-right: 4%;\"><div class=\"fusion-column-wrapper fusion-flex-column-wrapper-legacy\"><div class=\"fusion-clearfix\"><\/div><\/div><\/div><div class=\"fusion-layout-column fusion_builder_column fusion-builder-column-1 fusion_builder_column_1_4 1_4 fusion-one-fourth\" style=\"--awb-bg-size:cover;--awb-border-color:#2887aa;--awb-border-top:0;--awb-border-right:0;--awb-border-bottom:0;--awb-border-left:0;--awb-border-style:solid;width:25%;width:calc(25% - ( ( 4% + %0 + %0 ) * 0.25 ) );margin-right: %0;\"><div class=\"fusion-column-wrapper fusion-flex-column-wrapper-legacy\"><div class=\"fusion-align-block\"><a class=\"fusion-button button-flat button-large button-custom fusion-button-default button-1 fusion-button-span-yes fusion-button-default-type fusion-has-button-gradient\" style=\"--button_accent_color:#2887aa;--button_border_color:#2887aa;--button_accent_hover_color:#ffffff;--button_border_hover_color:#18c485;--button_border_width-top:1px;--button_border_width-right:1px;--button_border_width-bottom:1px;--button_border_width-left:1px;--button_gradient_top_color:rgba(0,170,85,0);--button_gradient_bottom_color:rgba(242,242,242,0);--button_gradient_top_color_hover:#2887aa;--button_gradient_bottom_color_hover:#2887aa;\" target=\"_self\" href=\"\/tr\/fiyatlar\"><span class=\"fusion-button-text awb-button__text awb-button__text--default\">B\u0130REYSEL F\u0130YATLAR<\/span><\/a><\/div><div class=\"fusion-clearfix\"><\/div><\/div><\/div><div class=\"fusion-layout-column fusion_builder_column fusion-builder-column-2 fusion_builder_column_1_4 1_4 fusion-one-fourth\" style=\"--awb-bg-size:cover;--awb-border-color:#009ddc;--awb-border-top:0;--awb-border-right:0;--awb-border-bottom:0;--awb-border-left:0;--awb-border-style:solid;width:25%;width:calc(25% - ( ( 4% + %0 + %0 ) * 0.25 ) );margin-right: %0;\"><div class=\"fusion-column-wrapper fusion-flex-column-wrapper-legacy\"><div class=\"fusion-align-block\"><a class=\"fusion-button button-flat button-large button-custom fusion-button-default button-2 fusion-button-span-yes fusion-button-default-type\" style=\"--button_accent_color:#ffffff;--button_accent_hover_color:#ffffff;--button_border_hover_color:#18c485;--button_border_width-top:1px;--button_border_width-right:1px;--button_border_width-bottom:1px;--button_border_width-left:1px;--button_gradient_top_color:#2d96bd;--button_gradient_bottom_color:#2d96bd;--button_gradient_top_color_hover:#2887aa;--button_gradient_bottom_color_hover:#2887aa;\" target=\"_self\" href=\"\/kurumsal-fiyatlar\"><span class=\"fusion-button-text awb-button__text awb-button__text--default\">KURUMSAL F\u0130YATLAR<\/span><\/a><\/div><div class=\"fusion-clearfix\"><\/div><\/div><\/div><div class=\"fusion-layout-column fusion_builder_column fusion-builder-column-3 fusion_builder_column_1_4 1_4 fusion-one-fourth fusion-column-last\" style=\"--awb-bg-size:cover;width:25%;width:calc(25% - ( ( 4% + %0 + %0 ) * 0.25 ) );\"><div class=\"fusion-column-wrapper fusion-flex-column-wrapper-legacy\"><div class=\"fusion-clearfix\"><\/div><\/div><\/div><\/div><\/div><div class=\"fusion-fullwidth fullwidth-box fusion-builder-row-2 nonhundred-percent-fullwidth non-hundred-percent-height-scrolling\" style=\"--awb-border-radius-top-left:0px;--awb-border-radius-top-right:0px;--awb-border-radius-bottom-right:0px;--awb-border-radius-bottom-left:0px;--awb-padding-top:20px;--awb-padding-bottom:0px;--awb-background-color:#ffffff;--awb-flex-wrap:wrap;\" ><div class=\"fusion-builder-row fusion-row\"><div class=\"fusion-layout-column fusion_builder_column fusion-builder-column-4 fusion_builder_column_1_1 1_1 fusion-one-full fusion-column-first fusion-column-last\" style=\"--awb-padding-top:20px;--awb-padding-left:20px;--awb-bg-color:rgba(3,169,244,0.23);--awb-bg-color-hover:rgba(3,169,244,0.23);--awb-bg-size:cover;\"><div class=\"fusion-column-wrapper fusion-flex-column-wrapper-legacy\"><div class=\"fusion-text fusion-text-1\"><p><span style=\"font-size: 16px;\"><strong>Kurumsal Vergi Beyan\u0131<\/strong><\/span><\/p>\n<\/div><div class=\"fusion-clearfix\"><\/div><\/div><\/div><div class=\"fusion-layout-column fusion_builder_column fusion-builder-column-5 fusion_builder_column_1_1 1_1 fusion-one-full fusion-column-first fusion-column-last\" style=\"--awb-bg-size:cover;\"><div class=\"fusion-column-wrapper fusion-flex-column-wrapper-legacy\">\n<div class=\"table-2\">\n<table width=\"100%\">\n<tbody>\n<tr>\n<td align=\"left\"><strong>Serbest \u00c7al\u0131\u015fan\/ Tek Ortakl\u0131 LLC<\/strong><\/td>\n<td align=\"left\">$400&#8217;den ba\u015flayan<\/td>\n<\/tr>\n<tr>\n<td align=\"left\"><strong>Partnership \/ C Corp \/ S Corp<\/strong><\/td>\n<td align=\"left\">$1,135 &#8216;den ba\u015flayan<\/td>\n<\/tr>\n<\/tbody>\n<\/table>\n<\/div>\n<div class=\"fusion-clearfix\"><\/div><\/div><\/div><\/div><\/div><div class=\"fusion-fullwidth fullwidth-box fusion-builder-row-3 nonhundred-percent-fullwidth non-hundred-percent-height-scrolling\" style=\"--awb-border-radius-top-left:0px;--awb-border-radius-top-right:0px;--awb-border-radius-bottom-right:0px;--awb-border-radius-bottom-left:0px;--awb-padding-top:20px;--awb-padding-bottom:0px;--awb-background-color:#ffffff;--awb-flex-wrap:wrap;\" ><div class=\"fusion-builder-row fusion-row\"><div class=\"fusion-layout-column fusion_builder_column fusion-builder-column-6 fusion_builder_column_1_1 1_1 fusion-one-full fusion-column-first fusion-column-last\" style=\"--awb-padding-top:20px;--awb-padding-left:20px;--awb-bg-color:rgba(3,169,244,0.23);--awb-bg-color-hover:rgba(3,169,244,0.23);--awb-bg-size:cover;\"><div class=\"fusion-column-wrapper fusion-flex-column-wrapper-legacy\"><div class=\"fusion-text fusion-text-2\"><p><span style=\"font-size: 16px;\"><strong>Kurumsal Hizmetler<\/strong><\/span><\/p>\n<\/div><div class=\"fusion-clearfix\"><\/div><\/div><\/div><div class=\"fusion-layout-column fusion_builder_column fusion-builder-column-7 fusion_builder_column_1_1 1_1 fusion-one-full fusion-column-first fusion-column-last\" style=\"--awb-bg-size:cover;\"><div class=\"fusion-column-wrapper fusion-flex-column-wrapper-legacy\">\n<div class=\"table-2\">\n<table width=\"100%\">\n<tbody>\n<tr>\n<td align=\"left\"><strong>\u015eirket kurulu\u015fu<\/strong><\/td>\n<td align=\"left\">$500 + eyalet har\u00e7lar\u0131 ba\u015flayan fiyatlar<\/td>\n<\/tr>\n<tr>\n<td align=\"left\"><strong>Registered Agent\u00a0Hizmeti<\/strong><\/td>\n<td align=\"left\">$150 \/\u00a0y\u0131ll\u0131k<\/td>\n<\/tr>\n<tr>\n<td align=\"left\"><strong>Federal Tax ID (EIN) Temini<\/strong><\/td>\n<td align=\"left\">$150<\/td>\n<\/tr>\n<tr>\n<td align=\"left\"><strong>Annual Report\u00a0Beyan\u0131<\/strong><\/td>\n<td align=\"left\">$200 + eyalet\u00a0har\u00e7lar\u0131<\/td>\n<\/tr>\n<\/tbody>\n<\/table>\n<\/div>\n<div class=\"fusion-clearfix\"><\/div><\/div><\/div><\/div><\/div><div class=\"fusion-fullwidth fullwidth-box fusion-builder-row-4 nonhundred-percent-fullwidth non-hundred-percent-height-scrolling\" style=\"--awb-border-radius-top-left:0px;--awb-border-radius-top-right:0px;--awb-border-radius-bottom-right:0px;--awb-border-radius-bottom-left:0px;--awb-padding-top:20px;--awb-padding-bottom:0px;--awb-background-color:#ffffff;--awb-flex-wrap:wrap;\" ><div class=\"fusion-builder-row fusion-row\"><div class=\"fusion-layout-column fusion_builder_column fusion-builder-column-8 fusion_builder_column_1_1 1_1 fusion-one-full fusion-column-first fusion-column-last\" style=\"--awb-padding-top:20px;--awb-padding-left:20px;--awb-bg-color:rgba(3,169,244,0.23);--awb-bg-color-hover:rgba(3,169,244,0.23);--awb-bg-size:cover;\"><div class=\"fusion-column-wrapper fusion-flex-column-wrapper-legacy\"><div class=\"fusion-text fusion-text-3\"><p><span style=\"font-size: 16px;\"><strong>Payroll (Maa\u015f Bordrosu)<\/strong><\/span><\/p>\n<\/div><div class=\"fusion-clearfix\"><\/div><\/div><\/div><div class=\"fusion-layout-column fusion_builder_column fusion-builder-column-9 fusion_builder_column_1_1 1_1 fusion-one-full fusion-column-first fusion-column-last fusion-column-no-min-height\" style=\"--awb-bg-size:cover;--awb-margin-bottom:0px;\"><div class=\"fusion-column-wrapper fusion-flex-column-wrapper-legacy\">\n<div class=\"table-2\">\n<table width=\"100%\">\n<tbody>\n<tr>\n<td align=\"left\"><strong>Online Payroll\u00a0Hizmeti<\/strong><\/td>\n<td align=\"left\">fiyat i\u00e7in aray\u0131n<\/td>\n<\/tr>\n<\/tbody>\n<\/table>\n<\/div>\n<div class=\"fusion-sep-clear\"><\/div><div class=\"fusion-separator fusion-full-width-sep\" style=\"margin-left: auto;margin-right: auto;margin-top:30px;width:100%;\"><\/div><div class=\"fusion-sep-clear\"><\/div><div class=\"fusion-text fusion-text-4\"><p>*Kurumsal fiyatlar ihtiyac\u0131n\u0131za ba\u011fl\u0131 olarak de\u011fi\u015fiklik g\u00f6sterebilir. Yukar\u0131daki fiyatlar referans ama\u00e7l\u0131d\u0131r. Detayl\u0131 bilgi i\u00e7in l\u00fctfen bizimle ileti\u015fime ge\u00e7in.<\/p>\n<\/div><div class=\"fusion-clearfix\"><\/div><\/div><\/div><\/div><\/div><div class=\"fusion-fullwidth fullwidth-box fusion-builder-row-5 nonhundred-percent-fullwidth non-hundred-percent-height-scrolling\" style=\"--awb-background-position:left top;--awb-border-sizes-top:0px;--awb-border-sizes-bottom:0px;--awb-border-sizes-left:0px;--awb-border-sizes-right:0px;--awb-border-color:#c6c6c6;--awb-border-radius-top-left:0px;--awb-border-radius-top-right:0px;--awb-border-radius-bottom-right:0px;--awb-border-radius-bottom-left:0px;--awb-padding-top:45px;--awb-padding-bottom:45px;--awb-margin-top:45px;--awb-margin-bottom:0px;--awb-background-color:#009ddc;--awb-flex-wrap:wrap;\" ><div class=\"fusion-builder-row fusion-row\"><div class=\"fusion-layout-column fusion_builder_column fusion-builder-column-10 fusion_builder_column_1_1 1_1 fusion-one-full fusion-column-first fusion-column-last fusion-column-no-min-height\" style=\"--awb-bg-size:cover;--awb-margin-bottom:0px;\"><div class=\"fusion-column-wrapper fusion-flex-column-wrapper-legacy\"><div class=\"fusion-text fusion-text-5\"><h1 style=\"text-align: center; font-size: 30px !important; color: #ffffff;\">\u00dccretsiz ba\u015flay\u0131n. Kredi kart\u0131 gerekli de\u011fildir.<\/h1>\n<\/div><div class=\"fusion-aligncenter\"><a class=\"fusion-button button-flat button-xlarge button-default fusion-button-default button-3 fusion-button-default-span \" target=\"_self\" href=\"\/forms\"><span class=\"fusion-button-text awb-button__text awb-button__text--default\">\u00dcCRETS\u0130Z BA\u015eLA<\/span><\/a><\/div><div class=\"fusion-clearfix\"><\/div><\/div><\/div><\/div><\/div><\/p>\n","protected":false},"excerpt":{"rendered":"","protected":false},"author":1,"featured_media":0,"parent":0,"menu_order":0,"comment_status":"closed","ping_status":"closed","template":"100-width.php","meta":{"_monsterinsights_skip_tracking":false,"_monsterinsights_sitenote_active":false,"_monsterinsights_sitenote_note":"","_monsterinsights_sitenote_category":0,"footnotes":""},"class_list":["post-13326","page","type-page","status-publish","hentry"],"yoast_head":"<!-- This site is optimized with the Yoast SEO plugin v27.2 - https:\/\/yoast.com\/product\/yoast-seo-wordpress\/ -->\n<title>Kurumsal Fiyatlar<\/title>\n<meta name=\"robots\" content=\"index, follow, max-snippet:-1, max-image-preview:large, max-video-preview:-1\" \/>\n<link rel=\"canonical\" href=\"https:\/\/www.taxbasket.com\/tr\/kurumsal-fiyatlar\" \/>\n<meta property=\"og:locale\" content=\"en_US\" \/>\n<meta property=\"og:type\" content=\"article\" \/>\n<meta property=\"og:title\" content=\"Kurumsal Fiyatlar\" \/>\n<meta property=\"og:url\" content=\"https:\/\/www.taxbasket.com\/tr\/kurumsal-fiyatlar\" \/>\n<meta property=\"og:site_name\" content=\"TaxBasket\" \/>\n<meta property=\"article:modified_time\" content=\"2025-03-04T20:42:37+00:00\" \/>\n<meta name=\"twitter:card\" content=\"summary_large_image\" \/>\n<meta name=\"twitter:label1\" content=\"Est. reading time\" \/>\n\t<meta name=\"twitter:data1\" content=\"1 minute\" \/>\n<script type=\"application\/ld+json\" class=\"yoast-schema-graph\">{\"@context\":\"https:\/\/schema.org\",\"@graph\":[{\"@type\":\"WebPage\",\"@id\":\"https:\/\/www.taxbasket.com\/tr\/kurumsal-fiyatlar\",\"url\":\"https:\/\/www.taxbasket.com\/tr\/kurumsal-fiyatlar\",\"name\":\"Kurumsal Fiyatlar\",\"isPartOf\":{\"@id\":\"https:\/\/www.taxbasket.com\/#website\"},\"datePublished\":\"2016-11-21T01:33:47+00:00\",\"dateModified\":\"2025-03-04T20:42:37+00:00\",\"breadcrumb\":{\"@id\":\"https:\/\/www.taxbasket.com\/tr\/kurumsal-fiyatlar#breadcrumb\"},\"inLanguage\":\"Avada-tr-TR\",\"potentialAction\":[{\"@type\":\"ReadAction\",\"target\":[\"https:\/\/www.taxbasket.com\/tr\/kurumsal-fiyatlar\"]}]},{\"@type\":\"BreadcrumbList\",\"@id\":\"https:\/\/www.taxbasket.com\/tr\/kurumsal-fiyatlar#breadcrumb\",\"itemListElement\":[{\"@type\":\"ListItem\",\"position\":1,\"name\":\"Home\",\"item\":\"https:\/\/www.taxbasket.com\/tr\"},{\"@type\":\"ListItem\",\"position\":2,\"name\":\"Kurumsal Fiyatlar\"}]},{\"@type\":\"WebSite\",\"@id\":\"https:\/\/www.taxbasket.com\/#website\",\"url\":\"https:\/\/www.taxbasket.com\/\",\"name\":\"TaxBasket\",\"description\":\"Your Tax Office Online!\",\"publisher\":{\"@id\":\"https:\/\/www.taxbasket.com\/#organization\"},\"potentialAction\":[{\"@type\":\"SearchAction\",\"target\":{\"@type\":\"EntryPoint\",\"urlTemplate\":\"https:\/\/www.taxbasket.com\/?s={search_term_string}\"},\"query-input\":{\"@type\":\"PropertyValueSpecification\",\"valueRequired\":true,\"valueName\":\"search_term_string\"}}],\"inLanguage\":\"Avada-tr-TR\"},{\"@type\":\"Organization\",\"@id\":\"https:\/\/www.taxbasket.com\/#organization\",\"name\":\"TaxBasket\",\"url\":\"https:\/\/www.taxbasket.com\/\",\"logo\":{\"@type\":\"ImageObject\",\"inLanguage\":\"Avada-tr-TR\",\"@id\":\"https:\/\/www.taxbasket.com\/#\/schema\/logo\/image\/\",\"url\":\"https:\/\/www.taxbasket.com\/wp-content\/uploads\/2017\/11\/tb-logo-2x.png\",\"contentUrl\":\"https:\/\/www.taxbasket.com\/wp-content\/uploads\/2017\/11\/tb-logo-2x.png\",\"width\":380,\"height\":100,\"caption\":\"TaxBasket\"},\"image\":{\"@id\":\"https:\/\/www.taxbasket.com\/#\/schema\/logo\/image\/\"}}]}<\/script>\n<!-- \/ Yoast SEO plugin. -->","yoast_head_json":{"title":"Kurumsal Fiyatlar","robots":{"index":"index","follow":"follow","max-snippet":"max-snippet:-1","max-image-preview":"max-image-preview:large","max-video-preview":"max-video-preview:-1"},"canonical":"https:\/\/www.taxbasket.com\/tr\/kurumsal-fiyatlar","og_locale":"en_US","og_type":"article","og_title":"Kurumsal Fiyatlar","og_url":"https:\/\/www.taxbasket.com\/tr\/kurumsal-fiyatlar","og_site_name":"TaxBasket","article_modified_time":"2025-03-04T20:42:37+00:00","twitter_card":"summary_large_image","twitter_misc":{"Est. reading time":"1 minute"},"schema":{"@context":"https:\/\/schema.org","@graph":[{"@type":"WebPage","@id":"https:\/\/www.taxbasket.com\/tr\/kurumsal-fiyatlar","url":"https:\/\/www.taxbasket.com\/tr\/kurumsal-fiyatlar","name":"Kurumsal Fiyatlar","isPartOf":{"@id":"https:\/\/www.taxbasket.com\/#website"},"datePublished":"2016-11-21T01:33:47+00:00","dateModified":"2025-03-04T20:42:37+00:00","breadcrumb":{"@id":"https:\/\/www.taxbasket.com\/tr\/kurumsal-fiyatlar#breadcrumb"},"inLanguage":"Avada-tr-TR","potentialAction":[{"@type":"ReadAction","target":["https:\/\/www.taxbasket.com\/tr\/kurumsal-fiyatlar"]}]},{"@type":"BreadcrumbList","@id":"https:\/\/www.taxbasket.com\/tr\/kurumsal-fiyatlar#breadcrumb","itemListElement":[{"@type":"ListItem","position":1,"name":"Home","item":"https:\/\/www.taxbasket.com\/tr"},{"@type":"ListItem","position":2,"name":"Kurumsal Fiyatlar"}]},{"@type":"WebSite","@id":"https:\/\/www.taxbasket.com\/#website","url":"https:\/\/www.taxbasket.com\/","name":"TaxBasket","description":"Your Tax Office Online!","publisher":{"@id":"https:\/\/www.taxbasket.com\/#organization"},"potentialAction":[{"@type":"SearchAction","target":{"@type":"EntryPoint","urlTemplate":"https:\/\/www.taxbasket.com\/?s={search_term_string}"},"query-input":{"@type":"PropertyValueSpecification","valueRequired":true,"valueName":"search_term_string"}}],"inLanguage":"Avada-tr-TR"},{"@type":"Organization","@id":"https:\/\/www.taxbasket.com\/#organization","name":"TaxBasket","url":"https:\/\/www.taxbasket.com\/","logo":{"@type":"ImageObject","inLanguage":"Avada-tr-TR","@id":"https:\/\/www.taxbasket.com\/#\/schema\/logo\/image\/","url":"https:\/\/www.taxbasket.com\/wp-content\/uploads\/2017\/11\/tb-logo-2x.png","contentUrl":"https:\/\/www.taxbasket.com\/wp-content\/uploads\/2017\/11\/tb-logo-2x.png","width":380,"height":100,"caption":"TaxBasket"},"image":{"@id":"https:\/\/www.taxbasket.com\/#\/schema\/logo\/image\/"}}]}},"_links":{"self":[{"href":"https:\/\/www.taxbasket.com\/tr\/wp-json\/wp\/v2\/pages\/13326","targetHints":{"allow":["GET"]}}],"collection":[{"href":"https:\/\/www.taxbasket.com\/tr\/wp-json\/wp\/v2\/pages"}],"about":[{"href":"https:\/\/www.taxbasket.com\/tr\/wp-json\/wp\/v2\/types\/page"}],"author":[{"embeddable":true,"href":"https:\/\/www.taxbasket.com\/tr\/wp-json\/wp\/v2\/users\/1"}],"replies":[{"embeddable":true,"href":"https:\/\/www.taxbasket.com\/tr\/wp-json\/wp\/v2\/comments?post=13326"}],"version-history":[{"count":4,"href":"https:\/\/www.taxbasket.com\/tr\/wp-json\/wp\/v2\/pages\/13326\/revisions"}],"predecessor-version":[{"id":23389,"href":"https:\/\/www.taxbasket.com\/tr\/wp-json\/wp\/v2\/pages\/13326\/revisions\/23389"}],"wp:attachment":[{"href":"https:\/\/www.taxbasket.com\/tr\/wp-json\/wp\/v2\/media?parent=13326"}],"curies":[{"name":"wp","href":"https:\/\/api.w.org\/{rel}","templated":true}]}}